{"id":8524,"date":"2026-03-25T14:38:35","date_gmt":"2026-03-25T14:38:35","guid":{"rendered":"https:\/\/vitanet.al\/product\/scholl-fresh-step-2\/"},"modified":"2026-03-25T14:39:49","modified_gmt":"2026-03-25T14:39:49","slug":"scholl-fresh-step-2","status":"publish","type":"product","link":"https:\/\/vitanet.al\/sq\/product\/scholl-fresh-step-2\/","title":{"rendered":"SCHOLL FRESH STEP"},"content":{"rendered":"<p>SCHOLL EXPERTCARE SPRAY P\u00cbR K\u00cbPUC\u00cbT. Mbrojtje kund\u00ebr aromave. Formul\u00eb me efekt t\u00eb dyfisht\u00eb q\u00eb neutralizon er\u00ebn e keqe dhe i mban k\u00ebpuc\u00ebt t\u00eb fresk\u00ebta p\u00ebr 48 or\u00eb. Nuk l\u00eb shenja pas aplikimit. I p\u00ebrshtatsh\u00ebm p\u00ebr t\u00eb gjitha llojet e k\u00ebpuc\u00ebve. P\u00ebrdorimi: Tunde mir\u00eb para p\u00ebrdorimit. Sp\u00ebrkat n\u00eb m\u00ebnyr\u00eb uniforme brenda k\u00ebpuc\u00ebve para dhe pas veshjes. L\u00ebri t\u00eb thahen. Fshi sip\u00ebrfaqen e brendshme n\u00ebse mbetet produkt. Mund t\u00eb p\u00ebrdoret edhe nga diabetik\u00ebt ose personat me probleme t\u00eb qarkullimit t\u00eb gjakut. Kujdes: Shmang p\u00ebrdorimin n\u00eb l\u00ebkur\u00eb t\u00eb d\u00ebmtuar ose t\u00eb irrituar. N\u00eb rast irritimi, nd\u00ebrprite p\u00ebrdorimin. Mbaje larg f\u00ebmij\u00ebve. Shmang kontaktin me syt\u00eb. Produkt i ndezsh\u00ebm; mbroje nga nxeht\u00ebsia dhe rrezet e diellit. Mos e ekspozo n\u00eb temperatura mbi 50 grad\u00eb. Mos e d\u00ebmto ose digj paketimin, edhe pasi t\u00eb jet\u00eb zbrazur. Paketimi: 150 ml<\/p>\n","protected":false},"excerpt":{"rendered":"<p>SCHOLL EXPERTCARE SPRAY P\u00cbR K\u00cbPUC\u00cbT. Mbrojtje kund\u00ebr aromave. Formul\u00eb me efekt t\u00eb dyfisht\u00eb q\u00eb neutralizon er\u00ebn e keqe dhe i mban k\u00ebpuc\u00ebt t\u00eb fresk\u00ebta p\u00ebr 48 or\u00eb. Nuk l\u00eb shenja pas aplikimit. I p\u00ebrshtatsh\u00ebm p\u00ebr t\u00eb gjitha llojet e k\u00ebpuc\u00ebve. P\u00ebrdorimi: Tunde mir\u00eb para p\u00ebrdorimit. Sp\u00ebrkat n\u00eb m\u00ebnyr\u00eb uniforme brenda k\u00ebpuc\u00ebve para dhe pas veshjes. [&hellip;]<\/p>\n","protected":false},"featured_media":8522,"template":"","meta":[],"product_brand":[],"product_cat":[182,181],"product_tag":[191,183,196,186,184],"class_list":{"0":"post-8524","1":"product","2":"type-product","3":"status-publish","4":"has-post-thumbnail","6":"product_cat-kujdesi-personal","7":"product_cat-scholl","8":"product_tag-kujdes-personal","9":"product_tag-kujdesi-per-kembet","10":"product_tag-maske-per-kembet","11":"product_tag-perkujdesi","12":"product_tag-scholl","14":"first","15":"instock","16":"shipping-taxable","17":"purchasable","18":"product-type-simple"},"yoast_head":"<!-- This site is optimized with the Yoast SEO plugin v27.3 - https:\/\/yoast.com\/product\/yoast-seo-wordpress\/ -->\n<title>SCHOLL FRESH STEP - VITANET ALBANIA<\/title>\n<meta name=\"robots\" content=\"index, follow, max-snippet:-1, max-image-preview:large, max-video-preview:-1\" \/>\n<link rel=\"canonical\" href=\"https:\/\/vitanet.al\/sq\/product\/scholl-fresh-step-2\/\" \/>\n<meta property=\"og:locale\" content=\"sq_AL\" \/>\n<meta property=\"og:type\" content=\"article\" \/>\n<meta property=\"og:title\" content=\"SCHOLL FRESH STEP - VITANET ALBANIA\" \/>\n<meta property=\"og:description\" content=\"SCHOLL EXPERTCARE SPRAY P\u00cbR K\u00cbPUC\u00cbT. Mbrojtje kund\u00ebr aromave. Formul\u00eb me efekt t\u00eb dyfisht\u00eb q\u00eb neutralizon er\u00ebn e keqe dhe i mban k\u00ebpuc\u00ebt t\u00eb fresk\u00ebta p\u00ebr 48 or\u00eb. Nuk l\u00eb shenja pas aplikimit. I p\u00ebrshtatsh\u00ebm p\u00ebr t\u00eb gjitha llojet e k\u00ebpuc\u00ebve. P\u00ebrdorimi: Tunde mir\u00eb para p\u00ebrdorimit. Sp\u00ebrkat n\u00eb m\u00ebnyr\u00eb uniforme brenda k\u00ebpuc\u00ebve para dhe pas veshjes. [&hellip;]\" \/>\n<meta property=\"og:url\" content=\"https:\/\/vitanet.al\/sq\/product\/scholl-fresh-step-2\/\" \/>\n<meta property=\"og:site_name\" content=\"VITANET ALBANIA\" \/>\n<meta property=\"article:modified_time\" content=\"2026-03-25T14:39:49+00:00\" \/>\n<meta property=\"og:image\" content=\"https:\/\/vitanet.al\/wp-content\/uploads\/2026\/03\/ALB_4195-e1774448770214.jpg\" \/>\n\t<meta property=\"og:image:width\" content=\"1080\" \/>\n\t<meta property=\"og:image:height\" content=\"1080\" \/>\n\t<meta property=\"og:image:type\" content=\"image\/jpeg\" \/>\n<meta name=\"twitter:card\" content=\"summary_large_image\" \/>\n<meta name=\"twitter:label1\" content=\"Est. reading time\" \/>\n\t<meta name=\"twitter:data1\" content=\"1 minute\" \/>\n<script type=\"application\/ld+json\" class=\"yoast-schema-graph\">{\"@context\":\"https:\\\/\\\/schema.org\",\"@graph\":[{\"@type\":\"WebPage\",\"@id\":\"https:\\\/\\\/vitanet.al\\\/sq\\\/product\\\/scholl-fresh-step-2\\\/\",\"url\":\"https:\\\/\\\/vitanet.al\\\/sq\\\/product\\\/scholl-fresh-step-2\\\/\",\"name\":\"SCHOLL FRESH STEP - VITANET ALBANIA\",\"isPartOf\":{\"@id\":\"https:\\\/\\\/vitanet.al\\\/sq\\\/#website\"},\"primaryImageOfPage\":{\"@id\":\"https:\\\/\\\/vitanet.al\\\/sq\\\/product\\\/scholl-fresh-step-2\\\/#primaryimage\"},\"image\":{\"@id\":\"https:\\\/\\\/vitanet.al\\\/sq\\\/product\\\/scholl-fresh-step-2\\\/#primaryimage\"},\"thumbnailUrl\":\"https:\\\/\\\/vitanet.al\\\/wp-content\\\/uploads\\\/2026\\\/03\\\/ALB_4195-e1774448770214.jpg\",\"datePublished\":\"2026-03-25T14:38:35+00:00\",\"dateModified\":\"2026-03-25T14:39:49+00:00\",\"breadcrumb\":{\"@id\":\"https:\\\/\\\/vitanet.al\\\/sq\\\/product\\\/scholl-fresh-step-2\\\/#breadcrumb\"},\"inLanguage\":\"sq-AL\",\"potentialAction\":[{\"@type\":\"ReadAction\",\"target\":[\"https:\\\/\\\/vitanet.al\\\/sq\\\/product\\\/scholl-fresh-step-2\\\/\"]}]},{\"@type\":\"ImageObject\",\"inLanguage\":\"sq-AL\",\"@id\":\"https:\\\/\\\/vitanet.al\\\/sq\\\/product\\\/scholl-fresh-step-2\\\/#primaryimage\",\"url\":\"https:\\\/\\\/vitanet.al\\\/wp-content\\\/uploads\\\/2026\\\/03\\\/ALB_4195-e1774448770214.jpg\",\"contentUrl\":\"https:\\\/\\\/vitanet.al\\\/wp-content\\\/uploads\\\/2026\\\/03\\\/ALB_4195-e1774448770214.jpg\",\"width\":1080,\"height\":1080},{\"@type\":\"BreadcrumbList\",\"@id\":\"https:\\\/\\\/vitanet.al\\\/sq\\\/product\\\/scholl-fresh-step-2\\\/#breadcrumb\",\"itemListElement\":[{\"@type\":\"ListItem\",\"position\":1,\"name\":\"Home\",\"item\":\"https:\\\/\\\/vitanet.al\\\/sq\\\/\"},{\"@type\":\"ListItem\",\"position\":2,\"name\":\"Shop\",\"item\":\"https:\\\/\\\/vitanet.al\\\/sq\\\/shop\\\/\"},{\"@type\":\"ListItem\",\"position\":3,\"name\":\"SCHOLL FRESH STEP\"}]},{\"@type\":\"WebSite\",\"@id\":\"https:\\\/\\\/vitanet.al\\\/sq\\\/#website\",\"url\":\"https:\\\/\\\/vitanet.al\\\/sq\\\/\",\"name\":\"VITANET ALBANIA\",\"description\":\"\",\"publisher\":{\"@id\":\"https:\\\/\\\/vitanet.al\\\/sq\\\/#organization\"},\"potentialAction\":[{\"@type\":\"SearchAction\",\"target\":{\"@type\":\"EntryPoint\",\"urlTemplate\":\"https:\\\/\\\/vitanet.al\\\/sq\\\/?s={search_term_string}\"},\"query-input\":{\"@type\":\"PropertyValueSpecification\",\"valueRequired\":true,\"valueName\":\"search_term_string\"}}],\"inLanguage\":\"sq-AL\"},{\"@type\":\"Organization\",\"@id\":\"https:\\\/\\\/vitanet.al\\\/sq\\\/#organization\",\"name\":\"VITANET ALBANIA\",\"url\":\"https:\\\/\\\/vitanet.al\\\/sq\\\/\",\"logo\":{\"@type\":\"ImageObject\",\"inLanguage\":\"sq-AL\",\"@id\":\"https:\\\/\\\/vitanet.al\\\/sq\\\/#\\\/schema\\\/logo\\\/image\\\/\",\"url\":\"https:\\\/\\\/vitanet.al\\\/wp-content\\\/uploads\\\/2022\\\/02\\\/Vitanet_Logo-scaled.webp\",\"contentUrl\":\"https:\\\/\\\/vitanet.al\\\/wp-content\\\/uploads\\\/2022\\\/02\\\/Vitanet_Logo-scaled.webp\",\"width\":2560,\"height\":714,\"caption\":\"VITANET ALBANIA\"},\"image\":{\"@id\":\"https:\\\/\\\/vitanet.al\\\/sq\\\/#\\\/schema\\\/logo\\\/image\\\/\"}}]}<\/script>\n<!-- \/ Yoast SEO plugin. -->","yoast_head_json":{"title":"SCHOLL FRESH STEP - VITANET ALBANIA","robots":{"index":"index","follow":"follow","max-snippet":"max-snippet:-1","max-image-preview":"max-image-preview:large","max-video-preview":"max-video-preview:-1"},"canonical":"https:\/\/vitanet.al\/sq\/product\/scholl-fresh-step-2\/","og_locale":"sq_AL","og_type":"article","og_title":"SCHOLL FRESH STEP - VITANET ALBANIA","og_description":"SCHOLL EXPERTCARE SPRAY P\u00cbR K\u00cbPUC\u00cbT. Mbrojtje kund\u00ebr aromave. Formul\u00eb me efekt t\u00eb dyfisht\u00eb q\u00eb neutralizon er\u00ebn e keqe dhe i mban k\u00ebpuc\u00ebt t\u00eb fresk\u00ebta p\u00ebr 48 or\u00eb. Nuk l\u00eb shenja pas aplikimit. I p\u00ebrshtatsh\u00ebm p\u00ebr t\u00eb gjitha llojet e k\u00ebpuc\u00ebve. P\u00ebrdorimi: Tunde mir\u00eb para p\u00ebrdorimit. Sp\u00ebrkat n\u00eb m\u00ebnyr\u00eb uniforme brenda k\u00ebpuc\u00ebve para dhe pas veshjes. [&hellip;]","og_url":"https:\/\/vitanet.al\/sq\/product\/scholl-fresh-step-2\/","og_site_name":"VITANET ALBANIA","article_modified_time":"2026-03-25T14:39:49+00:00","og_image":[{"width":1080,"height":1080,"url":"https:\/\/vitanet.al\/wp-content\/uploads\/2026\/03\/ALB_4195-e1774448770214.jpg","type":"image\/jpeg"}],"twitter_card":"summary_large_image","twitter_misc":{"Est. reading time":"1 minute"},"schema":{"@context":"https:\/\/schema.org","@graph":[{"@type":"WebPage","@id":"https:\/\/vitanet.al\/sq\/product\/scholl-fresh-step-2\/","url":"https:\/\/vitanet.al\/sq\/product\/scholl-fresh-step-2\/","name":"SCHOLL FRESH STEP - VITANET ALBANIA","isPartOf":{"@id":"https:\/\/vitanet.al\/sq\/#website"},"primaryImageOfPage":{"@id":"https:\/\/vitanet.al\/sq\/product\/scholl-fresh-step-2\/#primaryimage"},"image":{"@id":"https:\/\/vitanet.al\/sq\/product\/scholl-fresh-step-2\/#primaryimage"},"thumbnailUrl":"https:\/\/vitanet.al\/wp-content\/uploads\/2026\/03\/ALB_4195-e1774448770214.jpg","datePublished":"2026-03-25T14:38:35+00:00","dateModified":"2026-03-25T14:39:49+00:00","breadcrumb":{"@id":"https:\/\/vitanet.al\/sq\/product\/scholl-fresh-step-2\/#breadcrumb"},"inLanguage":"sq-AL","potentialAction":[{"@type":"ReadAction","target":["https:\/\/vitanet.al\/sq\/product\/scholl-fresh-step-2\/"]}]},{"@type":"ImageObject","inLanguage":"sq-AL","@id":"https:\/\/vitanet.al\/sq\/product\/scholl-fresh-step-2\/#primaryimage","url":"https:\/\/vitanet.al\/wp-content\/uploads\/2026\/03\/ALB_4195-e1774448770214.jpg","contentUrl":"https:\/\/vitanet.al\/wp-content\/uploads\/2026\/03\/ALB_4195-e1774448770214.jpg","width":1080,"height":1080},{"@type":"BreadcrumbList","@id":"https:\/\/vitanet.al\/sq\/product\/scholl-fresh-step-2\/#breadcrumb","itemListElement":[{"@type":"ListItem","position":1,"name":"Home","item":"https:\/\/vitanet.al\/sq\/"},{"@type":"ListItem","position":2,"name":"Shop","item":"https:\/\/vitanet.al\/sq\/shop\/"},{"@type":"ListItem","position":3,"name":"SCHOLL FRESH STEP"}]},{"@type":"WebSite","@id":"https:\/\/vitanet.al\/sq\/#website","url":"https:\/\/vitanet.al\/sq\/","name":"VITANET ALBANIA","description":"","publisher":{"@id":"https:\/\/vitanet.al\/sq\/#organization"},"potentialAction":[{"@type":"SearchAction","target":{"@type":"EntryPoint","urlTemplate":"https:\/\/vitanet.al\/sq\/?s={search_term_string}"},"query-input":{"@type":"PropertyValueSpecification","valueRequired":true,"valueName":"search_term_string"}}],"inLanguage":"sq-AL"},{"@type":"Organization","@id":"https:\/\/vitanet.al\/sq\/#organization","name":"VITANET ALBANIA","url":"https:\/\/vitanet.al\/sq\/","logo":{"@type":"ImageObject","inLanguage":"sq-AL","@id":"https:\/\/vitanet.al\/sq\/#\/schema\/logo\/image\/","url":"https:\/\/vitanet.al\/wp-content\/uploads\/2022\/02\/Vitanet_Logo-scaled.webp","contentUrl":"https:\/\/vitanet.al\/wp-content\/uploads\/2022\/02\/Vitanet_Logo-scaled.webp","width":2560,"height":714,"caption":"VITANET ALBANIA"},"image":{"@id":"https:\/\/vitanet.al\/sq\/#\/schema\/logo\/image\/"}}]}},"_links":{"self":[{"href":"https:\/\/vitanet.al\/sq\/wp-json\/wp\/v2\/product\/8524","targetHints":{"allow":["GET"]}}],"collection":[{"href":"https:\/\/vitanet.al\/sq\/wp-json\/wp\/v2\/product"}],"about":[{"href":"https:\/\/vitanet.al\/sq\/wp-json\/wp\/v2\/types\/product"}],"version-history":[{"count":1,"href":"https:\/\/vitanet.al\/sq\/wp-json\/wp\/v2\/product\/8524\/revisions"}],"predecessor-version":[{"id":8527,"href":"https:\/\/vitanet.al\/sq\/wp-json\/wp\/v2\/product\/8524\/revisions\/8527"}],"wp:featuredmedia":[{"embeddable":true,"href":"https:\/\/vitanet.al\/sq\/wp-json\/wp\/v2\/media\/8522"}],"wp:attachment":[{"href":"https:\/\/vitanet.al\/sq\/wp-json\/wp\/v2\/media?parent=8524"}],"wp:term":[{"taxonomy":"product_brand","embeddable":true,"href":"https:\/\/vitanet.al\/sq\/wp-json\/wp\/v2\/product_brand?post=8524"},{"taxonomy":"product_cat","embeddable":true,"href":"https:\/\/vitanet.al\/sq\/wp-json\/wp\/v2\/product_cat?post=8524"},{"taxonomy":"product_tag","embeddable":true,"href":"https:\/\/vitanet.al\/sq\/wp-json\/wp\/v2\/product_tag?post=8524"}],"curies":[{"name":"wp","href":"https:\/\/api.w.org\/{rel}","templated":true}]}}