{"id":8531,"date":"2026-03-25T14:47:26","date_gmt":"2026-03-25T14:47:26","guid":{"rendered":"https:\/\/vitanet.al\/product\/prerese-thonjsh-scholl\/"},"modified":"2026-03-25T14:47:26","modified_gmt":"2026-03-25T14:47:26","slug":"prerese-thonjsh-scholl","status":"publish","type":"product","link":"https:\/\/vitanet.al\/sq\/product\/prerese-thonjsh-scholl\/","title":{"rendered":"PRER\u00cbSE THONJSH SCHOLL"},"content":{"rendered":"<p>Prer\u00ebse thonjsh SCHOLL<br \/>\nPrer\u00ebset e thonjve Scholl jan\u00eb p\u00ebr thonj t\u00eb trash\u00eb dhe t\u00eb fort\u00eb. Jan\u00eb dizajnuar p\u00ebr prerje t\u00eb leht\u00eb edhe t\u00eb thonjve m\u00eb t\u00eb fort\u00eb t\u00eb k\u00ebmb\u00ebve. Tehu i mpreht\u00eb me precizion i pret shpejt thonjt\u00eb e fort\u00eb p\u00ebr nj\u00eb rezultat t\u00eb rregullt dhe profesional.<br \/>\nPaketimi: 1 cop\u00eb <\/p>\n","protected":false},"excerpt":{"rendered":"<p>Prer\u00ebse thonjsh SCHOLL Prer\u00ebset e thonjve Scholl jan\u00eb p\u00ebr thonj t\u00eb trash\u00eb dhe t\u00eb fort\u00eb. Jan\u00eb dizajnuar p\u00ebr prerje t\u00eb leht\u00eb edhe t\u00eb thonjve m\u00eb t\u00eb fort\u00eb t\u00eb k\u00ebmb\u00ebve. Tehu i mpreht\u00eb me precizion i pret shpejt thonjt\u00eb e fort\u00eb p\u00ebr nj\u00eb rezultat t\u00eb rregullt dhe profesional. Paketimi: 1 cop\u00eb<\/p>\n","protected":false},"featured_media":8529,"template":"","meta":[],"product_brand":[],"product_cat":[182,181],"product_tag":[187,191,183,188,186,184],"class_list":{"0":"post-8531","1":"product","2":"type-product","3":"status-publish","4":"has-post-thumbnail","6":"product_cat-kujdesi-personal","7":"product_cat-scholl","8":"product_tag-kembe","9":"product_tag-kujdes-personal","10":"product_tag-kujdesi-per-kembet","11":"product_tag-mirembajtje","12":"product_tag-perkujdesi","13":"product_tag-scholl","15":"first","16":"instock","17":"shipping-taxable","18":"purchasable","19":"product-type-simple"},"yoast_head":"<!-- This site is optimized with the Yoast SEO plugin v27.3 - https:\/\/yoast.com\/product\/yoast-seo-wordpress\/ -->\n<title>PRER\u00cbSE THONJSH SCHOLL - VITANET ALBANIA<\/title>\n<meta name=\"robots\" content=\"index, follow, max-snippet:-1, max-image-preview:large, max-video-preview:-1\" \/>\n<link rel=\"canonical\" href=\"https:\/\/vitanet.al\/sq\/product\/prerese-thonjsh-scholl\/\" \/>\n<meta property=\"og:locale\" content=\"sq_AL\" \/>\n<meta property=\"og:type\" content=\"article\" \/>\n<meta property=\"og:title\" content=\"PRER\u00cbSE THONJSH SCHOLL - VITANET ALBANIA\" \/>\n<meta property=\"og:description\" content=\"Prer\u00ebse thonjsh SCHOLL Prer\u00ebset e thonjve Scholl jan\u00eb p\u00ebr thonj t\u00eb trash\u00eb dhe t\u00eb fort\u00eb. Jan\u00eb dizajnuar p\u00ebr prerje t\u00eb leht\u00eb edhe t\u00eb thonjve m\u00eb t\u00eb fort\u00eb t\u00eb k\u00ebmb\u00ebve. Tehu i mpreht\u00eb me precizion i pret shpejt thonjt\u00eb e fort\u00eb p\u00ebr nj\u00eb rezultat t\u00eb rregullt dhe profesional. Paketimi: 1 cop\u00eb\" \/>\n<meta property=\"og:url\" content=\"https:\/\/vitanet.al\/sq\/product\/prerese-thonjsh-scholl\/\" \/>\n<meta property=\"og:site_name\" content=\"VITANET ALBANIA\" \/>\n<meta property=\"og:image\" content=\"https:\/\/vitanet.al\/wp-content\/uploads\/2026\/03\/ALB_4194-e1774449706621.jpg\" \/>\n\t<meta property=\"og:image:width\" content=\"1080\" \/>\n\t<meta property=\"og:image:height\" content=\"1080\" \/>\n\t<meta property=\"og:image:type\" content=\"image\/jpeg\" \/>\n<meta name=\"twitter:card\" content=\"summary_large_image\" \/>\n<script type=\"application\/ld+json\" class=\"yoast-schema-graph\">{\"@context\":\"https:\\\/\\\/schema.org\",\"@graph\":[{\"@type\":\"WebPage\",\"@id\":\"https:\\\/\\\/vitanet.al\\\/sq\\\/product\\\/prerese-thonjsh-scholl\\\/\",\"url\":\"https:\\\/\\\/vitanet.al\\\/sq\\\/product\\\/prerese-thonjsh-scholl\\\/\",\"name\":\"PRER\u00cbSE THONJSH SCHOLL - VITANET ALBANIA\",\"isPartOf\":{\"@id\":\"https:\\\/\\\/vitanet.al\\\/sq\\\/#website\"},\"primaryImageOfPage\":{\"@id\":\"https:\\\/\\\/vitanet.al\\\/sq\\\/product\\\/prerese-thonjsh-scholl\\\/#primaryimage\"},\"image\":{\"@id\":\"https:\\\/\\\/vitanet.al\\\/sq\\\/product\\\/prerese-thonjsh-scholl\\\/#primaryimage\"},\"thumbnailUrl\":\"https:\\\/\\\/vitanet.al\\\/wp-content\\\/uploads\\\/2026\\\/03\\\/ALB_4194-e1774449706621.jpg\",\"datePublished\":\"2026-03-25T14:47:26+00:00\",\"breadcrumb\":{\"@id\":\"https:\\\/\\\/vitanet.al\\\/sq\\\/product\\\/prerese-thonjsh-scholl\\\/#breadcrumb\"},\"inLanguage\":\"sq-AL\",\"potentialAction\":[{\"@type\":\"ReadAction\",\"target\":[\"https:\\\/\\\/vitanet.al\\\/sq\\\/product\\\/prerese-thonjsh-scholl\\\/\"]}]},{\"@type\":\"ImageObject\",\"inLanguage\":\"sq-AL\",\"@id\":\"https:\\\/\\\/vitanet.al\\\/sq\\\/product\\\/prerese-thonjsh-scholl\\\/#primaryimage\",\"url\":\"https:\\\/\\\/vitanet.al\\\/wp-content\\\/uploads\\\/2026\\\/03\\\/ALB_4194-e1774449706621.jpg\",\"contentUrl\":\"https:\\\/\\\/vitanet.al\\\/wp-content\\\/uploads\\\/2026\\\/03\\\/ALB_4194-e1774449706621.jpg\",\"width\":1080,\"height\":1080},{\"@type\":\"BreadcrumbList\",\"@id\":\"https:\\\/\\\/vitanet.al\\\/sq\\\/product\\\/prerese-thonjsh-scholl\\\/#breadcrumb\",\"itemListElement\":[{\"@type\":\"ListItem\",\"position\":1,\"name\":\"Home\",\"item\":\"https:\\\/\\\/vitanet.al\\\/sq\\\/\"},{\"@type\":\"ListItem\",\"position\":2,\"name\":\"Shop\",\"item\":\"https:\\\/\\\/vitanet.al\\\/sq\\\/shop\\\/\"},{\"@type\":\"ListItem\",\"position\":3,\"name\":\"PRER\u00cbSE THONJSH SCHOLL\"}]},{\"@type\":\"WebSite\",\"@id\":\"https:\\\/\\\/vitanet.al\\\/sq\\\/#website\",\"url\":\"https:\\\/\\\/vitanet.al\\\/sq\\\/\",\"name\":\"VITANET ALBANIA\",\"description\":\"\",\"publisher\":{\"@id\":\"https:\\\/\\\/vitanet.al\\\/sq\\\/#organization\"},\"potentialAction\":[{\"@type\":\"SearchAction\",\"target\":{\"@type\":\"EntryPoint\",\"urlTemplate\":\"https:\\\/\\\/vitanet.al\\\/sq\\\/?s={search_term_string}\"},\"query-input\":{\"@type\":\"PropertyValueSpecification\",\"valueRequired\":true,\"valueName\":\"search_term_string\"}}],\"inLanguage\":\"sq-AL\"},{\"@type\":\"Organization\",\"@id\":\"https:\\\/\\\/vitanet.al\\\/sq\\\/#organization\",\"name\":\"VITANET ALBANIA\",\"url\":\"https:\\\/\\\/vitanet.al\\\/sq\\\/\",\"logo\":{\"@type\":\"ImageObject\",\"inLanguage\":\"sq-AL\",\"@id\":\"https:\\\/\\\/vitanet.al\\\/sq\\\/#\\\/schema\\\/logo\\\/image\\\/\",\"url\":\"https:\\\/\\\/vitanet.al\\\/wp-content\\\/uploads\\\/2022\\\/02\\\/Vitanet_Logo-scaled.webp\",\"contentUrl\":\"https:\\\/\\\/vitanet.al\\\/wp-content\\\/uploads\\\/2022\\\/02\\\/Vitanet_Logo-scaled.webp\",\"width\":2560,\"height\":714,\"caption\":\"VITANET ALBANIA\"},\"image\":{\"@id\":\"https:\\\/\\\/vitanet.al\\\/sq\\\/#\\\/schema\\\/logo\\\/image\\\/\"}}]}<\/script>\n<!-- \/ Yoast SEO plugin. -->","yoast_head_json":{"title":"PRER\u00cbSE THONJSH SCHOLL - VITANET ALBANIA","robots":{"index":"index","follow":"follow","max-snippet":"max-snippet:-1","max-image-preview":"max-image-preview:large","max-video-preview":"max-video-preview:-1"},"canonical":"https:\/\/vitanet.al\/sq\/product\/prerese-thonjsh-scholl\/","og_locale":"sq_AL","og_type":"article","og_title":"PRER\u00cbSE THONJSH SCHOLL - VITANET ALBANIA","og_description":"Prer\u00ebse thonjsh SCHOLL Prer\u00ebset e thonjve Scholl jan\u00eb p\u00ebr thonj t\u00eb trash\u00eb dhe t\u00eb fort\u00eb. Jan\u00eb dizajnuar p\u00ebr prerje t\u00eb leht\u00eb edhe t\u00eb thonjve m\u00eb t\u00eb fort\u00eb t\u00eb k\u00ebmb\u00ebve. Tehu i mpreht\u00eb me precizion i pret shpejt thonjt\u00eb e fort\u00eb p\u00ebr nj\u00eb rezultat t\u00eb rregullt dhe profesional. Paketimi: 1 cop\u00eb","og_url":"https:\/\/vitanet.al\/sq\/product\/prerese-thonjsh-scholl\/","og_site_name":"VITANET ALBANIA","og_image":[{"width":1080,"height":1080,"url":"https:\/\/vitanet.al\/wp-content\/uploads\/2026\/03\/ALB_4194-e1774449706621.jpg","type":"image\/jpeg"}],"twitter_card":"summary_large_image","schema":{"@context":"https:\/\/schema.org","@graph":[{"@type":"WebPage","@id":"https:\/\/vitanet.al\/sq\/product\/prerese-thonjsh-scholl\/","url":"https:\/\/vitanet.al\/sq\/product\/prerese-thonjsh-scholl\/","name":"PRER\u00cbSE THONJSH SCHOLL - VITANET ALBANIA","isPartOf":{"@id":"https:\/\/vitanet.al\/sq\/#website"},"primaryImageOfPage":{"@id":"https:\/\/vitanet.al\/sq\/product\/prerese-thonjsh-scholl\/#primaryimage"},"image":{"@id":"https:\/\/vitanet.al\/sq\/product\/prerese-thonjsh-scholl\/#primaryimage"},"thumbnailUrl":"https:\/\/vitanet.al\/wp-content\/uploads\/2026\/03\/ALB_4194-e1774449706621.jpg","datePublished":"2026-03-25T14:47:26+00:00","breadcrumb":{"@id":"https:\/\/vitanet.al\/sq\/product\/prerese-thonjsh-scholl\/#breadcrumb"},"inLanguage":"sq-AL","potentialAction":[{"@type":"ReadAction","target":["https:\/\/vitanet.al\/sq\/product\/prerese-thonjsh-scholl\/"]}]},{"@type":"ImageObject","inLanguage":"sq-AL","@id":"https:\/\/vitanet.al\/sq\/product\/prerese-thonjsh-scholl\/#primaryimage","url":"https:\/\/vitanet.al\/wp-content\/uploads\/2026\/03\/ALB_4194-e1774449706621.jpg","contentUrl":"https:\/\/vitanet.al\/wp-content\/uploads\/2026\/03\/ALB_4194-e1774449706621.jpg","width":1080,"height":1080},{"@type":"BreadcrumbList","@id":"https:\/\/vitanet.al\/sq\/product\/prerese-thonjsh-scholl\/#breadcrumb","itemListElement":[{"@type":"ListItem","position":1,"name":"Home","item":"https:\/\/vitanet.al\/sq\/"},{"@type":"ListItem","position":2,"name":"Shop","item":"https:\/\/vitanet.al\/sq\/shop\/"},{"@type":"ListItem","position":3,"name":"PRER\u00cbSE THONJSH SCHOLL"}]},{"@type":"WebSite","@id":"https:\/\/vitanet.al\/sq\/#website","url":"https:\/\/vitanet.al\/sq\/","name":"VITANET ALBANIA","description":"","publisher":{"@id":"https:\/\/vitanet.al\/sq\/#organization"},"potentialAction":[{"@type":"SearchAction","target":{"@type":"EntryPoint","urlTemplate":"https:\/\/vitanet.al\/sq\/?s={search_term_string}"},"query-input":{"@type":"PropertyValueSpecification","valueRequired":true,"valueName":"search_term_string"}}],"inLanguage":"sq-AL"},{"@type":"Organization","@id":"https:\/\/vitanet.al\/sq\/#organization","name":"VITANET ALBANIA","url":"https:\/\/vitanet.al\/sq\/","logo":{"@type":"ImageObject","inLanguage":"sq-AL","@id":"https:\/\/vitanet.al\/sq\/#\/schema\/logo\/image\/","url":"https:\/\/vitanet.al\/wp-content\/uploads\/2022\/02\/Vitanet_Logo-scaled.webp","contentUrl":"https:\/\/vitanet.al\/wp-content\/uploads\/2022\/02\/Vitanet_Logo-scaled.webp","width":2560,"height":714,"caption":"VITANET ALBANIA"},"image":{"@id":"https:\/\/vitanet.al\/sq\/#\/schema\/logo\/image\/"}}]}},"_links":{"self":[{"href":"https:\/\/vitanet.al\/sq\/wp-json\/wp\/v2\/product\/8531","targetHints":{"allow":["GET"]}}],"collection":[{"href":"https:\/\/vitanet.al\/sq\/wp-json\/wp\/v2\/product"}],"about":[{"href":"https:\/\/vitanet.al\/sq\/wp-json\/wp\/v2\/types\/product"}],"version-history":[{"count":0,"href":"https:\/\/vitanet.al\/sq\/wp-json\/wp\/v2\/product\/8531\/revisions"}],"wp:featuredmedia":[{"embeddable":true,"href":"https:\/\/vitanet.al\/sq\/wp-json\/wp\/v2\/media\/8529"}],"wp:attachment":[{"href":"https:\/\/vitanet.al\/sq\/wp-json\/wp\/v2\/media?parent=8531"}],"wp:term":[{"taxonomy":"product_brand","embeddable":true,"href":"https:\/\/vitanet.al\/sq\/wp-json\/wp\/v2\/product_brand?post=8531"},{"taxonomy":"product_cat","embeddable":true,"href":"https:\/\/vitanet.al\/sq\/wp-json\/wp\/v2\/product_cat?post=8531"},{"taxonomy":"product_tag","embeddable":true,"href":"https:\/\/vitanet.al\/sq\/wp-json\/wp\/v2\/product_tag?post=8531"}],"curies":[{"name":"wp","href":"https:\/\/api.w.org\/{rel}","templated":true}]}}