{"id":8541,"date":"2026-03-26T13:13:13","date_gmt":"2026-03-26T13:13:13","guid":{"rendered":"https:\/\/vitanet.al\/product\/scholl-per-mykun-e-thonjve-2-ne-1\/"},"modified":"2026-03-26T13:13:13","modified_gmt":"2026-03-26T13:13:13","slug":"scholl-per-mykun-e-thonjve-2-ne-1","status":"publish","type":"product","link":"https:\/\/vitanet.al\/sq\/product\/scholl-per-mykun-e-thonjve-2-ne-1\/","title":{"rendered":"SCHOLL P\u00cbR MYKUN E THONJVE 2 N\u00cb 1"},"content":{"rendered":"<p>SCHOLL P\u00cbR MYKUN E THONJVE 2 N\u00cb 1 TRAJTO DHE PARANDALO. \u00cbsht\u00eb nj\u00eb sistem i dizajnuar n\u00eb m\u00ebnyr\u00eb unike p\u00ebr trajtimin e mykut t\u00eb thonjve. 1. Trajtimi: kombinimi i p\u00ebrb\u00ebr\u00ebsve t\u00eb formuluar posa\u00e7\u00ebrisht lejon dep\u00ebrtimin m\u00eb t\u00eb shpejt\u00eb n\u00eb burimin e infeksionit. 2. Parandalimi: formula e provuar klinikisht ndihmon n\u00eb parandalimin e p\u00ebrhapjes s\u00eb k\u00ebrpudhave dhe mbron nga d\u00ebmtimet e infeksionet e m\u00ebtejshme. Nj\u00eb trajtim efektiv q\u00eb siguron rezultate t\u00eb q\u00ebndrueshme. P\u00ebrjeto rezultate afatgjata, me p\u00ebrmir\u00ebsime t\u00eb dukshme q\u00eb nga java e dyt\u00eb. Ndiq udh\u00ebzimet p\u00ebr nj\u00eb trajtim 9\u201312 muaj p\u00ebr t&#8217;u siguruar q\u00eb thoi i infektuar t\u00eb rritet plot\u00ebsisht. P\u00ebrdorimi: Faza 1: Faza e trajtimit (4 jav\u00eb). P\u00ebr t\u00eb trajtuar mykun: Java 1 \u2013 limo sip\u00ebrfaqen e thonit nj\u00eb her\u00eb n\u00eb jav\u00eb. Hidhe lim\u00ebn pas p\u00ebrdorimit. Apliko l\u00ebngun mbi thoin e infektuar \u00e7do dit\u00eb. P\u00ebrs\u00ebrite p\u00ebr jav\u00ebt 2, 3 dhe 4. Faza 2: Faza e mbrojtjes (9 muaj). P\u00ebr t\u00eb parandaluar p\u00ebrhapjen dhe rishfaqjen: Apliko l\u00ebngun mbi thoin e infektuar nj\u00eb her\u00eb n\u00eb jav\u00eb p\u00ebr 9 muaj ose derisa \u00e7ngjyrosja t\u00eb jet\u00eb zhdukur. Paketimi: 1 cop\u00eb              <\/p>\n","protected":false},"excerpt":{"rendered":"<p>SCHOLL P\u00cbR MYKUN E THONJVE 2 N\u00cb 1 TRAJTO DHE PARANDALO. \u00cbsht\u00eb nj\u00eb sistem i dizajnuar n\u00eb m\u00ebnyr\u00eb unike p\u00ebr trajtimin e mykut t\u00eb thonjve. 1. Trajtimi: kombinimi i p\u00ebrb\u00ebr\u00ebsve t\u00eb formuluar posa\u00e7\u00ebrisht lejon dep\u00ebrtimin m\u00eb t\u00eb shpejt\u00eb n\u00eb burimin e infeksionit. 2. Parandalimi: formula e provuar klinikisht ndihmon n\u00eb parandalimin e p\u00ebrhapjes s\u00eb k\u00ebrpudhave [&hellip;]<\/p>\n","protected":false},"featured_media":8535,"template":"","meta":[],"product_brand":[],"product_cat":[182,181],"product_tag":[187,191,183,188,186,184],"class_list":{"0":"post-8541","1":"product","2":"type-product","3":"status-publish","4":"has-post-thumbnail","6":"product_cat-kujdesi-personal","7":"product_cat-scholl","8":"product_tag-kembe","9":"product_tag-kujdes-personal","10":"product_tag-kujdesi-per-kembet","11":"product_tag-mirembajtje","12":"product_tag-perkujdesi","13":"product_tag-scholl","15":"first","16":"instock","17":"shipping-taxable","18":"purchasable","19":"product-type-simple"},"yoast_head":"<!-- This site is optimized with the Yoast SEO plugin v27.3 - https:\/\/yoast.com\/product\/yoast-seo-wordpress\/ -->\n<title>SCHOLL P\u00cbR MYKUN E THONJVE 2 N\u00cb 1 - VITANET ALBANIA<\/title>\n<meta name=\"robots\" content=\"index, follow, max-snippet:-1, max-image-preview:large, max-video-preview:-1\" \/>\n<link rel=\"canonical\" href=\"https:\/\/vitanet.al\/sq\/product\/scholl-per-mykun-e-thonjve-2-ne-1\/\" \/>\n<meta property=\"og:locale\" content=\"sq_AL\" \/>\n<meta property=\"og:type\" content=\"article\" \/>\n<meta property=\"og:title\" content=\"SCHOLL P\u00cbR MYKUN E THONJVE 2 N\u00cb 1 - VITANET ALBANIA\" \/>\n<meta property=\"og:description\" content=\"SCHOLL P\u00cbR MYKUN E THONJVE 2 N\u00cb 1 TRAJTO DHE PARANDALO. \u00cbsht\u00eb nj\u00eb sistem i dizajnuar n\u00eb m\u00ebnyr\u00eb unike p\u00ebr trajtimin e mykut t\u00eb thonjve. 1. Trajtimi: kombinimi i p\u00ebrb\u00ebr\u00ebsve t\u00eb formuluar posa\u00e7\u00ebrisht lejon dep\u00ebrtimin m\u00eb t\u00eb shpejt\u00eb n\u00eb burimin e infeksionit. 2. Parandalimi: formula e provuar klinikisht ndihmon n\u00eb parandalimin e p\u00ebrhapjes s\u00eb k\u00ebrpudhave [&hellip;]\" \/>\n<meta property=\"og:url\" content=\"https:\/\/vitanet.al\/sq\/product\/scholl-per-mykun-e-thonjve-2-ne-1\/\" \/>\n<meta property=\"og:site_name\" content=\"VITANET ALBANIA\" \/>\n<meta property=\"og:image\" content=\"https:\/\/vitanet.al\/wp-content\/uploads\/2026\/03\/ALB_4182.jpg\" \/>\n\t<meta property=\"og:image:width\" content=\"1080\" \/>\n\t<meta property=\"og:image:height\" content=\"1080\" \/>\n\t<meta property=\"og:image:type\" content=\"image\/jpeg\" \/>\n<meta name=\"twitter:card\" content=\"summary_large_image\" \/>\n<meta name=\"twitter:label1\" content=\"Est. reading time\" \/>\n\t<meta name=\"twitter:data1\" content=\"1 minute\" \/>\n<script type=\"application\/ld+json\" class=\"yoast-schema-graph\">{\"@context\":\"https:\\\/\\\/schema.org\",\"@graph\":[{\"@type\":\"WebPage\",\"@id\":\"https:\\\/\\\/vitanet.al\\\/sq\\\/product\\\/scholl-per-mykun-e-thonjve-2-ne-1\\\/\",\"url\":\"https:\\\/\\\/vitanet.al\\\/sq\\\/product\\\/scholl-per-mykun-e-thonjve-2-ne-1\\\/\",\"name\":\"SCHOLL P\u00cbR MYKUN E THONJVE 2 N\u00cb 1 - VITANET ALBANIA\",\"isPartOf\":{\"@id\":\"https:\\\/\\\/vitanet.al\\\/sq\\\/#website\"},\"primaryImageOfPage\":{\"@id\":\"https:\\\/\\\/vitanet.al\\\/sq\\\/product\\\/scholl-per-mykun-e-thonjve-2-ne-1\\\/#primaryimage\"},\"image\":{\"@id\":\"https:\\\/\\\/vitanet.al\\\/sq\\\/product\\\/scholl-per-mykun-e-thonjve-2-ne-1\\\/#primaryimage\"},\"thumbnailUrl\":\"https:\\\/\\\/vitanet.al\\\/wp-content\\\/uploads\\\/2026\\\/03\\\/ALB_4182.jpg\",\"datePublished\":\"2026-03-26T13:13:13+00:00\",\"breadcrumb\":{\"@id\":\"https:\\\/\\\/vitanet.al\\\/sq\\\/product\\\/scholl-per-mykun-e-thonjve-2-ne-1\\\/#breadcrumb\"},\"inLanguage\":\"sq-AL\",\"potentialAction\":[{\"@type\":\"ReadAction\",\"target\":[\"https:\\\/\\\/vitanet.al\\\/sq\\\/product\\\/scholl-per-mykun-e-thonjve-2-ne-1\\\/\"]}]},{\"@type\":\"ImageObject\",\"inLanguage\":\"sq-AL\",\"@id\":\"https:\\\/\\\/vitanet.al\\\/sq\\\/product\\\/scholl-per-mykun-e-thonjve-2-ne-1\\\/#primaryimage\",\"url\":\"https:\\\/\\\/vitanet.al\\\/wp-content\\\/uploads\\\/2026\\\/03\\\/ALB_4182.jpg\",\"contentUrl\":\"https:\\\/\\\/vitanet.al\\\/wp-content\\\/uploads\\\/2026\\\/03\\\/ALB_4182.jpg\",\"width\":1080,\"height\":1080},{\"@type\":\"BreadcrumbList\",\"@id\":\"https:\\\/\\\/vitanet.al\\\/sq\\\/product\\\/scholl-per-mykun-e-thonjve-2-ne-1\\\/#breadcrumb\",\"itemListElement\":[{\"@type\":\"ListItem\",\"position\":1,\"name\":\"Home\",\"item\":\"https:\\\/\\\/vitanet.al\\\/sq\\\/\"},{\"@type\":\"ListItem\",\"position\":2,\"name\":\"Shop\",\"item\":\"https:\\\/\\\/vitanet.al\\\/sq\\\/shop\\\/\"},{\"@type\":\"ListItem\",\"position\":3,\"name\":\"SCHOLL P\u00cbR MYKUN E THONJVE 2 N\u00cb 1\"}]},{\"@type\":\"WebSite\",\"@id\":\"https:\\\/\\\/vitanet.al\\\/sq\\\/#website\",\"url\":\"https:\\\/\\\/vitanet.al\\\/sq\\\/\",\"name\":\"VITANET ALBANIA\",\"description\":\"\",\"publisher\":{\"@id\":\"https:\\\/\\\/vitanet.al\\\/sq\\\/#organization\"},\"potentialAction\":[{\"@type\":\"SearchAction\",\"target\":{\"@type\":\"EntryPoint\",\"urlTemplate\":\"https:\\\/\\\/vitanet.al\\\/sq\\\/?s={search_term_string}\"},\"query-input\":{\"@type\":\"PropertyValueSpecification\",\"valueRequired\":true,\"valueName\":\"search_term_string\"}}],\"inLanguage\":\"sq-AL\"},{\"@type\":\"Organization\",\"@id\":\"https:\\\/\\\/vitanet.al\\\/sq\\\/#organization\",\"name\":\"VITANET ALBANIA\",\"url\":\"https:\\\/\\\/vitanet.al\\\/sq\\\/\",\"logo\":{\"@type\":\"ImageObject\",\"inLanguage\":\"sq-AL\",\"@id\":\"https:\\\/\\\/vitanet.al\\\/sq\\\/#\\\/schema\\\/logo\\\/image\\\/\",\"url\":\"https:\\\/\\\/vitanet.al\\\/wp-content\\\/uploads\\\/2022\\\/02\\\/Vitanet_Logo-scaled.webp\",\"contentUrl\":\"https:\\\/\\\/vitanet.al\\\/wp-content\\\/uploads\\\/2022\\\/02\\\/Vitanet_Logo-scaled.webp\",\"width\":2560,\"height\":714,\"caption\":\"VITANET ALBANIA\"},\"image\":{\"@id\":\"https:\\\/\\\/vitanet.al\\\/sq\\\/#\\\/schema\\\/logo\\\/image\\\/\"}}]}<\/script>\n<!-- \/ Yoast SEO plugin. -->","yoast_head_json":{"title":"SCHOLL P\u00cbR MYKUN E THONJVE 2 N\u00cb 1 - VITANET ALBANIA","robots":{"index":"index","follow":"follow","max-snippet":"max-snippet:-1","max-image-preview":"max-image-preview:large","max-video-preview":"max-video-preview:-1"},"canonical":"https:\/\/vitanet.al\/sq\/product\/scholl-per-mykun-e-thonjve-2-ne-1\/","og_locale":"sq_AL","og_type":"article","og_title":"SCHOLL P\u00cbR MYKUN E THONJVE 2 N\u00cb 1 - VITANET ALBANIA","og_description":"SCHOLL P\u00cbR MYKUN E THONJVE 2 N\u00cb 1 TRAJTO DHE PARANDALO. \u00cbsht\u00eb nj\u00eb sistem i dizajnuar n\u00eb m\u00ebnyr\u00eb unike p\u00ebr trajtimin e mykut t\u00eb thonjve. 1. Trajtimi: kombinimi i p\u00ebrb\u00ebr\u00ebsve t\u00eb formuluar posa\u00e7\u00ebrisht lejon dep\u00ebrtimin m\u00eb t\u00eb shpejt\u00eb n\u00eb burimin e infeksionit. 2. Parandalimi: formula e provuar klinikisht ndihmon n\u00eb parandalimin e p\u00ebrhapjes s\u00eb k\u00ebrpudhave [&hellip;]","og_url":"https:\/\/vitanet.al\/sq\/product\/scholl-per-mykun-e-thonjve-2-ne-1\/","og_site_name":"VITANET ALBANIA","og_image":[{"width":1080,"height":1080,"url":"https:\/\/vitanet.al\/wp-content\/uploads\/2026\/03\/ALB_4182.jpg","type":"image\/jpeg"}],"twitter_card":"summary_large_image","twitter_misc":{"Est. reading time":"1 minute"},"schema":{"@context":"https:\/\/schema.org","@graph":[{"@type":"WebPage","@id":"https:\/\/vitanet.al\/sq\/product\/scholl-per-mykun-e-thonjve-2-ne-1\/","url":"https:\/\/vitanet.al\/sq\/product\/scholl-per-mykun-e-thonjve-2-ne-1\/","name":"SCHOLL P\u00cbR MYKUN E THONJVE 2 N\u00cb 1 - VITANET ALBANIA","isPartOf":{"@id":"https:\/\/vitanet.al\/sq\/#website"},"primaryImageOfPage":{"@id":"https:\/\/vitanet.al\/sq\/product\/scholl-per-mykun-e-thonjve-2-ne-1\/#primaryimage"},"image":{"@id":"https:\/\/vitanet.al\/sq\/product\/scholl-per-mykun-e-thonjve-2-ne-1\/#primaryimage"},"thumbnailUrl":"https:\/\/vitanet.al\/wp-content\/uploads\/2026\/03\/ALB_4182.jpg","datePublished":"2026-03-26T13:13:13+00:00","breadcrumb":{"@id":"https:\/\/vitanet.al\/sq\/product\/scholl-per-mykun-e-thonjve-2-ne-1\/#breadcrumb"},"inLanguage":"sq-AL","potentialAction":[{"@type":"ReadAction","target":["https:\/\/vitanet.al\/sq\/product\/scholl-per-mykun-e-thonjve-2-ne-1\/"]}]},{"@type":"ImageObject","inLanguage":"sq-AL","@id":"https:\/\/vitanet.al\/sq\/product\/scholl-per-mykun-e-thonjve-2-ne-1\/#primaryimage","url":"https:\/\/vitanet.al\/wp-content\/uploads\/2026\/03\/ALB_4182.jpg","contentUrl":"https:\/\/vitanet.al\/wp-content\/uploads\/2026\/03\/ALB_4182.jpg","width":1080,"height":1080},{"@type":"BreadcrumbList","@id":"https:\/\/vitanet.al\/sq\/product\/scholl-per-mykun-e-thonjve-2-ne-1\/#breadcrumb","itemListElement":[{"@type":"ListItem","position":1,"name":"Home","item":"https:\/\/vitanet.al\/sq\/"},{"@type":"ListItem","position":2,"name":"Shop","item":"https:\/\/vitanet.al\/sq\/shop\/"},{"@type":"ListItem","position":3,"name":"SCHOLL P\u00cbR MYKUN E THONJVE 2 N\u00cb 1"}]},{"@type":"WebSite","@id":"https:\/\/vitanet.al\/sq\/#website","url":"https:\/\/vitanet.al\/sq\/","name":"VITANET ALBANIA","description":"","publisher":{"@id":"https:\/\/vitanet.al\/sq\/#organization"},"potentialAction":[{"@type":"SearchAction","target":{"@type":"EntryPoint","urlTemplate":"https:\/\/vitanet.al\/sq\/?s={search_term_string}"},"query-input":{"@type":"PropertyValueSpecification","valueRequired":true,"valueName":"search_term_string"}}],"inLanguage":"sq-AL"},{"@type":"Organization","@id":"https:\/\/vitanet.al\/sq\/#organization","name":"VITANET ALBANIA","url":"https:\/\/vitanet.al\/sq\/","logo":{"@type":"ImageObject","inLanguage":"sq-AL","@id":"https:\/\/vitanet.al\/sq\/#\/schema\/logo\/image\/","url":"https:\/\/vitanet.al\/wp-content\/uploads\/2022\/02\/Vitanet_Logo-scaled.webp","contentUrl":"https:\/\/vitanet.al\/wp-content\/uploads\/2022\/02\/Vitanet_Logo-scaled.webp","width":2560,"height":714,"caption":"VITANET ALBANIA"},"image":{"@id":"https:\/\/vitanet.al\/sq\/#\/schema\/logo\/image\/"}}]}},"_links":{"self":[{"href":"https:\/\/vitanet.al\/sq\/wp-json\/wp\/v2\/product\/8541","targetHints":{"allow":["GET"]}}],"collection":[{"href":"https:\/\/vitanet.al\/sq\/wp-json\/wp\/v2\/product"}],"about":[{"href":"https:\/\/vitanet.al\/sq\/wp-json\/wp\/v2\/types\/product"}],"version-history":[{"count":0,"href":"https:\/\/vitanet.al\/sq\/wp-json\/wp\/v2\/product\/8541\/revisions"}],"wp:featuredmedia":[{"embeddable":true,"href":"https:\/\/vitanet.al\/sq\/wp-json\/wp\/v2\/media\/8535"}],"wp:attachment":[{"href":"https:\/\/vitanet.al\/sq\/wp-json\/wp\/v2\/media?parent=8541"}],"wp:term":[{"taxonomy":"product_brand","embeddable":true,"href":"https:\/\/vitanet.al\/sq\/wp-json\/wp\/v2\/product_brand?post=8541"},{"taxonomy":"product_cat","embeddable":true,"href":"https:\/\/vitanet.al\/sq\/wp-json\/wp\/v2\/product_cat?post=8541"},{"taxonomy":"product_tag","embeddable":true,"href":"https:\/\/vitanet.al\/sq\/wp-json\/wp\/v2\/product_tag?post=8541"}],"curies":[{"name":"wp","href":"https:\/\/api.w.org\/{rel}","templated":true}]}}