{"id":8547,"date":"2026-03-26T13:39:46","date_gmt":"2026-03-26T13:39:46","guid":{"rendered":"https:\/\/vitanet.al\/product\/scholl-stik-per-thembrat-e-plasaritura\/"},"modified":"2026-03-26T13:39:46","modified_gmt":"2026-03-26T13:39:46","slug":"scholl-stik-per-thembrat-e-plasaritura","status":"publish","type":"product","link":"https:\/\/vitanet.al\/sq\/product\/scholl-stik-per-thembrat-e-plasaritura\/","title":{"rendered":"SCHOLL STIK P\u00cbR THEMBRAT E PLASARITURA"},"content":{"rendered":"<p>BALSAM RIGJENERUES: Balsami p\u00ebr riparimin e thembrave t\u00eb \u00e7ara \u00ebsht\u00eb krijuar posa\u00e7\u00ebrisht p\u00ebr t\u00eb sh\u00ebruar e riparuar thembrat e tua dhe p\u00ebr t\u00eb qet\u00ebsuar l\u00ebkur\u00ebn e thar\u00eb e t\u00eb irrituar.<br \/>\nHIDRATON THELL\u00cbSISHT: Fal\u00eb p\u00ebrb\u00ebr\u00ebsve si urea, gjalpi Shea dhe vaji i mentes, thembrat e tua q\u00ebndrojn\u00eb t\u00eb hidratuara, t\u00eb buta dhe t\u00eb mbrojtura.<br \/>\nAplikoje me boll\u00ebk n\u00eb thembra, k\u00ebmb\u00eb dhe gisht\u00ebrinj. Kjo krijon nj\u00eb shtres\u00eb mbrojt\u00ebse t\u00eb padukshme q\u00eb bllokon lag\u00ebshtin\u00eb. P\u00ebr rezultate m\u00eb t\u00eb mira, aplikoje pas dushit ose larjes.<br \/>\nTESTUAR DERMATOLOGJIKISHT: I sigurt p\u00ebr diabetik\u00ebt.<br \/>\nPaketimi: Stik 70 g  <\/p>\n","protected":false},"excerpt":{"rendered":"<p>BALSAM RIGJENERUES: Balsami p\u00ebr riparimin e thembrave t\u00eb \u00e7ara \u00ebsht\u00eb krijuar posa\u00e7\u00ebrisht p\u00ebr t\u00eb sh\u00ebruar e riparuar thembrat e tua dhe p\u00ebr t\u00eb qet\u00ebsuar l\u00ebkur\u00ebn e thar\u00eb e t\u00eb irrituar. HIDRATON THELL\u00cbSISHT: Fal\u00eb p\u00ebrb\u00ebr\u00ebsve si urea, gjalpi Shea dhe vaji i mentes, thembrat e tua q\u00ebndrojn\u00eb t\u00eb hidratuara, t\u00eb buta dhe t\u00eb mbrojtura. Aplikoje me [&hellip;]<\/p>\n","protected":false},"featured_media":8545,"template":"","meta":[],"product_brand":[],"product_cat":[182,181],"product_tag":[187,191,183,196,186,184],"class_list":{"0":"post-8547","1":"product","2":"type-product","3":"status-publish","4":"has-post-thumbnail","6":"product_cat-kujdesi-personal","7":"product_cat-scholl","8":"product_tag-kembe","9":"product_tag-kujdes-personal","10":"product_tag-kujdesi-per-kembet","11":"product_tag-maske-per-kembet","12":"product_tag-perkujdesi","13":"product_tag-scholl","15":"first","16":"instock","17":"shipping-taxable","18":"purchasable","19":"product-type-simple"},"yoast_head":"<!-- This site is optimized with the Yoast SEO plugin v27.3 - https:\/\/yoast.com\/product\/yoast-seo-wordpress\/ -->\n<title>SCHOLL STIK P\u00cbR THEMBRAT E PLASARITURA - VITANET ALBANIA<\/title>\n<meta name=\"robots\" content=\"index, follow, max-snippet:-1, max-image-preview:large, max-video-preview:-1\" \/>\n<link rel=\"canonical\" href=\"https:\/\/vitanet.al\/sq\/product\/scholl-stik-per-thembrat-e-plasaritura\/\" \/>\n<meta property=\"og:locale\" content=\"sq_AL\" \/>\n<meta property=\"og:type\" content=\"article\" \/>\n<meta property=\"og:title\" content=\"SCHOLL STIK P\u00cbR THEMBRAT E PLASARITURA - VITANET ALBANIA\" \/>\n<meta property=\"og:description\" content=\"BALSAM RIGJENERUES: Balsami p\u00ebr riparimin e thembrave t\u00eb \u00e7ara \u00ebsht\u00eb krijuar posa\u00e7\u00ebrisht p\u00ebr t\u00eb sh\u00ebruar e riparuar thembrat e tua dhe p\u00ebr t\u00eb qet\u00ebsuar l\u00ebkur\u00ebn e thar\u00eb e t\u00eb irrituar. HIDRATON THELL\u00cbSISHT: Fal\u00eb p\u00ebrb\u00ebr\u00ebsve si urea, gjalpi Shea dhe vaji i mentes, thembrat e tua q\u00ebndrojn\u00eb t\u00eb hidratuara, t\u00eb buta dhe t\u00eb mbrojtura. Aplikoje me [&hellip;]\" \/>\n<meta property=\"og:url\" content=\"https:\/\/vitanet.al\/sq\/product\/scholl-stik-per-thembrat-e-plasaritura\/\" \/>\n<meta property=\"og:site_name\" content=\"VITANET ALBANIA\" \/>\n<meta property=\"og:image\" content=\"https:\/\/vitanet.al\/wp-content\/uploads\/2026\/03\/ALB_4197-e1774532312633.jpg\" \/>\n\t<meta property=\"og:image:width\" content=\"1080\" \/>\n\t<meta property=\"og:image:height\" content=\"1080\" \/>\n\t<meta property=\"og:image:type\" content=\"image\/jpeg\" \/>\n<meta name=\"twitter:card\" content=\"summary_large_image\" \/>\n<meta name=\"twitter:label1\" content=\"Est. reading time\" \/>\n\t<meta name=\"twitter:data1\" content=\"1 minute\" \/>\n<script type=\"application\/ld+json\" class=\"yoast-schema-graph\">{\"@context\":\"https:\\\/\\\/schema.org\",\"@graph\":[{\"@type\":\"WebPage\",\"@id\":\"https:\\\/\\\/vitanet.al\\\/sq\\\/product\\\/scholl-stik-per-thembrat-e-plasaritura\\\/\",\"url\":\"https:\\\/\\\/vitanet.al\\\/sq\\\/product\\\/scholl-stik-per-thembrat-e-plasaritura\\\/\",\"name\":\"SCHOLL STIK P\u00cbR THEMBRAT E PLASARITURA - VITANET ALBANIA\",\"isPartOf\":{\"@id\":\"https:\\\/\\\/vitanet.al\\\/sq\\\/#website\"},\"primaryImageOfPage\":{\"@id\":\"https:\\\/\\\/vitanet.al\\\/sq\\\/product\\\/scholl-stik-per-thembrat-e-plasaritura\\\/#primaryimage\"},\"image\":{\"@id\":\"https:\\\/\\\/vitanet.al\\\/sq\\\/product\\\/scholl-stik-per-thembrat-e-plasaritura\\\/#primaryimage\"},\"thumbnailUrl\":\"https:\\\/\\\/vitanet.al\\\/wp-content\\\/uploads\\\/2026\\\/03\\\/ALB_4197-e1774532312633.jpg\",\"datePublished\":\"2026-03-26T13:39:46+00:00\",\"breadcrumb\":{\"@id\":\"https:\\\/\\\/vitanet.al\\\/sq\\\/product\\\/scholl-stik-per-thembrat-e-plasaritura\\\/#breadcrumb\"},\"inLanguage\":\"sq-AL\",\"potentialAction\":[{\"@type\":\"ReadAction\",\"target\":[\"https:\\\/\\\/vitanet.al\\\/sq\\\/product\\\/scholl-stik-per-thembrat-e-plasaritura\\\/\"]}]},{\"@type\":\"ImageObject\",\"inLanguage\":\"sq-AL\",\"@id\":\"https:\\\/\\\/vitanet.al\\\/sq\\\/product\\\/scholl-stik-per-thembrat-e-plasaritura\\\/#primaryimage\",\"url\":\"https:\\\/\\\/vitanet.al\\\/wp-content\\\/uploads\\\/2026\\\/03\\\/ALB_4197-e1774532312633.jpg\",\"contentUrl\":\"https:\\\/\\\/vitanet.al\\\/wp-content\\\/uploads\\\/2026\\\/03\\\/ALB_4197-e1774532312633.jpg\",\"width\":1080,\"height\":1080},{\"@type\":\"BreadcrumbList\",\"@id\":\"https:\\\/\\\/vitanet.al\\\/sq\\\/product\\\/scholl-stik-per-thembrat-e-plasaritura\\\/#breadcrumb\",\"itemListElement\":[{\"@type\":\"ListItem\",\"position\":1,\"name\":\"Home\",\"item\":\"https:\\\/\\\/vitanet.al\\\/sq\\\/\"},{\"@type\":\"ListItem\",\"position\":2,\"name\":\"Shop\",\"item\":\"https:\\\/\\\/vitanet.al\\\/sq\\\/shop\\\/\"},{\"@type\":\"ListItem\",\"position\":3,\"name\":\"SCHOLL STIK P\u00cbR THEMBRAT E PLASARITURA\"}]},{\"@type\":\"WebSite\",\"@id\":\"https:\\\/\\\/vitanet.al\\\/sq\\\/#website\",\"url\":\"https:\\\/\\\/vitanet.al\\\/sq\\\/\",\"name\":\"VITANET ALBANIA\",\"description\":\"\",\"publisher\":{\"@id\":\"https:\\\/\\\/vitanet.al\\\/sq\\\/#organization\"},\"potentialAction\":[{\"@type\":\"SearchAction\",\"target\":{\"@type\":\"EntryPoint\",\"urlTemplate\":\"https:\\\/\\\/vitanet.al\\\/sq\\\/?s={search_term_string}\"},\"query-input\":{\"@type\":\"PropertyValueSpecification\",\"valueRequired\":true,\"valueName\":\"search_term_string\"}}],\"inLanguage\":\"sq-AL\"},{\"@type\":\"Organization\",\"@id\":\"https:\\\/\\\/vitanet.al\\\/sq\\\/#organization\",\"name\":\"VITANET ALBANIA\",\"url\":\"https:\\\/\\\/vitanet.al\\\/sq\\\/\",\"logo\":{\"@type\":\"ImageObject\",\"inLanguage\":\"sq-AL\",\"@id\":\"https:\\\/\\\/vitanet.al\\\/sq\\\/#\\\/schema\\\/logo\\\/image\\\/\",\"url\":\"https:\\\/\\\/vitanet.al\\\/wp-content\\\/uploads\\\/2022\\\/02\\\/Vitanet_Logo-scaled.webp\",\"contentUrl\":\"https:\\\/\\\/vitanet.al\\\/wp-content\\\/uploads\\\/2022\\\/02\\\/Vitanet_Logo-scaled.webp\",\"width\":2560,\"height\":714,\"caption\":\"VITANET ALBANIA\"},\"image\":{\"@id\":\"https:\\\/\\\/vitanet.al\\\/sq\\\/#\\\/schema\\\/logo\\\/image\\\/\"}}]}<\/script>\n<!-- \/ Yoast SEO plugin. -->","yoast_head_json":{"title":"SCHOLL STIK P\u00cbR THEMBRAT E PLASARITURA - VITANET ALBANIA","robots":{"index":"index","follow":"follow","max-snippet":"max-snippet:-1","max-image-preview":"max-image-preview:large","max-video-preview":"max-video-preview:-1"},"canonical":"https:\/\/vitanet.al\/sq\/product\/scholl-stik-per-thembrat-e-plasaritura\/","og_locale":"sq_AL","og_type":"article","og_title":"SCHOLL STIK P\u00cbR THEMBRAT E PLASARITURA - VITANET ALBANIA","og_description":"BALSAM RIGJENERUES: Balsami p\u00ebr riparimin e thembrave t\u00eb \u00e7ara \u00ebsht\u00eb krijuar posa\u00e7\u00ebrisht p\u00ebr t\u00eb sh\u00ebruar e riparuar thembrat e tua dhe p\u00ebr t\u00eb qet\u00ebsuar l\u00ebkur\u00ebn e thar\u00eb e t\u00eb irrituar. HIDRATON THELL\u00cbSISHT: Fal\u00eb p\u00ebrb\u00ebr\u00ebsve si urea, gjalpi Shea dhe vaji i mentes, thembrat e tua q\u00ebndrojn\u00eb t\u00eb hidratuara, t\u00eb buta dhe t\u00eb mbrojtura. Aplikoje me [&hellip;]","og_url":"https:\/\/vitanet.al\/sq\/product\/scholl-stik-per-thembrat-e-plasaritura\/","og_site_name":"VITANET ALBANIA","og_image":[{"width":1080,"height":1080,"url":"https:\/\/vitanet.al\/wp-content\/uploads\/2026\/03\/ALB_4197-e1774532312633.jpg","type":"image\/jpeg"}],"twitter_card":"summary_large_image","twitter_misc":{"Est. reading time":"1 minute"},"schema":{"@context":"https:\/\/schema.org","@graph":[{"@type":"WebPage","@id":"https:\/\/vitanet.al\/sq\/product\/scholl-stik-per-thembrat-e-plasaritura\/","url":"https:\/\/vitanet.al\/sq\/product\/scholl-stik-per-thembrat-e-plasaritura\/","name":"SCHOLL STIK P\u00cbR THEMBRAT E PLASARITURA - VITANET ALBANIA","isPartOf":{"@id":"https:\/\/vitanet.al\/sq\/#website"},"primaryImageOfPage":{"@id":"https:\/\/vitanet.al\/sq\/product\/scholl-stik-per-thembrat-e-plasaritura\/#primaryimage"},"image":{"@id":"https:\/\/vitanet.al\/sq\/product\/scholl-stik-per-thembrat-e-plasaritura\/#primaryimage"},"thumbnailUrl":"https:\/\/vitanet.al\/wp-content\/uploads\/2026\/03\/ALB_4197-e1774532312633.jpg","datePublished":"2026-03-26T13:39:46+00:00","breadcrumb":{"@id":"https:\/\/vitanet.al\/sq\/product\/scholl-stik-per-thembrat-e-plasaritura\/#breadcrumb"},"inLanguage":"sq-AL","potentialAction":[{"@type":"ReadAction","target":["https:\/\/vitanet.al\/sq\/product\/scholl-stik-per-thembrat-e-plasaritura\/"]}]},{"@type":"ImageObject","inLanguage":"sq-AL","@id":"https:\/\/vitanet.al\/sq\/product\/scholl-stik-per-thembrat-e-plasaritura\/#primaryimage","url":"https:\/\/vitanet.al\/wp-content\/uploads\/2026\/03\/ALB_4197-e1774532312633.jpg","contentUrl":"https:\/\/vitanet.al\/wp-content\/uploads\/2026\/03\/ALB_4197-e1774532312633.jpg","width":1080,"height":1080},{"@type":"BreadcrumbList","@id":"https:\/\/vitanet.al\/sq\/product\/scholl-stik-per-thembrat-e-plasaritura\/#breadcrumb","itemListElement":[{"@type":"ListItem","position":1,"name":"Home","item":"https:\/\/vitanet.al\/sq\/"},{"@type":"ListItem","position":2,"name":"Shop","item":"https:\/\/vitanet.al\/sq\/shop\/"},{"@type":"ListItem","position":3,"name":"SCHOLL STIK P\u00cbR THEMBRAT E PLASARITURA"}]},{"@type":"WebSite","@id":"https:\/\/vitanet.al\/sq\/#website","url":"https:\/\/vitanet.al\/sq\/","name":"VITANET ALBANIA","description":"","publisher":{"@id":"https:\/\/vitanet.al\/sq\/#organization"},"potentialAction":[{"@type":"SearchAction","target":{"@type":"EntryPoint","urlTemplate":"https:\/\/vitanet.al\/sq\/?s={search_term_string}"},"query-input":{"@type":"PropertyValueSpecification","valueRequired":true,"valueName":"search_term_string"}}],"inLanguage":"sq-AL"},{"@type":"Organization","@id":"https:\/\/vitanet.al\/sq\/#organization","name":"VITANET ALBANIA","url":"https:\/\/vitanet.al\/sq\/","logo":{"@type":"ImageObject","inLanguage":"sq-AL","@id":"https:\/\/vitanet.al\/sq\/#\/schema\/logo\/image\/","url":"https:\/\/vitanet.al\/wp-content\/uploads\/2022\/02\/Vitanet_Logo-scaled.webp","contentUrl":"https:\/\/vitanet.al\/wp-content\/uploads\/2022\/02\/Vitanet_Logo-scaled.webp","width":2560,"height":714,"caption":"VITANET ALBANIA"},"image":{"@id":"https:\/\/vitanet.al\/sq\/#\/schema\/logo\/image\/"}}]}},"_links":{"self":[{"href":"https:\/\/vitanet.al\/sq\/wp-json\/wp\/v2\/product\/8547","targetHints":{"allow":["GET"]}}],"collection":[{"href":"https:\/\/vitanet.al\/sq\/wp-json\/wp\/v2\/product"}],"about":[{"href":"https:\/\/vitanet.al\/sq\/wp-json\/wp\/v2\/types\/product"}],"version-history":[{"count":0,"href":"https:\/\/vitanet.al\/sq\/wp-json\/wp\/v2\/product\/8547\/revisions"}],"wp:featuredmedia":[{"embeddable":true,"href":"https:\/\/vitanet.al\/sq\/wp-json\/wp\/v2\/media\/8545"}],"wp:attachment":[{"href":"https:\/\/vitanet.al\/sq\/wp-json\/wp\/v2\/media?parent=8547"}],"wp:term":[{"taxonomy":"product_brand","embeddable":true,"href":"https:\/\/vitanet.al\/sq\/wp-json\/wp\/v2\/product_brand?post=8547"},{"taxonomy":"product_cat","embeddable":true,"href":"https:\/\/vitanet.al\/sq\/wp-json\/wp\/v2\/product_cat?post=8547"},{"taxonomy":"product_tag","embeddable":true,"href":"https:\/\/vitanet.al\/sq\/wp-json\/wp\/v2\/product_tag?post=8547"}],"curies":[{"name":"wp","href":"https:\/\/api.w.org\/{rel}","templated":true}]}}