{"id":8552,"date":"2026-03-26T14:44:10","date_gmt":"2026-03-26T14:44:10","guid":{"rendered":"https:\/\/vitanet.al\/product\/scholl-puder-per-kembet\/"},"modified":"2026-03-26T14:50:18","modified_gmt":"2026-03-26T14:50:18","slug":"scholl-puder-per-kembet","status":"publish","type":"product","link":"https:\/\/vitanet.al\/sq\/product\/scholl-puder-per-kembet\/","title":{"rendered":"SCHOLL PUD\u00cbR P\u00cbR K\u00cbMB\u00cbT"},"content":{"rendered":"<p>PUD\u00cbR K\u00cbMB\u00cbSH DR. SCHOLL&#8217;S KUND\u00cbR ER\u00cbS S\u00cb KEQE<br \/>\nPudra p\u00ebr k\u00ebmb\u00eb Dr. Scholl&#8217;s Ultra Odour-Fighting p\u00ebrthith djers\u00ebn p\u00ebr t\u00eb kontrolluar lag\u00ebshtin\u00eb dhe p\u00ebr t&#8217;i mbajtur k\u00ebmb\u00ebt dhe k\u00ebpuc\u00ebt t\u00eb fresk\u00ebta. E formuluar me 4 p\u00ebrb\u00ebr\u00ebs aktiv\u00eb, ajo eliminon aromat e pak\u00ebndshme duke i l\u00ebn\u00eb k\u00ebmb\u00ebt t\u00eb fresk\u00ebta.<br \/>\nE testuar klinikisht p\u00ebr mbrojtje deri n\u00eb 48 or\u00eb. E p\u00ebrshtatshme p\u00ebr p\u00ebrdorim t\u00eb p\u00ebrditsh\u00ebm, ideale p\u00ebr ata q\u00eb q\u00ebndrojn\u00eb gjat\u00eb n\u00eb k\u00ebmb\u00eb dhe p\u00ebr diabetik\u00ebt.<br \/>\nPaketimi: 85 g  <\/p>\n","protected":false},"excerpt":{"rendered":"<p>PUD\u00cbR K\u00cbMB\u00cbSH DR. SCHOLL&#8217;S KUND\u00cbR ER\u00cbS S\u00cb KEQE Pudra p\u00ebr k\u00ebmb\u00eb Dr. Scholl&#8217;s Ultra Odour-Fighting p\u00ebrthith djers\u00ebn p\u00ebr t\u00eb kontrolluar lag\u00ebshtin\u00eb dhe p\u00ebr t&#8217;i mbajtur k\u00ebmb\u00ebt dhe k\u00ebpuc\u00ebt t\u00eb fresk\u00ebta. E formuluar me 4 p\u00ebrb\u00ebr\u00ebs aktiv\u00eb, ajo eliminon aromat e pak\u00ebndshme duke i l\u00ebn\u00eb k\u00ebmb\u00ebt t\u00eb fresk\u00ebta. E testuar klinikisht p\u00ebr mbrojtje deri n\u00eb 48 [&hellip;]<\/p>\n","protected":false},"featured_media":8554,"template":"","meta":[],"product_brand":[],"product_cat":[182,181],"product_tag":[191,183,196,188,186,184],"class_list":{"0":"post-8552","1":"product","2":"type-product","3":"status-publish","4":"has-post-thumbnail","6":"product_cat-kujdesi-personal","7":"product_cat-scholl","8":"product_tag-kujdes-personal","9":"product_tag-kujdesi-per-kembet","10":"product_tag-maske-per-kembet","11":"product_tag-mirembajtje","12":"product_tag-perkujdesi","13":"product_tag-scholl","15":"first","16":"instock","17":"shipping-taxable","18":"purchasable","19":"product-type-simple"},"yoast_head":"<!-- This site is optimized with the Yoast SEO plugin v27.3 - https:\/\/yoast.com\/product\/yoast-seo-wordpress\/ -->\n<title>SCHOLL PUD\u00cbR P\u00cbR K\u00cbMB\u00cbT - VITANET ALBANIA<\/title>\n<meta name=\"robots\" content=\"index, follow, max-snippet:-1, max-image-preview:large, max-video-preview:-1\" \/>\n<link rel=\"canonical\" href=\"https:\/\/vitanet.al\/sq\/product\/scholl-puder-per-kembet\/\" \/>\n<meta property=\"og:locale\" content=\"sq_AL\" \/>\n<meta property=\"og:type\" content=\"article\" \/>\n<meta property=\"og:title\" content=\"SCHOLL PUD\u00cbR P\u00cbR K\u00cbMB\u00cbT - VITANET ALBANIA\" \/>\n<meta property=\"og:description\" content=\"PUD\u00cbR K\u00cbMB\u00cbSH DR. SCHOLL&#8217;S KUND\u00cbR ER\u00cbS S\u00cb KEQE Pudra p\u00ebr k\u00ebmb\u00eb Dr. Scholl&#8217;s Ultra Odour-Fighting p\u00ebrthith djers\u00ebn p\u00ebr t\u00eb kontrolluar lag\u00ebshtin\u00eb dhe p\u00ebr t&#8217;i mbajtur k\u00ebmb\u00ebt dhe k\u00ebpuc\u00ebt t\u00eb fresk\u00ebta. E formuluar me 4 p\u00ebrb\u00ebr\u00ebs aktiv\u00eb, ajo eliminon aromat e pak\u00ebndshme duke i l\u00ebn\u00eb k\u00ebmb\u00ebt t\u00eb fresk\u00ebta. E testuar klinikisht p\u00ebr mbrojtje deri n\u00eb 48 [&hellip;]\" \/>\n<meta property=\"og:url\" content=\"https:\/\/vitanet.al\/sq\/product\/scholl-puder-per-kembet\/\" \/>\n<meta property=\"og:site_name\" content=\"VITANET ALBANIA\" \/>\n<meta property=\"article:modified_time\" content=\"2026-03-26T14:50:18+00:00\" \/>\n<meta property=\"og:image\" content=\"https:\/\/vitanet.al\/wp-content\/uploads\/2026\/03\/ALB_4198-e1774536350612.jpg\" \/>\n\t<meta property=\"og:image:width\" content=\"1080\" \/>\n\t<meta property=\"og:image:height\" content=\"1080\" \/>\n\t<meta property=\"og:image:type\" content=\"image\/jpeg\" \/>\n<meta name=\"twitter:card\" content=\"summary_large_image\" \/>\n<meta name=\"twitter:label1\" content=\"Est. reading time\" \/>\n\t<meta name=\"twitter:data1\" content=\"1 minute\" \/>\n<script type=\"application\/ld+json\" class=\"yoast-schema-graph\">{\"@context\":\"https:\\\/\\\/schema.org\",\"@graph\":[{\"@type\":\"WebPage\",\"@id\":\"https:\\\/\\\/vitanet.al\\\/sq\\\/product\\\/scholl-puder-per-kembet\\\/\",\"url\":\"https:\\\/\\\/vitanet.al\\\/sq\\\/product\\\/scholl-puder-per-kembet\\\/\",\"name\":\"SCHOLL PUD\u00cbR P\u00cbR K\u00cbMB\u00cbT - VITANET ALBANIA\",\"isPartOf\":{\"@id\":\"https:\\\/\\\/vitanet.al\\\/sq\\\/#website\"},\"primaryImageOfPage\":{\"@id\":\"https:\\\/\\\/vitanet.al\\\/sq\\\/product\\\/scholl-puder-per-kembet\\\/#primaryimage\"},\"image\":{\"@id\":\"https:\\\/\\\/vitanet.al\\\/sq\\\/product\\\/scholl-puder-per-kembet\\\/#primaryimage\"},\"thumbnailUrl\":\"https:\\\/\\\/vitanet.al\\\/wp-content\\\/uploads\\\/2026\\\/03\\\/ALB_4198-e1774536350612.jpg\",\"datePublished\":\"2026-03-26T14:44:10+00:00\",\"dateModified\":\"2026-03-26T14:50:18+00:00\",\"breadcrumb\":{\"@id\":\"https:\\\/\\\/vitanet.al\\\/sq\\\/product\\\/scholl-puder-per-kembet\\\/#breadcrumb\"},\"inLanguage\":\"sq-AL\",\"potentialAction\":[{\"@type\":\"ReadAction\",\"target\":[\"https:\\\/\\\/vitanet.al\\\/sq\\\/product\\\/scholl-puder-per-kembet\\\/\"]}]},{\"@type\":\"ImageObject\",\"inLanguage\":\"sq-AL\",\"@id\":\"https:\\\/\\\/vitanet.al\\\/sq\\\/product\\\/scholl-puder-per-kembet\\\/#primaryimage\",\"url\":\"https:\\\/\\\/vitanet.al\\\/wp-content\\\/uploads\\\/2026\\\/03\\\/ALB_4198-e1774536350612.jpg\",\"contentUrl\":\"https:\\\/\\\/vitanet.al\\\/wp-content\\\/uploads\\\/2026\\\/03\\\/ALB_4198-e1774536350612.jpg\",\"width\":1080,\"height\":1080},{\"@type\":\"BreadcrumbList\",\"@id\":\"https:\\\/\\\/vitanet.al\\\/sq\\\/product\\\/scholl-puder-per-kembet\\\/#breadcrumb\",\"itemListElement\":[{\"@type\":\"ListItem\",\"position\":1,\"name\":\"Home\",\"item\":\"https:\\\/\\\/vitanet.al\\\/sq\\\/\"},{\"@type\":\"ListItem\",\"position\":2,\"name\":\"Shop\",\"item\":\"https:\\\/\\\/vitanet.al\\\/sq\\\/shop\\\/\"},{\"@type\":\"ListItem\",\"position\":3,\"name\":\"SCHOLL PUD\u00cbR P\u00cbR K\u00cbMB\u00cbT\"}]},{\"@type\":\"WebSite\",\"@id\":\"https:\\\/\\\/vitanet.al\\\/sq\\\/#website\",\"url\":\"https:\\\/\\\/vitanet.al\\\/sq\\\/\",\"name\":\"VITANET ALBANIA\",\"description\":\"\",\"publisher\":{\"@id\":\"https:\\\/\\\/vitanet.al\\\/sq\\\/#organization\"},\"potentialAction\":[{\"@type\":\"SearchAction\",\"target\":{\"@type\":\"EntryPoint\",\"urlTemplate\":\"https:\\\/\\\/vitanet.al\\\/sq\\\/?s={search_term_string}\"},\"query-input\":{\"@type\":\"PropertyValueSpecification\",\"valueRequired\":true,\"valueName\":\"search_term_string\"}}],\"inLanguage\":\"sq-AL\"},{\"@type\":\"Organization\",\"@id\":\"https:\\\/\\\/vitanet.al\\\/sq\\\/#organization\",\"name\":\"VITANET ALBANIA\",\"url\":\"https:\\\/\\\/vitanet.al\\\/sq\\\/\",\"logo\":{\"@type\":\"ImageObject\",\"inLanguage\":\"sq-AL\",\"@id\":\"https:\\\/\\\/vitanet.al\\\/sq\\\/#\\\/schema\\\/logo\\\/image\\\/\",\"url\":\"https:\\\/\\\/vitanet.al\\\/wp-content\\\/uploads\\\/2022\\\/02\\\/Vitanet_Logo-scaled.webp\",\"contentUrl\":\"https:\\\/\\\/vitanet.al\\\/wp-content\\\/uploads\\\/2022\\\/02\\\/Vitanet_Logo-scaled.webp\",\"width\":2560,\"height\":714,\"caption\":\"VITANET ALBANIA\"},\"image\":{\"@id\":\"https:\\\/\\\/vitanet.al\\\/sq\\\/#\\\/schema\\\/logo\\\/image\\\/\"}}]}<\/script>\n<!-- \/ Yoast SEO plugin. -->","yoast_head_json":{"title":"SCHOLL PUD\u00cbR P\u00cbR K\u00cbMB\u00cbT - VITANET ALBANIA","robots":{"index":"index","follow":"follow","max-snippet":"max-snippet:-1","max-image-preview":"max-image-preview:large","max-video-preview":"max-video-preview:-1"},"canonical":"https:\/\/vitanet.al\/sq\/product\/scholl-puder-per-kembet\/","og_locale":"sq_AL","og_type":"article","og_title":"SCHOLL PUD\u00cbR P\u00cbR K\u00cbMB\u00cbT - VITANET ALBANIA","og_description":"PUD\u00cbR K\u00cbMB\u00cbSH DR. SCHOLL&#8217;S KUND\u00cbR ER\u00cbS S\u00cb KEQE Pudra p\u00ebr k\u00ebmb\u00eb Dr. Scholl&#8217;s Ultra Odour-Fighting p\u00ebrthith djers\u00ebn p\u00ebr t\u00eb kontrolluar lag\u00ebshtin\u00eb dhe p\u00ebr t&#8217;i mbajtur k\u00ebmb\u00ebt dhe k\u00ebpuc\u00ebt t\u00eb fresk\u00ebta. E formuluar me 4 p\u00ebrb\u00ebr\u00ebs aktiv\u00eb, ajo eliminon aromat e pak\u00ebndshme duke i l\u00ebn\u00eb k\u00ebmb\u00ebt t\u00eb fresk\u00ebta. E testuar klinikisht p\u00ebr mbrojtje deri n\u00eb 48 [&hellip;]","og_url":"https:\/\/vitanet.al\/sq\/product\/scholl-puder-per-kembet\/","og_site_name":"VITANET ALBANIA","article_modified_time":"2026-03-26T14:50:18+00:00","og_image":[{"width":1080,"height":1080,"url":"https:\/\/vitanet.al\/wp-content\/uploads\/2026\/03\/ALB_4198-e1774536350612.jpg","type":"image\/jpeg"}],"twitter_card":"summary_large_image","twitter_misc":{"Est. reading time":"1 minute"},"schema":{"@context":"https:\/\/schema.org","@graph":[{"@type":"WebPage","@id":"https:\/\/vitanet.al\/sq\/product\/scholl-puder-per-kembet\/","url":"https:\/\/vitanet.al\/sq\/product\/scholl-puder-per-kembet\/","name":"SCHOLL PUD\u00cbR P\u00cbR K\u00cbMB\u00cbT - VITANET ALBANIA","isPartOf":{"@id":"https:\/\/vitanet.al\/sq\/#website"},"primaryImageOfPage":{"@id":"https:\/\/vitanet.al\/sq\/product\/scholl-puder-per-kembet\/#primaryimage"},"image":{"@id":"https:\/\/vitanet.al\/sq\/product\/scholl-puder-per-kembet\/#primaryimage"},"thumbnailUrl":"https:\/\/vitanet.al\/wp-content\/uploads\/2026\/03\/ALB_4198-e1774536350612.jpg","datePublished":"2026-03-26T14:44:10+00:00","dateModified":"2026-03-26T14:50:18+00:00","breadcrumb":{"@id":"https:\/\/vitanet.al\/sq\/product\/scholl-puder-per-kembet\/#breadcrumb"},"inLanguage":"sq-AL","potentialAction":[{"@type":"ReadAction","target":["https:\/\/vitanet.al\/sq\/product\/scholl-puder-per-kembet\/"]}]},{"@type":"ImageObject","inLanguage":"sq-AL","@id":"https:\/\/vitanet.al\/sq\/product\/scholl-puder-per-kembet\/#primaryimage","url":"https:\/\/vitanet.al\/wp-content\/uploads\/2026\/03\/ALB_4198-e1774536350612.jpg","contentUrl":"https:\/\/vitanet.al\/wp-content\/uploads\/2026\/03\/ALB_4198-e1774536350612.jpg","width":1080,"height":1080},{"@type":"BreadcrumbList","@id":"https:\/\/vitanet.al\/sq\/product\/scholl-puder-per-kembet\/#breadcrumb","itemListElement":[{"@type":"ListItem","position":1,"name":"Home","item":"https:\/\/vitanet.al\/sq\/"},{"@type":"ListItem","position":2,"name":"Shop","item":"https:\/\/vitanet.al\/sq\/shop\/"},{"@type":"ListItem","position":3,"name":"SCHOLL PUD\u00cbR P\u00cbR K\u00cbMB\u00cbT"}]},{"@type":"WebSite","@id":"https:\/\/vitanet.al\/sq\/#website","url":"https:\/\/vitanet.al\/sq\/","name":"VITANET ALBANIA","description":"","publisher":{"@id":"https:\/\/vitanet.al\/sq\/#organization"},"potentialAction":[{"@type":"SearchAction","target":{"@type":"EntryPoint","urlTemplate":"https:\/\/vitanet.al\/sq\/?s={search_term_string}"},"query-input":{"@type":"PropertyValueSpecification","valueRequired":true,"valueName":"search_term_string"}}],"inLanguage":"sq-AL"},{"@type":"Organization","@id":"https:\/\/vitanet.al\/sq\/#organization","name":"VITANET ALBANIA","url":"https:\/\/vitanet.al\/sq\/","logo":{"@type":"ImageObject","inLanguage":"sq-AL","@id":"https:\/\/vitanet.al\/sq\/#\/schema\/logo\/image\/","url":"https:\/\/vitanet.al\/wp-content\/uploads\/2022\/02\/Vitanet_Logo-scaled.webp","contentUrl":"https:\/\/vitanet.al\/wp-content\/uploads\/2022\/02\/Vitanet_Logo-scaled.webp","width":2560,"height":714,"caption":"VITANET ALBANIA"},"image":{"@id":"https:\/\/vitanet.al\/sq\/#\/schema\/logo\/image\/"}}]}},"_links":{"self":[{"href":"https:\/\/vitanet.al\/sq\/wp-json\/wp\/v2\/product\/8552","targetHints":{"allow":["GET"]}}],"collection":[{"href":"https:\/\/vitanet.al\/sq\/wp-json\/wp\/v2\/product"}],"about":[{"href":"https:\/\/vitanet.al\/sq\/wp-json\/wp\/v2\/types\/product"}],"version-history":[{"count":2,"href":"https:\/\/vitanet.al\/sq\/wp-json\/wp\/v2\/product\/8552\/revisions"}],"predecessor-version":[{"id":8557,"href":"https:\/\/vitanet.al\/sq\/wp-json\/wp\/v2\/product\/8552\/revisions\/8557"}],"wp:featuredmedia":[{"embeddable":true,"href":"https:\/\/vitanet.al\/sq\/wp-json\/wp\/v2\/media\/8554"}],"wp:attachment":[{"href":"https:\/\/vitanet.al\/sq\/wp-json\/wp\/v2\/media?parent=8552"}],"wp:term":[{"taxonomy":"product_brand","embeddable":true,"href":"https:\/\/vitanet.al\/sq\/wp-json\/wp\/v2\/product_brand?post=8552"},{"taxonomy":"product_cat","embeddable":true,"href":"https:\/\/vitanet.al\/sq\/wp-json\/wp\/v2\/product_cat?post=8552"},{"taxonomy":"product_tag","embeddable":true,"href":"https:\/\/vitanet.al\/sq\/wp-json\/wp\/v2\/product_tag?post=8552"}],"curies":[{"name":"wp","href":"https:\/\/api.w.org\/{rel}","templated":true}]}}