{"id":8565,"date":"2026-03-26T15:04:28","date_gmt":"2026-03-26T15:04:28","guid":{"rendered":"https:\/\/vitanet.al\/product\/lime-scholl-per-eliminimin-e-lekures-se-forte-te-kembeve\/"},"modified":"2026-03-26T15:10:16","modified_gmt":"2026-03-26T15:10:16","slug":"lime-scholl-per-eliminimin-e-lekures-se-forte-te-kembeve","status":"publish","type":"product","link":"https:\/\/vitanet.al\/sq\/product\/lime-scholl-per-eliminimin-e-lekures-se-forte-te-kembeve\/","title":{"rendered":"LIM\u00cb SCHOLL P\u00cbR ELIMINIMIN E L\u00cbKUR\u00cbS S\u00cb FORT\u00cb T\u00cb K\u00cbMB\u00cbVE"},"content":{"rendered":"<p>P\u00ebrfitoni k\u00ebmb\u00eb m\u00eb t\u00eb l\u00ebmuara brenda pak minutash me lim\u00ebn me teknologji nano glass. Shp\u00ebrndarja e nj\u00ebtrajtshme e pikave eksfoliuese dhe teknologjia nano e b\u00ebjn\u00eb m\u00eb efektive se metodat tradicionale. M\u00ebnyra e p\u00ebrdorimit: 1. Zhytini k\u00ebmb\u00ebt n\u00eb uj\u00eb t\u00eb ngroht\u00eb dhe thajini para se t&#8217;i limoni. 2. F\u00ebrkoji but\u00ebsisht k\u00ebmb\u00ebt me lim\u00eb. 3. Hiqe l\u00ebkur\u00ebn e vdekur me peshqir ose shp\u00eblaje. 4. Apliko krem p\u00ebr t\u00eb parandaluar rishfaqjen e l\u00ebkur\u00ebs s\u00eb fort\u00eb dhe kallove.<br \/>\nPaketimi: 1 cop\u00eb     <\/p>\n","protected":false},"excerpt":{"rendered":"<p>P\u00ebrfitoni k\u00ebmb\u00eb m\u00eb t\u00eb l\u00ebmuara brenda pak minutash me lim\u00ebn me teknologji nano glass. Shp\u00ebrndarja e nj\u00ebtrajtshme e pikave eksfoliuese dhe teknologjia nano e b\u00ebjn\u00eb m\u00eb efektive se metodat tradicionale. M\u00ebnyra e p\u00ebrdorimit: 1. Zhytini k\u00ebmb\u00ebt n\u00eb uj\u00eb t\u00eb ngroht\u00eb dhe thajini para se t&#8217;i limoni. 2. F\u00ebrkoji but\u00ebsisht k\u00ebmb\u00ebt me lim\u00eb. 3. Hiqe l\u00ebkur\u00ebn [&hellip;]<\/p>\n","protected":false},"featured_media":8567,"template":"","meta":[],"product_brand":[],"product_cat":[182,181],"product_tag":[187,191,183,196,188,186,184],"class_list":{"0":"post-8565","1":"product","2":"type-product","3":"status-publish","4":"has-post-thumbnail","6":"product_cat-kujdesi-personal","7":"product_cat-scholl","8":"product_tag-kembe","9":"product_tag-kujdes-personal","10":"product_tag-kujdesi-per-kembet","11":"product_tag-maske-per-kembet","12":"product_tag-mirembajtje","13":"product_tag-perkujdesi","14":"product_tag-scholl","16":"first","17":"instock","18":"shipping-taxable","19":"purchasable","20":"product-type-simple"},"yoast_head":"<!-- This site is optimized with the Yoast SEO plugin v27.3 - https:\/\/yoast.com\/product\/yoast-seo-wordpress\/ -->\n<title>LIM\u00cb SCHOLL P\u00cbR ELIMINIMIN E L\u00cbKUR\u00cbS S\u00cb FORT\u00cb T\u00cb K\u00cbMB\u00cbVE - VITANET ALBANIA<\/title>\n<meta name=\"robots\" content=\"index, follow, max-snippet:-1, max-image-preview:large, max-video-preview:-1\" \/>\n<link rel=\"canonical\" href=\"https:\/\/vitanet.al\/sq\/product\/lime-scholl-per-eliminimin-e-lekures-se-forte-te-kembeve\/\" \/>\n<meta property=\"og:locale\" content=\"sq_AL\" \/>\n<meta property=\"og:type\" content=\"article\" \/>\n<meta property=\"og:title\" content=\"LIM\u00cb SCHOLL P\u00cbR ELIMINIMIN E L\u00cbKUR\u00cbS S\u00cb FORT\u00cb T\u00cb K\u00cbMB\u00cbVE - VITANET ALBANIA\" \/>\n<meta property=\"og:description\" content=\"P\u00ebrfitoni k\u00ebmb\u00eb m\u00eb t\u00eb l\u00ebmuara brenda pak minutash me lim\u00ebn me teknologji nano glass. Shp\u00ebrndarja e nj\u00ebtrajtshme e pikave eksfoliuese dhe teknologjia nano e b\u00ebjn\u00eb m\u00eb efektive se metodat tradicionale. M\u00ebnyra e p\u00ebrdorimit: 1. Zhytini k\u00ebmb\u00ebt n\u00eb uj\u00eb t\u00eb ngroht\u00eb dhe thajini para se t&#8217;i limoni. 2. F\u00ebrkoji but\u00ebsisht k\u00ebmb\u00ebt me lim\u00eb. 3. Hiqe l\u00ebkur\u00ebn [&hellip;]\" \/>\n<meta property=\"og:url\" content=\"https:\/\/vitanet.al\/sq\/product\/lime-scholl-per-eliminimin-e-lekures-se-forte-te-kembeve\/\" \/>\n<meta property=\"og:site_name\" content=\"VITANET ALBANIA\" \/>\n<meta property=\"article:modified_time\" content=\"2026-03-26T15:10:16+00:00\" \/>\n<meta property=\"og:image\" content=\"https:\/\/vitanet.al\/wp-content\/uploads\/2026\/03\/ALB_4199-e1774537602594.jpg\" \/>\n\t<meta property=\"og:image:width\" content=\"1080\" \/>\n\t<meta property=\"og:image:height\" content=\"1080\" \/>\n\t<meta property=\"og:image:type\" content=\"image\/jpeg\" \/>\n<meta name=\"twitter:card\" content=\"summary_large_image\" \/>\n<script type=\"application\/ld+json\" class=\"yoast-schema-graph\">{\"@context\":\"https:\\\/\\\/schema.org\",\"@graph\":[{\"@type\":\"WebPage\",\"@id\":\"https:\\\/\\\/vitanet.al\\\/sq\\\/product\\\/lime-scholl-per-eliminimin-e-lekures-se-forte-te-kembeve\\\/\",\"url\":\"https:\\\/\\\/vitanet.al\\\/sq\\\/product\\\/lime-scholl-per-eliminimin-e-lekures-se-forte-te-kembeve\\\/\",\"name\":\"LIM\u00cb SCHOLL P\u00cbR ELIMINIMIN E L\u00cbKUR\u00cbS S\u00cb FORT\u00cb T\u00cb K\u00cbMB\u00cbVE - VITANET ALBANIA\",\"isPartOf\":{\"@id\":\"https:\\\/\\\/vitanet.al\\\/sq\\\/#website\"},\"primaryImageOfPage\":{\"@id\":\"https:\\\/\\\/vitanet.al\\\/sq\\\/product\\\/lime-scholl-per-eliminimin-e-lekures-se-forte-te-kembeve\\\/#primaryimage\"},\"image\":{\"@id\":\"https:\\\/\\\/vitanet.al\\\/sq\\\/product\\\/lime-scholl-per-eliminimin-e-lekures-se-forte-te-kembeve\\\/#primaryimage\"},\"thumbnailUrl\":\"https:\\\/\\\/vitanet.al\\\/wp-content\\\/uploads\\\/2026\\\/03\\\/ALB_4199-e1774537602594.jpg\",\"datePublished\":\"2026-03-26T15:04:28+00:00\",\"dateModified\":\"2026-03-26T15:10:16+00:00\",\"breadcrumb\":{\"@id\":\"https:\\\/\\\/vitanet.al\\\/sq\\\/product\\\/lime-scholl-per-eliminimin-e-lekures-se-forte-te-kembeve\\\/#breadcrumb\"},\"inLanguage\":\"sq-AL\",\"potentialAction\":[{\"@type\":\"ReadAction\",\"target\":[\"https:\\\/\\\/vitanet.al\\\/sq\\\/product\\\/lime-scholl-per-eliminimin-e-lekures-se-forte-te-kembeve\\\/\"]}]},{\"@type\":\"ImageObject\",\"inLanguage\":\"sq-AL\",\"@id\":\"https:\\\/\\\/vitanet.al\\\/sq\\\/product\\\/lime-scholl-per-eliminimin-e-lekures-se-forte-te-kembeve\\\/#primaryimage\",\"url\":\"https:\\\/\\\/vitanet.al\\\/wp-content\\\/uploads\\\/2026\\\/03\\\/ALB_4199-e1774537602594.jpg\",\"contentUrl\":\"https:\\\/\\\/vitanet.al\\\/wp-content\\\/uploads\\\/2026\\\/03\\\/ALB_4199-e1774537602594.jpg\",\"width\":1080,\"height\":1080},{\"@type\":\"BreadcrumbList\",\"@id\":\"https:\\\/\\\/vitanet.al\\\/sq\\\/product\\\/lime-scholl-per-eliminimin-e-lekures-se-forte-te-kembeve\\\/#breadcrumb\",\"itemListElement\":[{\"@type\":\"ListItem\",\"position\":1,\"name\":\"Home\",\"item\":\"https:\\\/\\\/vitanet.al\\\/sq\\\/\"},{\"@type\":\"ListItem\",\"position\":2,\"name\":\"Shop\",\"item\":\"https:\\\/\\\/vitanet.al\\\/sq\\\/shop\\\/\"},{\"@type\":\"ListItem\",\"position\":3,\"name\":\"LIM\u00cb SCHOLL P\u00cbR ELIMINIMIN E L\u00cbKUR\u00cbS S\u00cb FORT\u00cb T\u00cb K\u00cbMB\u00cbVE\"}]},{\"@type\":\"WebSite\",\"@id\":\"https:\\\/\\\/vitanet.al\\\/sq\\\/#website\",\"url\":\"https:\\\/\\\/vitanet.al\\\/sq\\\/\",\"name\":\"VITANET ALBANIA\",\"description\":\"\",\"publisher\":{\"@id\":\"https:\\\/\\\/vitanet.al\\\/sq\\\/#organization\"},\"potentialAction\":[{\"@type\":\"SearchAction\",\"target\":{\"@type\":\"EntryPoint\",\"urlTemplate\":\"https:\\\/\\\/vitanet.al\\\/sq\\\/?s={search_term_string}\"},\"query-input\":{\"@type\":\"PropertyValueSpecification\",\"valueRequired\":true,\"valueName\":\"search_term_string\"}}],\"inLanguage\":\"sq-AL\"},{\"@type\":\"Organization\",\"@id\":\"https:\\\/\\\/vitanet.al\\\/sq\\\/#organization\",\"name\":\"VITANET ALBANIA\",\"url\":\"https:\\\/\\\/vitanet.al\\\/sq\\\/\",\"logo\":{\"@type\":\"ImageObject\",\"inLanguage\":\"sq-AL\",\"@id\":\"https:\\\/\\\/vitanet.al\\\/sq\\\/#\\\/schema\\\/logo\\\/image\\\/\",\"url\":\"https:\\\/\\\/vitanet.al\\\/wp-content\\\/uploads\\\/2022\\\/02\\\/Vitanet_Logo-scaled.webp\",\"contentUrl\":\"https:\\\/\\\/vitanet.al\\\/wp-content\\\/uploads\\\/2022\\\/02\\\/Vitanet_Logo-scaled.webp\",\"width\":2560,\"height\":714,\"caption\":\"VITANET ALBANIA\"},\"image\":{\"@id\":\"https:\\\/\\\/vitanet.al\\\/sq\\\/#\\\/schema\\\/logo\\\/image\\\/\"}}]}<\/script>\n<!-- \/ Yoast SEO plugin. -->","yoast_head_json":{"title":"LIM\u00cb SCHOLL P\u00cbR ELIMINIMIN E L\u00cbKUR\u00cbS S\u00cb FORT\u00cb T\u00cb K\u00cbMB\u00cbVE - VITANET ALBANIA","robots":{"index":"index","follow":"follow","max-snippet":"max-snippet:-1","max-image-preview":"max-image-preview:large","max-video-preview":"max-video-preview:-1"},"canonical":"https:\/\/vitanet.al\/sq\/product\/lime-scholl-per-eliminimin-e-lekures-se-forte-te-kembeve\/","og_locale":"sq_AL","og_type":"article","og_title":"LIM\u00cb SCHOLL P\u00cbR ELIMINIMIN E L\u00cbKUR\u00cbS S\u00cb FORT\u00cb T\u00cb K\u00cbMB\u00cbVE - VITANET ALBANIA","og_description":"P\u00ebrfitoni k\u00ebmb\u00eb m\u00eb t\u00eb l\u00ebmuara brenda pak minutash me lim\u00ebn me teknologji nano glass. Shp\u00ebrndarja e nj\u00ebtrajtshme e pikave eksfoliuese dhe teknologjia nano e b\u00ebjn\u00eb m\u00eb efektive se metodat tradicionale. M\u00ebnyra e p\u00ebrdorimit: 1. Zhytini k\u00ebmb\u00ebt n\u00eb uj\u00eb t\u00eb ngroht\u00eb dhe thajini para se t&#8217;i limoni. 2. F\u00ebrkoji but\u00ebsisht k\u00ebmb\u00ebt me lim\u00eb. 3. Hiqe l\u00ebkur\u00ebn [&hellip;]","og_url":"https:\/\/vitanet.al\/sq\/product\/lime-scholl-per-eliminimin-e-lekures-se-forte-te-kembeve\/","og_site_name":"VITANET ALBANIA","article_modified_time":"2026-03-26T15:10:16+00:00","og_image":[{"width":1080,"height":1080,"url":"https:\/\/vitanet.al\/wp-content\/uploads\/2026\/03\/ALB_4199-e1774537602594.jpg","type":"image\/jpeg"}],"twitter_card":"summary_large_image","schema":{"@context":"https:\/\/schema.org","@graph":[{"@type":"WebPage","@id":"https:\/\/vitanet.al\/sq\/product\/lime-scholl-per-eliminimin-e-lekures-se-forte-te-kembeve\/","url":"https:\/\/vitanet.al\/sq\/product\/lime-scholl-per-eliminimin-e-lekures-se-forte-te-kembeve\/","name":"LIM\u00cb SCHOLL P\u00cbR ELIMINIMIN E L\u00cbKUR\u00cbS S\u00cb FORT\u00cb T\u00cb K\u00cbMB\u00cbVE - VITANET ALBANIA","isPartOf":{"@id":"https:\/\/vitanet.al\/sq\/#website"},"primaryImageOfPage":{"@id":"https:\/\/vitanet.al\/sq\/product\/lime-scholl-per-eliminimin-e-lekures-se-forte-te-kembeve\/#primaryimage"},"image":{"@id":"https:\/\/vitanet.al\/sq\/product\/lime-scholl-per-eliminimin-e-lekures-se-forte-te-kembeve\/#primaryimage"},"thumbnailUrl":"https:\/\/vitanet.al\/wp-content\/uploads\/2026\/03\/ALB_4199-e1774537602594.jpg","datePublished":"2026-03-26T15:04:28+00:00","dateModified":"2026-03-26T15:10:16+00:00","breadcrumb":{"@id":"https:\/\/vitanet.al\/sq\/product\/lime-scholl-per-eliminimin-e-lekures-se-forte-te-kembeve\/#breadcrumb"},"inLanguage":"sq-AL","potentialAction":[{"@type":"ReadAction","target":["https:\/\/vitanet.al\/sq\/product\/lime-scholl-per-eliminimin-e-lekures-se-forte-te-kembeve\/"]}]},{"@type":"ImageObject","inLanguage":"sq-AL","@id":"https:\/\/vitanet.al\/sq\/product\/lime-scholl-per-eliminimin-e-lekures-se-forte-te-kembeve\/#primaryimage","url":"https:\/\/vitanet.al\/wp-content\/uploads\/2026\/03\/ALB_4199-e1774537602594.jpg","contentUrl":"https:\/\/vitanet.al\/wp-content\/uploads\/2026\/03\/ALB_4199-e1774537602594.jpg","width":1080,"height":1080},{"@type":"BreadcrumbList","@id":"https:\/\/vitanet.al\/sq\/product\/lime-scholl-per-eliminimin-e-lekures-se-forte-te-kembeve\/#breadcrumb","itemListElement":[{"@type":"ListItem","position":1,"name":"Home","item":"https:\/\/vitanet.al\/sq\/"},{"@type":"ListItem","position":2,"name":"Shop","item":"https:\/\/vitanet.al\/sq\/shop\/"},{"@type":"ListItem","position":3,"name":"LIM\u00cb SCHOLL P\u00cbR ELIMINIMIN E L\u00cbKUR\u00cbS S\u00cb FORT\u00cb T\u00cb K\u00cbMB\u00cbVE"}]},{"@type":"WebSite","@id":"https:\/\/vitanet.al\/sq\/#website","url":"https:\/\/vitanet.al\/sq\/","name":"VITANET ALBANIA","description":"","publisher":{"@id":"https:\/\/vitanet.al\/sq\/#organization"},"potentialAction":[{"@type":"SearchAction","target":{"@type":"EntryPoint","urlTemplate":"https:\/\/vitanet.al\/sq\/?s={search_term_string}"},"query-input":{"@type":"PropertyValueSpecification","valueRequired":true,"valueName":"search_term_string"}}],"inLanguage":"sq-AL"},{"@type":"Organization","@id":"https:\/\/vitanet.al\/sq\/#organization","name":"VITANET ALBANIA","url":"https:\/\/vitanet.al\/sq\/","logo":{"@type":"ImageObject","inLanguage":"sq-AL","@id":"https:\/\/vitanet.al\/sq\/#\/schema\/logo\/image\/","url":"https:\/\/vitanet.al\/wp-content\/uploads\/2022\/02\/Vitanet_Logo-scaled.webp","contentUrl":"https:\/\/vitanet.al\/wp-content\/uploads\/2022\/02\/Vitanet_Logo-scaled.webp","width":2560,"height":714,"caption":"VITANET ALBANIA"},"image":{"@id":"https:\/\/vitanet.al\/sq\/#\/schema\/logo\/image\/"}}]}},"_links":{"self":[{"href":"https:\/\/vitanet.al\/sq\/wp-json\/wp\/v2\/product\/8565","targetHints":{"allow":["GET"]}}],"collection":[{"href":"https:\/\/vitanet.al\/sq\/wp-json\/wp\/v2\/product"}],"about":[{"href":"https:\/\/vitanet.al\/sq\/wp-json\/wp\/v2\/types\/product"}],"version-history":[{"count":1,"href":"https:\/\/vitanet.al\/sq\/wp-json\/wp\/v2\/product\/8565\/revisions"}],"predecessor-version":[{"id":8574,"href":"https:\/\/vitanet.al\/sq\/wp-json\/wp\/v2\/product\/8565\/revisions\/8574"}],"wp:featuredmedia":[{"embeddable":true,"href":"https:\/\/vitanet.al\/sq\/wp-json\/wp\/v2\/media\/8567"}],"wp:attachment":[{"href":"https:\/\/vitanet.al\/sq\/wp-json\/wp\/v2\/media?parent=8565"}],"wp:term":[{"taxonomy":"product_brand","embeddable":true,"href":"https:\/\/vitanet.al\/sq\/wp-json\/wp\/v2\/product_brand?post=8565"},{"taxonomy":"product_cat","embeddable":true,"href":"https:\/\/vitanet.al\/sq\/wp-json\/wp\/v2\/product_cat?post=8565"},{"taxonomy":"product_tag","embeddable":true,"href":"https:\/\/vitanet.al\/sq\/wp-json\/wp\/v2\/product_tag?post=8565"}],"curies":[{"name":"wp","href":"https:\/\/api.w.org\/{rel}","templated":true}]}}