{"id":8580,"date":"2026-03-26T15:11:35","date_gmt":"2026-03-26T15:11:35","guid":{"rendered":"https:\/\/vitanet.al\/product\/koke-rrotulluese-scholl-per-limen\/"},"modified":"2026-03-26T15:11:35","modified_gmt":"2026-03-26T15:11:35","slug":"koke-rrotulluese-scholl-per-limen","status":"publish","type":"product","link":"https:\/\/vitanet.al\/sq\/product\/koke-rrotulluese-scholl-per-limen\/","title":{"rendered":"KOK\u00cb RROTULLUESE SCHOLL P\u00cbR LIM\u00cbN"},"content":{"rendered":"<p>Koka rrotulluese z\u00ebvend\u00ebsuese p\u00ebr lim\u00ebn Scholl Expert Care File &amp; Smooth 2 n\u00eb 1.<br \/>\nPaketimi: 2 cop\u00eb<\/p>\n","protected":false},"excerpt":{"rendered":"<p>Koka rrotulluese z\u00ebvend\u00ebsuese p\u00ebr lim\u00ebn Scholl Expert Care File &amp; Smooth 2 n\u00eb 1. Paketimi: 2 cop\u00eb<\/p>\n","protected":false},"featured_media":8563,"template":"","meta":[],"product_brand":[],"product_cat":[182,181],"product_tag":[191,183,188,186,184],"class_list":{"0":"post-8580","1":"product","2":"type-product","3":"status-publish","4":"has-post-thumbnail","6":"product_cat-kujdesi-personal","7":"product_cat-scholl","8":"product_tag-kujdes-personal","9":"product_tag-kujdesi-per-kembet","10":"product_tag-mirembajtje","11":"product_tag-perkujdesi","12":"product_tag-scholl","14":"first","15":"instock","16":"shipping-taxable","17":"purchasable","18":"product-type-simple"},"yoast_head":"<!-- This site is optimized with the Yoast SEO plugin v27.3 - https:\/\/yoast.com\/product\/yoast-seo-wordpress\/ -->\n<title>KOK\u00cb RROTULLUESE SCHOLL P\u00cbR LIM\u00cbN - VITANET ALBANIA<\/title>\n<meta name=\"robots\" content=\"index, follow, max-snippet:-1, max-image-preview:large, max-video-preview:-1\" \/>\n<link rel=\"canonical\" href=\"https:\/\/vitanet.al\/sq\/product\/koke-rrotulluese-scholl-per-limen\/\" \/>\n<meta property=\"og:locale\" content=\"sq_AL\" \/>\n<meta property=\"og:type\" content=\"article\" \/>\n<meta property=\"og:title\" content=\"KOK\u00cb RROTULLUESE SCHOLL P\u00cbR LIM\u00cbN - VITANET ALBANIA\" \/>\n<meta property=\"og:description\" content=\"Koka rrotulluese z\u00ebvend\u00ebsuese p\u00ebr lim\u00ebn Scholl Expert Care File &amp; Smooth 2 n\u00eb 1. Paketimi: 2 cop\u00eb\" \/>\n<meta property=\"og:url\" content=\"https:\/\/vitanet.al\/sq\/product\/koke-rrotulluese-scholl-per-limen\/\" \/>\n<meta property=\"og:site_name\" content=\"VITANET ALBANIA\" \/>\n<meta property=\"og:image\" content=\"https:\/\/vitanet.al\/wp-content\/uploads\/2026\/03\/ALB_4188-e1774537455958.jpg\" \/>\n\t<meta property=\"og:image:width\" content=\"1080\" \/>\n\t<meta property=\"og:image:height\" content=\"1080\" \/>\n\t<meta property=\"og:image:type\" content=\"image\/jpeg\" \/>\n<meta name=\"twitter:card\" content=\"summary_large_image\" \/>\n<script type=\"application\/ld+json\" class=\"yoast-schema-graph\">{\"@context\":\"https:\\\/\\\/schema.org\",\"@graph\":[{\"@type\":\"WebPage\",\"@id\":\"https:\\\/\\\/vitanet.al\\\/sq\\\/product\\\/koke-rrotulluese-scholl-per-limen\\\/\",\"url\":\"https:\\\/\\\/vitanet.al\\\/sq\\\/product\\\/koke-rrotulluese-scholl-per-limen\\\/\",\"name\":\"KOK\u00cb RROTULLUESE SCHOLL P\u00cbR LIM\u00cbN - VITANET ALBANIA\",\"isPartOf\":{\"@id\":\"https:\\\/\\\/vitanet.al\\\/sq\\\/#website\"},\"primaryImageOfPage\":{\"@id\":\"https:\\\/\\\/vitanet.al\\\/sq\\\/product\\\/koke-rrotulluese-scholl-per-limen\\\/#primaryimage\"},\"image\":{\"@id\":\"https:\\\/\\\/vitanet.al\\\/sq\\\/product\\\/koke-rrotulluese-scholl-per-limen\\\/#primaryimage\"},\"thumbnailUrl\":\"https:\\\/\\\/vitanet.al\\\/wp-content\\\/uploads\\\/2026\\\/03\\\/ALB_4188-e1774537455958.jpg\",\"datePublished\":\"2026-03-26T15:11:35+00:00\",\"breadcrumb\":{\"@id\":\"https:\\\/\\\/vitanet.al\\\/sq\\\/product\\\/koke-rrotulluese-scholl-per-limen\\\/#breadcrumb\"},\"inLanguage\":\"sq-AL\",\"potentialAction\":[{\"@type\":\"ReadAction\",\"target\":[\"https:\\\/\\\/vitanet.al\\\/sq\\\/product\\\/koke-rrotulluese-scholl-per-limen\\\/\"]}]},{\"@type\":\"ImageObject\",\"inLanguage\":\"sq-AL\",\"@id\":\"https:\\\/\\\/vitanet.al\\\/sq\\\/product\\\/koke-rrotulluese-scholl-per-limen\\\/#primaryimage\",\"url\":\"https:\\\/\\\/vitanet.al\\\/wp-content\\\/uploads\\\/2026\\\/03\\\/ALB_4188-e1774537455958.jpg\",\"contentUrl\":\"https:\\\/\\\/vitanet.al\\\/wp-content\\\/uploads\\\/2026\\\/03\\\/ALB_4188-e1774537455958.jpg\",\"width\":1080,\"height\":1080},{\"@type\":\"BreadcrumbList\",\"@id\":\"https:\\\/\\\/vitanet.al\\\/sq\\\/product\\\/koke-rrotulluese-scholl-per-limen\\\/#breadcrumb\",\"itemListElement\":[{\"@type\":\"ListItem\",\"position\":1,\"name\":\"Home\",\"item\":\"https:\\\/\\\/vitanet.al\\\/sq\\\/\"},{\"@type\":\"ListItem\",\"position\":2,\"name\":\"Shop\",\"item\":\"https:\\\/\\\/vitanet.al\\\/sq\\\/shop\\\/\"},{\"@type\":\"ListItem\",\"position\":3,\"name\":\"KOK\u00cb RROTULLUESE SCHOLL P\u00cbR LIM\u00cbN\"}]},{\"@type\":\"WebSite\",\"@id\":\"https:\\\/\\\/vitanet.al\\\/sq\\\/#website\",\"url\":\"https:\\\/\\\/vitanet.al\\\/sq\\\/\",\"name\":\"VITANET ALBANIA\",\"description\":\"\",\"publisher\":{\"@id\":\"https:\\\/\\\/vitanet.al\\\/sq\\\/#organization\"},\"potentialAction\":[{\"@type\":\"SearchAction\",\"target\":{\"@type\":\"EntryPoint\",\"urlTemplate\":\"https:\\\/\\\/vitanet.al\\\/sq\\\/?s={search_term_string}\"},\"query-input\":{\"@type\":\"PropertyValueSpecification\",\"valueRequired\":true,\"valueName\":\"search_term_string\"}}],\"inLanguage\":\"sq-AL\"},{\"@type\":\"Organization\",\"@id\":\"https:\\\/\\\/vitanet.al\\\/sq\\\/#organization\",\"name\":\"VITANET ALBANIA\",\"url\":\"https:\\\/\\\/vitanet.al\\\/sq\\\/\",\"logo\":{\"@type\":\"ImageObject\",\"inLanguage\":\"sq-AL\",\"@id\":\"https:\\\/\\\/vitanet.al\\\/sq\\\/#\\\/schema\\\/logo\\\/image\\\/\",\"url\":\"https:\\\/\\\/vitanet.al\\\/wp-content\\\/uploads\\\/2022\\\/02\\\/Vitanet_Logo-scaled.webp\",\"contentUrl\":\"https:\\\/\\\/vitanet.al\\\/wp-content\\\/uploads\\\/2022\\\/02\\\/Vitanet_Logo-scaled.webp\",\"width\":2560,\"height\":714,\"caption\":\"VITANET ALBANIA\"},\"image\":{\"@id\":\"https:\\\/\\\/vitanet.al\\\/sq\\\/#\\\/schema\\\/logo\\\/image\\\/\"}}]}<\/script>\n<!-- \/ Yoast SEO plugin. -->","yoast_head_json":{"title":"KOK\u00cb RROTULLUESE SCHOLL P\u00cbR LIM\u00cbN - VITANET ALBANIA","robots":{"index":"index","follow":"follow","max-snippet":"max-snippet:-1","max-image-preview":"max-image-preview:large","max-video-preview":"max-video-preview:-1"},"canonical":"https:\/\/vitanet.al\/sq\/product\/koke-rrotulluese-scholl-per-limen\/","og_locale":"sq_AL","og_type":"article","og_title":"KOK\u00cb RROTULLUESE SCHOLL P\u00cbR LIM\u00cbN - VITANET ALBANIA","og_description":"Koka rrotulluese z\u00ebvend\u00ebsuese p\u00ebr lim\u00ebn Scholl Expert Care File &amp; Smooth 2 n\u00eb 1. Paketimi: 2 cop\u00eb","og_url":"https:\/\/vitanet.al\/sq\/product\/koke-rrotulluese-scholl-per-limen\/","og_site_name":"VITANET ALBANIA","og_image":[{"width":1080,"height":1080,"url":"https:\/\/vitanet.al\/wp-content\/uploads\/2026\/03\/ALB_4188-e1774537455958.jpg","type":"image\/jpeg"}],"twitter_card":"summary_large_image","schema":{"@context":"https:\/\/schema.org","@graph":[{"@type":"WebPage","@id":"https:\/\/vitanet.al\/sq\/product\/koke-rrotulluese-scholl-per-limen\/","url":"https:\/\/vitanet.al\/sq\/product\/koke-rrotulluese-scholl-per-limen\/","name":"KOK\u00cb RROTULLUESE SCHOLL P\u00cbR LIM\u00cbN - VITANET ALBANIA","isPartOf":{"@id":"https:\/\/vitanet.al\/sq\/#website"},"primaryImageOfPage":{"@id":"https:\/\/vitanet.al\/sq\/product\/koke-rrotulluese-scholl-per-limen\/#primaryimage"},"image":{"@id":"https:\/\/vitanet.al\/sq\/product\/koke-rrotulluese-scholl-per-limen\/#primaryimage"},"thumbnailUrl":"https:\/\/vitanet.al\/wp-content\/uploads\/2026\/03\/ALB_4188-e1774537455958.jpg","datePublished":"2026-03-26T15:11:35+00:00","breadcrumb":{"@id":"https:\/\/vitanet.al\/sq\/product\/koke-rrotulluese-scholl-per-limen\/#breadcrumb"},"inLanguage":"sq-AL","potentialAction":[{"@type":"ReadAction","target":["https:\/\/vitanet.al\/sq\/product\/koke-rrotulluese-scholl-per-limen\/"]}]},{"@type":"ImageObject","inLanguage":"sq-AL","@id":"https:\/\/vitanet.al\/sq\/product\/koke-rrotulluese-scholl-per-limen\/#primaryimage","url":"https:\/\/vitanet.al\/wp-content\/uploads\/2026\/03\/ALB_4188-e1774537455958.jpg","contentUrl":"https:\/\/vitanet.al\/wp-content\/uploads\/2026\/03\/ALB_4188-e1774537455958.jpg","width":1080,"height":1080},{"@type":"BreadcrumbList","@id":"https:\/\/vitanet.al\/sq\/product\/koke-rrotulluese-scholl-per-limen\/#breadcrumb","itemListElement":[{"@type":"ListItem","position":1,"name":"Home","item":"https:\/\/vitanet.al\/sq\/"},{"@type":"ListItem","position":2,"name":"Shop","item":"https:\/\/vitanet.al\/sq\/shop\/"},{"@type":"ListItem","position":3,"name":"KOK\u00cb RROTULLUESE SCHOLL P\u00cbR LIM\u00cbN"}]},{"@type":"WebSite","@id":"https:\/\/vitanet.al\/sq\/#website","url":"https:\/\/vitanet.al\/sq\/","name":"VITANET ALBANIA","description":"","publisher":{"@id":"https:\/\/vitanet.al\/sq\/#organization"},"potentialAction":[{"@type":"SearchAction","target":{"@type":"EntryPoint","urlTemplate":"https:\/\/vitanet.al\/sq\/?s={search_term_string}"},"query-input":{"@type":"PropertyValueSpecification","valueRequired":true,"valueName":"search_term_string"}}],"inLanguage":"sq-AL"},{"@type":"Organization","@id":"https:\/\/vitanet.al\/sq\/#organization","name":"VITANET ALBANIA","url":"https:\/\/vitanet.al\/sq\/","logo":{"@type":"ImageObject","inLanguage":"sq-AL","@id":"https:\/\/vitanet.al\/sq\/#\/schema\/logo\/image\/","url":"https:\/\/vitanet.al\/wp-content\/uploads\/2022\/02\/Vitanet_Logo-scaled.webp","contentUrl":"https:\/\/vitanet.al\/wp-content\/uploads\/2022\/02\/Vitanet_Logo-scaled.webp","width":2560,"height":714,"caption":"VITANET ALBANIA"},"image":{"@id":"https:\/\/vitanet.al\/sq\/#\/schema\/logo\/image\/"}}]}},"_links":{"self":[{"href":"https:\/\/vitanet.al\/sq\/wp-json\/wp\/v2\/product\/8580","targetHints":{"allow":["GET"]}}],"collection":[{"href":"https:\/\/vitanet.al\/sq\/wp-json\/wp\/v2\/product"}],"about":[{"href":"https:\/\/vitanet.al\/sq\/wp-json\/wp\/v2\/types\/product"}],"version-history":[{"count":0,"href":"https:\/\/vitanet.al\/sq\/wp-json\/wp\/v2\/product\/8580\/revisions"}],"wp:featuredmedia":[{"embeddable":true,"href":"https:\/\/vitanet.al\/sq\/wp-json\/wp\/v2\/media\/8563"}],"wp:attachment":[{"href":"https:\/\/vitanet.al\/sq\/wp-json\/wp\/v2\/media?parent=8580"}],"wp:term":[{"taxonomy":"product_brand","embeddable":true,"href":"https:\/\/vitanet.al\/sq\/wp-json\/wp\/v2\/product_brand?post=8580"},{"taxonomy":"product_cat","embeddable":true,"href":"https:\/\/vitanet.al\/sq\/wp-json\/wp\/v2\/product_cat?post=8580"},{"taxonomy":"product_tag","embeddable":true,"href":"https:\/\/vitanet.al\/sq\/wp-json\/wp\/v2\/product_tag?post=8580"}],"curies":[{"name":"wp","href":"https:\/\/api.w.org\/{rel}","templated":true}]}}