{"id":8595,"date":"2026-03-27T12:23:57","date_gmt":"2026-03-27T12:23:57","guid":{"rendered":"https:\/\/vitanet.al\/product\/nurofen-400-mg-2\/"},"modified":"2026-03-27T12:23:57","modified_gmt":"2026-03-27T12:23:57","slug":"nurofen-400-mg-2","status":"publish","type":"product","link":"https:\/\/vitanet.al\/sq\/product\/nurofen-400-mg-2\/","title":{"rendered":"Nurofen 400 mg"},"content":{"rendered":"<p>Nurofen 400 mg: Kund\u00ebr dhimbjes s\u00eb kok\u00ebs,<br \/>\ndhimbjeve muskulare, dhimbjes s\u00eb shpin\u00ebs,<br \/>\ntemperatur\u00ebs, simptomave t\u00eb gripit e ftohjes,<br \/>\ndhimbjeve menstruale, dhimbjeve reumatizmale,<br \/>\ndhimbjeve dentare, nevralgjis\u00eb dhe kund\u00ebr migren\u00ebs.<br \/>\nP\u00ebrmbajtja: \u00c7do kapsul\u00eb p\u00ebrmban 400 mg ibuprofen.<br \/>\nP\u00ebrdorimi: T\u00eb rritur dhe f\u00ebmij\u00eb mbi 12 vje\u00e7: nj\u00eb<br \/>\nkapsul\u00eb xhelatinoze 400 mg, \u00e7do 6-8 or\u00eb, maksimumi<br \/>\ntri her\u00eb n\u00eb dit\u00eb. Paketimi: Kuti me 10 kapsula<br \/>\nxhelatinoze. <\/p>\n","protected":false},"excerpt":{"rendered":"<p>Nurofen 400 mg: Kund\u00ebr dhimbjes s\u00eb kok\u00ebs, dhimbjeve muskulare, dhimbjes s\u00eb shpin\u00ebs, temperatur\u00ebs, simptomave t\u00eb gripit e ftohjes, dhimbjeve menstruale, dhimbjeve reumatizmale, dhimbjeve dentare, nevralgjis\u00eb dhe kund\u00ebr migren\u00ebs. P\u00ebrmbajtja: \u00c7do kapsul\u00eb p\u00ebrmban 400 mg ibuprofen. P\u00ebrdorimi: T\u00eb rritur dhe f\u00ebmij\u00eb mbi 12 vje\u00e7: nj\u00eb kapsul\u00eb xhelatinoze 400 mg, \u00e7do 6-8 or\u00eb, maksimumi tri her\u00eb n\u00eb [&hellip;]<\/p>\n","protected":false},"featured_media":8591,"template":"","meta":[],"product_brand":[],"product_cat":[205,204],"product_tag":[208,210,212,206],"class_list":{"0":"post-8595","1":"product","2":"type-product","3":"status-publish","4":"has-post-thumbnail","6":"product_cat-nurofen","7":"product_cat-reckitt-benckiser","8":"product_tag-ibuprofen","9":"product_tag-lehtesim-i-dhimbjes","10":"product_tag-nurofen-400","11":"product_tag-reckitt-benckiser","13":"first","14":"instock","15":"shipping-taxable","16":"purchasable","17":"product-type-simple"},"yoast_head":"<!-- This site is optimized with the Yoast SEO plugin v27.3 - https:\/\/yoast.com\/product\/yoast-seo-wordpress\/ -->\n<title>Nurofen 400 mg - VITANET ALBANIA<\/title>\n<meta name=\"robots\" content=\"index, follow, max-snippet:-1, max-image-preview:large, max-video-preview:-1\" \/>\n<link rel=\"canonical\" href=\"https:\/\/vitanet.al\/sq\/product\/nurofen-400-mg-2\/\" \/>\n<meta property=\"og:locale\" content=\"sq_AL\" \/>\n<meta property=\"og:type\" content=\"article\" \/>\n<meta property=\"og:title\" content=\"Nurofen 400 mg - VITANET ALBANIA\" \/>\n<meta property=\"og:description\" content=\"Nurofen 400 mg: Kund\u00ebr dhimbjes s\u00eb kok\u00ebs, dhimbjeve muskulare, dhimbjes s\u00eb shpin\u00ebs, temperatur\u00ebs, simptomave t\u00eb gripit e ftohjes, dhimbjeve menstruale, dhimbjeve reumatizmale, dhimbjeve dentare, nevralgjis\u00eb dhe kund\u00ebr migren\u00ebs. P\u00ebrmbajtja: \u00c7do kapsul\u00eb p\u00ebrmban 400 mg ibuprofen. P\u00ebrdorimi: T\u00eb rritur dhe f\u00ebmij\u00eb mbi 12 vje\u00e7: nj\u00eb kapsul\u00eb xhelatinoze 400 mg, \u00e7do 6-8 or\u00eb, maksimumi tri her\u00eb n\u00eb [&hellip;]\" \/>\n<meta property=\"og:url\" content=\"https:\/\/vitanet.al\/sq\/product\/nurofen-400-mg-2\/\" \/>\n<meta property=\"og:site_name\" content=\"VITANET ALBANIA\" \/>\n<meta property=\"og:image\" content=\"https:\/\/vitanet.al\/wp-content\/uploads\/2026\/03\/Reckitt-Nurofen-e1774614077165.jpeg\" \/>\n\t<meta property=\"og:image:width\" content=\"1080\" \/>\n\t<meta property=\"og:image:height\" content=\"1080\" \/>\n\t<meta property=\"og:image:type\" content=\"image\/jpeg\" \/>\n<meta name=\"twitter:card\" content=\"summary_large_image\" \/>\n<script type=\"application\/ld+json\" class=\"yoast-schema-graph\">{\"@context\":\"https:\\\/\\\/schema.org\",\"@graph\":[{\"@type\":\"WebPage\",\"@id\":\"https:\\\/\\\/vitanet.al\\\/sq\\\/product\\\/nurofen-400-mg-2\\\/\",\"url\":\"https:\\\/\\\/vitanet.al\\\/sq\\\/product\\\/nurofen-400-mg-2\\\/\",\"name\":\"Nurofen 400 mg - VITANET ALBANIA\",\"isPartOf\":{\"@id\":\"https:\\\/\\\/vitanet.al\\\/sq\\\/#website\"},\"primaryImageOfPage\":{\"@id\":\"https:\\\/\\\/vitanet.al\\\/sq\\\/product\\\/nurofen-400-mg-2\\\/#primaryimage\"},\"image\":{\"@id\":\"https:\\\/\\\/vitanet.al\\\/sq\\\/product\\\/nurofen-400-mg-2\\\/#primaryimage\"},\"thumbnailUrl\":\"https:\\\/\\\/vitanet.al\\\/wp-content\\\/uploads\\\/2026\\\/03\\\/Reckitt-Nurofen-e1774614077165.jpeg\",\"datePublished\":\"2026-03-27T12:23:57+00:00\",\"breadcrumb\":{\"@id\":\"https:\\\/\\\/vitanet.al\\\/sq\\\/product\\\/nurofen-400-mg-2\\\/#breadcrumb\"},\"inLanguage\":\"sq-AL\",\"potentialAction\":[{\"@type\":\"ReadAction\",\"target\":[\"https:\\\/\\\/vitanet.al\\\/sq\\\/product\\\/nurofen-400-mg-2\\\/\"]}]},{\"@type\":\"ImageObject\",\"inLanguage\":\"sq-AL\",\"@id\":\"https:\\\/\\\/vitanet.al\\\/sq\\\/product\\\/nurofen-400-mg-2\\\/#primaryimage\",\"url\":\"https:\\\/\\\/vitanet.al\\\/wp-content\\\/uploads\\\/2026\\\/03\\\/Reckitt-Nurofen-e1774614077165.jpeg\",\"contentUrl\":\"https:\\\/\\\/vitanet.al\\\/wp-content\\\/uploads\\\/2026\\\/03\\\/Reckitt-Nurofen-e1774614077165.jpeg\",\"width\":1080,\"height\":1080},{\"@type\":\"BreadcrumbList\",\"@id\":\"https:\\\/\\\/vitanet.al\\\/sq\\\/product\\\/nurofen-400-mg-2\\\/#breadcrumb\",\"itemListElement\":[{\"@type\":\"ListItem\",\"position\":1,\"name\":\"Home\",\"item\":\"https:\\\/\\\/vitanet.al\\\/sq\\\/\"},{\"@type\":\"ListItem\",\"position\":2,\"name\":\"Shop\",\"item\":\"https:\\\/\\\/vitanet.al\\\/sq\\\/shop\\\/\"},{\"@type\":\"ListItem\",\"position\":3,\"name\":\"Nurofen 400 mg\"}]},{\"@type\":\"WebSite\",\"@id\":\"https:\\\/\\\/vitanet.al\\\/sq\\\/#website\",\"url\":\"https:\\\/\\\/vitanet.al\\\/sq\\\/\",\"name\":\"VITANET ALBANIA\",\"description\":\"\",\"publisher\":{\"@id\":\"https:\\\/\\\/vitanet.al\\\/sq\\\/#organization\"},\"potentialAction\":[{\"@type\":\"SearchAction\",\"target\":{\"@type\":\"EntryPoint\",\"urlTemplate\":\"https:\\\/\\\/vitanet.al\\\/sq\\\/?s={search_term_string}\"},\"query-input\":{\"@type\":\"PropertyValueSpecification\",\"valueRequired\":true,\"valueName\":\"search_term_string\"}}],\"inLanguage\":\"sq-AL\"},{\"@type\":\"Organization\",\"@id\":\"https:\\\/\\\/vitanet.al\\\/sq\\\/#organization\",\"name\":\"VITANET ALBANIA\",\"url\":\"https:\\\/\\\/vitanet.al\\\/sq\\\/\",\"logo\":{\"@type\":\"ImageObject\",\"inLanguage\":\"sq-AL\",\"@id\":\"https:\\\/\\\/vitanet.al\\\/sq\\\/#\\\/schema\\\/logo\\\/image\\\/\",\"url\":\"https:\\\/\\\/vitanet.al\\\/wp-content\\\/uploads\\\/2022\\\/02\\\/Vitanet_Logo-scaled.webp\",\"contentUrl\":\"https:\\\/\\\/vitanet.al\\\/wp-content\\\/uploads\\\/2022\\\/02\\\/Vitanet_Logo-scaled.webp\",\"width\":2560,\"height\":714,\"caption\":\"VITANET ALBANIA\"},\"image\":{\"@id\":\"https:\\\/\\\/vitanet.al\\\/sq\\\/#\\\/schema\\\/logo\\\/image\\\/\"}}]}<\/script>\n<!-- \/ Yoast SEO plugin. -->","yoast_head_json":{"title":"Nurofen 400 mg - VITANET ALBANIA","robots":{"index":"index","follow":"follow","max-snippet":"max-snippet:-1","max-image-preview":"max-image-preview:large","max-video-preview":"max-video-preview:-1"},"canonical":"https:\/\/vitanet.al\/sq\/product\/nurofen-400-mg-2\/","og_locale":"sq_AL","og_type":"article","og_title":"Nurofen 400 mg - VITANET ALBANIA","og_description":"Nurofen 400 mg: Kund\u00ebr dhimbjes s\u00eb kok\u00ebs, dhimbjeve muskulare, dhimbjes s\u00eb shpin\u00ebs, temperatur\u00ebs, simptomave t\u00eb gripit e ftohjes, dhimbjeve menstruale, dhimbjeve reumatizmale, dhimbjeve dentare, nevralgjis\u00eb dhe kund\u00ebr migren\u00ebs. P\u00ebrmbajtja: \u00c7do kapsul\u00eb p\u00ebrmban 400 mg ibuprofen. P\u00ebrdorimi: T\u00eb rritur dhe f\u00ebmij\u00eb mbi 12 vje\u00e7: nj\u00eb kapsul\u00eb xhelatinoze 400 mg, \u00e7do 6-8 or\u00eb, maksimumi tri her\u00eb n\u00eb [&hellip;]","og_url":"https:\/\/vitanet.al\/sq\/product\/nurofen-400-mg-2\/","og_site_name":"VITANET ALBANIA","og_image":[{"width":1080,"height":1080,"url":"https:\/\/vitanet.al\/wp-content\/uploads\/2026\/03\/Reckitt-Nurofen-e1774614077165.jpeg","type":"image\/jpeg"}],"twitter_card":"summary_large_image","schema":{"@context":"https:\/\/schema.org","@graph":[{"@type":"WebPage","@id":"https:\/\/vitanet.al\/sq\/product\/nurofen-400-mg-2\/","url":"https:\/\/vitanet.al\/sq\/product\/nurofen-400-mg-2\/","name":"Nurofen 400 mg - VITANET ALBANIA","isPartOf":{"@id":"https:\/\/vitanet.al\/sq\/#website"},"primaryImageOfPage":{"@id":"https:\/\/vitanet.al\/sq\/product\/nurofen-400-mg-2\/#primaryimage"},"image":{"@id":"https:\/\/vitanet.al\/sq\/product\/nurofen-400-mg-2\/#primaryimage"},"thumbnailUrl":"https:\/\/vitanet.al\/wp-content\/uploads\/2026\/03\/Reckitt-Nurofen-e1774614077165.jpeg","datePublished":"2026-03-27T12:23:57+00:00","breadcrumb":{"@id":"https:\/\/vitanet.al\/sq\/product\/nurofen-400-mg-2\/#breadcrumb"},"inLanguage":"sq-AL","potentialAction":[{"@type":"ReadAction","target":["https:\/\/vitanet.al\/sq\/product\/nurofen-400-mg-2\/"]}]},{"@type":"ImageObject","inLanguage":"sq-AL","@id":"https:\/\/vitanet.al\/sq\/product\/nurofen-400-mg-2\/#primaryimage","url":"https:\/\/vitanet.al\/wp-content\/uploads\/2026\/03\/Reckitt-Nurofen-e1774614077165.jpeg","contentUrl":"https:\/\/vitanet.al\/wp-content\/uploads\/2026\/03\/Reckitt-Nurofen-e1774614077165.jpeg","width":1080,"height":1080},{"@type":"BreadcrumbList","@id":"https:\/\/vitanet.al\/sq\/product\/nurofen-400-mg-2\/#breadcrumb","itemListElement":[{"@type":"ListItem","position":1,"name":"Home","item":"https:\/\/vitanet.al\/sq\/"},{"@type":"ListItem","position":2,"name":"Shop","item":"https:\/\/vitanet.al\/sq\/shop\/"},{"@type":"ListItem","position":3,"name":"Nurofen 400 mg"}]},{"@type":"WebSite","@id":"https:\/\/vitanet.al\/sq\/#website","url":"https:\/\/vitanet.al\/sq\/","name":"VITANET ALBANIA","description":"","publisher":{"@id":"https:\/\/vitanet.al\/sq\/#organization"},"potentialAction":[{"@type":"SearchAction","target":{"@type":"EntryPoint","urlTemplate":"https:\/\/vitanet.al\/sq\/?s={search_term_string}"},"query-input":{"@type":"PropertyValueSpecification","valueRequired":true,"valueName":"search_term_string"}}],"inLanguage":"sq-AL"},{"@type":"Organization","@id":"https:\/\/vitanet.al\/sq\/#organization","name":"VITANET ALBANIA","url":"https:\/\/vitanet.al\/sq\/","logo":{"@type":"ImageObject","inLanguage":"sq-AL","@id":"https:\/\/vitanet.al\/sq\/#\/schema\/logo\/image\/","url":"https:\/\/vitanet.al\/wp-content\/uploads\/2022\/02\/Vitanet_Logo-scaled.webp","contentUrl":"https:\/\/vitanet.al\/wp-content\/uploads\/2022\/02\/Vitanet_Logo-scaled.webp","width":2560,"height":714,"caption":"VITANET ALBANIA"},"image":{"@id":"https:\/\/vitanet.al\/sq\/#\/schema\/logo\/image\/"}}]}},"_links":{"self":[{"href":"https:\/\/vitanet.al\/sq\/wp-json\/wp\/v2\/product\/8595","targetHints":{"allow":["GET"]}}],"collection":[{"href":"https:\/\/vitanet.al\/sq\/wp-json\/wp\/v2\/product"}],"about":[{"href":"https:\/\/vitanet.al\/sq\/wp-json\/wp\/v2\/types\/product"}],"version-history":[{"count":0,"href":"https:\/\/vitanet.al\/sq\/wp-json\/wp\/v2\/product\/8595\/revisions"}],"wp:featuredmedia":[{"embeddable":true,"href":"https:\/\/vitanet.al\/sq\/wp-json\/wp\/v2\/media\/8591"}],"wp:attachment":[{"href":"https:\/\/vitanet.al\/sq\/wp-json\/wp\/v2\/media?parent=8595"}],"wp:term":[{"taxonomy":"product_brand","embeddable":true,"href":"https:\/\/vitanet.al\/sq\/wp-json\/wp\/v2\/product_brand?post=8595"},{"taxonomy":"product_cat","embeddable":true,"href":"https:\/\/vitanet.al\/sq\/wp-json\/wp\/v2\/product_cat?post=8595"},{"taxonomy":"product_tag","embeddable":true,"href":"https:\/\/vitanet.al\/sq\/wp-json\/wp\/v2\/product_tag?post=8595"}],"curies":[{"name":"wp","href":"https:\/\/api.w.org\/{rel}","templated":true}]}}