{"id":8606,"date":"2026-03-27T12:34:23","date_gmt":"2026-03-27T12:34:23","guid":{"rendered":"https:\/\/vitanet.al\/product\/nurofen-per-femije\/"},"modified":"2026-03-27T12:34:23","modified_gmt":"2026-03-27T12:34:23","slug":"nurofen-per-femije","status":"publish","type":"product","link":"https:\/\/vitanet.al\/sq\/product\/nurofen-per-femije\/","title":{"rendered":"Nurofen p\u00ebr f\u00ebmij\u00eb"},"content":{"rendered":"<p>Nurofen shurup me p\u00ebrmbajtje ibuprofeni \u00ebsht\u00eb<br \/>\nshurup p\u00ebr p\u00ebrdorim te foshnjat mbi 3 muajsh,<br \/>\nf\u00ebmij\u00ebt dhe t\u00eb rriturit. Ibuprofeni \u00ebsht\u00eb nj\u00eb bar<br \/>\nanti-inflamator q\u00eb leht\u00ebson dhimbjet si dhimbja e<br \/>\ndh\u00ebmb\u00ebve, dalja e dh\u00ebmb\u00ebve, dhimbja e kok\u00ebs,<br \/>\ndhimbja e veshit etj. dhe ul temperatur\u00ebn. Lufton<br \/>\ngjithashtu simptomat e t\u00eb ftohur\u00ebs dhe gripit.<br \/>\nNurofen shurup p\u00ebrdoret p\u00ebr:<br \/>\nLeht\u00ebsimin e dhimbjes nga dalja e dh\u00ebmb\u00ebve,<br \/>\ndhimbjen e dh\u00ebmb\u00ebve, dhimbjen e kok\u00ebs, dhimbjet e lehta<br \/>\nmuskulore dhe t\u00ebrheqjet muskulore, dhimbjen e fytit.<br \/>\nLeht\u00ebsimin e simptomave t\u00eb t\u00eb ftohur\u00ebs dhe gripit.<br \/>\nUljen e temperatur\u00ebs s\u00eb lart\u00eb.  <\/p>\n","protected":false},"excerpt":{"rendered":"<p>Nurofen shurup me p\u00ebrmbajtje ibuprofeni \u00ebsht\u00eb shurup p\u00ebr p\u00ebrdorim te foshnjat mbi 3 muajsh, f\u00ebmij\u00ebt dhe t\u00eb rriturit. Ibuprofeni \u00ebsht\u00eb nj\u00eb bar anti-inflamator q\u00eb leht\u00ebson dhimbjet si dhimbja e dh\u00ebmb\u00ebve, dalja e dh\u00ebmb\u00ebve, dhimbja e kok\u00ebs, dhimbja e veshit etj. dhe ul temperatur\u00ebn. Lufton gjithashtu simptomat e t\u00eb ftohur\u00ebs dhe gripit. Nurofen shurup p\u00ebrdoret p\u00ebr: [&hellip;]<\/p>\n","protected":false},"featured_media":8603,"template":"","meta":[],"product_brand":[],"product_cat":[205,204],"product_tag":[208,217,218],"class_list":{"0":"post-8606","1":"product","2":"type-product","3":"status-publish","4":"has-post-thumbnail","6":"product_cat-nurofen","7":"product_cat-reckitt-benckiser","8":"product_tag-ibuprofen","9":"product_tag-nurofen-per-femije","10":"product_tag-shurup","12":"first","13":"instock","14":"shipping-taxable","15":"purchasable","16":"product-type-simple"},"yoast_head":"<!-- This site is optimized with the Yoast SEO plugin v27.3 - https:\/\/yoast.com\/product\/yoast-seo-wordpress\/ -->\n<title>Nurofen p\u00ebr f\u00ebmij\u00eb - VITANET ALBANIA<\/title>\n<meta name=\"robots\" content=\"index, follow, max-snippet:-1, max-image-preview:large, max-video-preview:-1\" \/>\n<link rel=\"canonical\" href=\"https:\/\/vitanet.al\/sq\/product\/nurofen-per-femije\/\" \/>\n<meta property=\"og:locale\" content=\"sq_AL\" \/>\n<meta property=\"og:type\" content=\"article\" \/>\n<meta property=\"og:title\" content=\"Nurofen p\u00ebr f\u00ebmij\u00eb - VITANET ALBANIA\" \/>\n<meta property=\"og:description\" content=\"Nurofen shurup me p\u00ebrmbajtje ibuprofeni \u00ebsht\u00eb shurup p\u00ebr p\u00ebrdorim te foshnjat mbi 3 muajsh, f\u00ebmij\u00ebt dhe t\u00eb rriturit. Ibuprofeni \u00ebsht\u00eb nj\u00eb bar anti-inflamator q\u00eb leht\u00ebson dhimbjet si dhimbja e dh\u00ebmb\u00ebve, dalja e dh\u00ebmb\u00ebve, dhimbja e kok\u00ebs, dhimbja e veshit etj. dhe ul temperatur\u00ebn. Lufton gjithashtu simptomat e t\u00eb ftohur\u00ebs dhe gripit. Nurofen shurup p\u00ebrdoret p\u00ebr: [&hellip;]\" \/>\n<meta property=\"og:url\" content=\"https:\/\/vitanet.al\/sq\/product\/nurofen-per-femije\/\" \/>\n<meta property=\"og:site_name\" content=\"VITANET ALBANIA\" \/>\n<meta property=\"og:image\" content=\"https:\/\/vitanet.al\/wp-content\/uploads\/2026\/03\/Reckitt-Nurofen-shurup.jpeg\" \/>\n\t<meta property=\"og:image:width\" content=\"1080\" \/>\n\t<meta property=\"og:image:height\" content=\"1080\" \/>\n\t<meta property=\"og:image:type\" content=\"image\/jpeg\" \/>\n<meta name=\"twitter:card\" content=\"summary_large_image\" \/>\n<meta name=\"twitter:label1\" content=\"Est. reading time\" \/>\n\t<meta name=\"twitter:data1\" content=\"1 minute\" \/>\n<script type=\"application\/ld+json\" class=\"yoast-schema-graph\">{\"@context\":\"https:\\\/\\\/schema.org\",\"@graph\":[{\"@type\":\"WebPage\",\"@id\":\"https:\\\/\\\/vitanet.al\\\/sq\\\/product\\\/nurofen-per-femije\\\/\",\"url\":\"https:\\\/\\\/vitanet.al\\\/sq\\\/product\\\/nurofen-per-femije\\\/\",\"name\":\"Nurofen p\u00ebr f\u00ebmij\u00eb - VITANET ALBANIA\",\"isPartOf\":{\"@id\":\"https:\\\/\\\/vitanet.al\\\/sq\\\/#website\"},\"primaryImageOfPage\":{\"@id\":\"https:\\\/\\\/vitanet.al\\\/sq\\\/product\\\/nurofen-per-femije\\\/#primaryimage\"},\"image\":{\"@id\":\"https:\\\/\\\/vitanet.al\\\/sq\\\/product\\\/nurofen-per-femije\\\/#primaryimage\"},\"thumbnailUrl\":\"https:\\\/\\\/vitanet.al\\\/wp-content\\\/uploads\\\/2026\\\/03\\\/Reckitt-Nurofen-shurup.jpeg\",\"datePublished\":\"2026-03-27T12:34:23+00:00\",\"breadcrumb\":{\"@id\":\"https:\\\/\\\/vitanet.al\\\/sq\\\/product\\\/nurofen-per-femije\\\/#breadcrumb\"},\"inLanguage\":\"sq-AL\",\"potentialAction\":[{\"@type\":\"ReadAction\",\"target\":[\"https:\\\/\\\/vitanet.al\\\/sq\\\/product\\\/nurofen-per-femije\\\/\"]}]},{\"@type\":\"ImageObject\",\"inLanguage\":\"sq-AL\",\"@id\":\"https:\\\/\\\/vitanet.al\\\/sq\\\/product\\\/nurofen-per-femije\\\/#primaryimage\",\"url\":\"https:\\\/\\\/vitanet.al\\\/wp-content\\\/uploads\\\/2026\\\/03\\\/Reckitt-Nurofen-shurup.jpeg\",\"contentUrl\":\"https:\\\/\\\/vitanet.al\\\/wp-content\\\/uploads\\\/2026\\\/03\\\/Reckitt-Nurofen-shurup.jpeg\",\"width\":1080,\"height\":1080},{\"@type\":\"BreadcrumbList\",\"@id\":\"https:\\\/\\\/vitanet.al\\\/sq\\\/product\\\/nurofen-per-femije\\\/#breadcrumb\",\"itemListElement\":[{\"@type\":\"ListItem\",\"position\":1,\"name\":\"Home\",\"item\":\"https:\\\/\\\/vitanet.al\\\/sq\\\/\"},{\"@type\":\"ListItem\",\"position\":2,\"name\":\"Shop\",\"item\":\"https:\\\/\\\/vitanet.al\\\/sq\\\/shop\\\/\"},{\"@type\":\"ListItem\",\"position\":3,\"name\":\"Nurofen p\u00ebr f\u00ebmij\u00eb\"}]},{\"@type\":\"WebSite\",\"@id\":\"https:\\\/\\\/vitanet.al\\\/sq\\\/#website\",\"url\":\"https:\\\/\\\/vitanet.al\\\/sq\\\/\",\"name\":\"VITANET ALBANIA\",\"description\":\"\",\"publisher\":{\"@id\":\"https:\\\/\\\/vitanet.al\\\/sq\\\/#organization\"},\"potentialAction\":[{\"@type\":\"SearchAction\",\"target\":{\"@type\":\"EntryPoint\",\"urlTemplate\":\"https:\\\/\\\/vitanet.al\\\/sq\\\/?s={search_term_string}\"},\"query-input\":{\"@type\":\"PropertyValueSpecification\",\"valueRequired\":true,\"valueName\":\"search_term_string\"}}],\"inLanguage\":\"sq-AL\"},{\"@type\":\"Organization\",\"@id\":\"https:\\\/\\\/vitanet.al\\\/sq\\\/#organization\",\"name\":\"VITANET ALBANIA\",\"url\":\"https:\\\/\\\/vitanet.al\\\/sq\\\/\",\"logo\":{\"@type\":\"ImageObject\",\"inLanguage\":\"sq-AL\",\"@id\":\"https:\\\/\\\/vitanet.al\\\/sq\\\/#\\\/schema\\\/logo\\\/image\\\/\",\"url\":\"https:\\\/\\\/vitanet.al\\\/wp-content\\\/uploads\\\/2022\\\/02\\\/Vitanet_Logo-scaled.webp\",\"contentUrl\":\"https:\\\/\\\/vitanet.al\\\/wp-content\\\/uploads\\\/2022\\\/02\\\/Vitanet_Logo-scaled.webp\",\"width\":2560,\"height\":714,\"caption\":\"VITANET ALBANIA\"},\"image\":{\"@id\":\"https:\\\/\\\/vitanet.al\\\/sq\\\/#\\\/schema\\\/logo\\\/image\\\/\"}}]}<\/script>\n<!-- \/ Yoast SEO plugin. -->","yoast_head_json":{"title":"Nurofen p\u00ebr f\u00ebmij\u00eb - VITANET ALBANIA","robots":{"index":"index","follow":"follow","max-snippet":"max-snippet:-1","max-image-preview":"max-image-preview:large","max-video-preview":"max-video-preview:-1"},"canonical":"https:\/\/vitanet.al\/sq\/product\/nurofen-per-femije\/","og_locale":"sq_AL","og_type":"article","og_title":"Nurofen p\u00ebr f\u00ebmij\u00eb - VITANET ALBANIA","og_description":"Nurofen shurup me p\u00ebrmbajtje ibuprofeni \u00ebsht\u00eb shurup p\u00ebr p\u00ebrdorim te foshnjat mbi 3 muajsh, f\u00ebmij\u00ebt dhe t\u00eb rriturit. Ibuprofeni \u00ebsht\u00eb nj\u00eb bar anti-inflamator q\u00eb leht\u00ebson dhimbjet si dhimbja e dh\u00ebmb\u00ebve, dalja e dh\u00ebmb\u00ebve, dhimbja e kok\u00ebs, dhimbja e veshit etj. dhe ul temperatur\u00ebn. Lufton gjithashtu simptomat e t\u00eb ftohur\u00ebs dhe gripit. Nurofen shurup p\u00ebrdoret p\u00ebr: [&hellip;]","og_url":"https:\/\/vitanet.al\/sq\/product\/nurofen-per-femije\/","og_site_name":"VITANET ALBANIA","og_image":[{"width":1080,"height":1080,"url":"https:\/\/vitanet.al\/wp-content\/uploads\/2026\/03\/Reckitt-Nurofen-shurup.jpeg","type":"image\/jpeg"}],"twitter_card":"summary_large_image","twitter_misc":{"Est. reading time":"1 minute"},"schema":{"@context":"https:\/\/schema.org","@graph":[{"@type":"WebPage","@id":"https:\/\/vitanet.al\/sq\/product\/nurofen-per-femije\/","url":"https:\/\/vitanet.al\/sq\/product\/nurofen-per-femije\/","name":"Nurofen p\u00ebr f\u00ebmij\u00eb - VITANET ALBANIA","isPartOf":{"@id":"https:\/\/vitanet.al\/sq\/#website"},"primaryImageOfPage":{"@id":"https:\/\/vitanet.al\/sq\/product\/nurofen-per-femije\/#primaryimage"},"image":{"@id":"https:\/\/vitanet.al\/sq\/product\/nurofen-per-femije\/#primaryimage"},"thumbnailUrl":"https:\/\/vitanet.al\/wp-content\/uploads\/2026\/03\/Reckitt-Nurofen-shurup.jpeg","datePublished":"2026-03-27T12:34:23+00:00","breadcrumb":{"@id":"https:\/\/vitanet.al\/sq\/product\/nurofen-per-femije\/#breadcrumb"},"inLanguage":"sq-AL","potentialAction":[{"@type":"ReadAction","target":["https:\/\/vitanet.al\/sq\/product\/nurofen-per-femije\/"]}]},{"@type":"ImageObject","inLanguage":"sq-AL","@id":"https:\/\/vitanet.al\/sq\/product\/nurofen-per-femije\/#primaryimage","url":"https:\/\/vitanet.al\/wp-content\/uploads\/2026\/03\/Reckitt-Nurofen-shurup.jpeg","contentUrl":"https:\/\/vitanet.al\/wp-content\/uploads\/2026\/03\/Reckitt-Nurofen-shurup.jpeg","width":1080,"height":1080},{"@type":"BreadcrumbList","@id":"https:\/\/vitanet.al\/sq\/product\/nurofen-per-femije\/#breadcrumb","itemListElement":[{"@type":"ListItem","position":1,"name":"Home","item":"https:\/\/vitanet.al\/sq\/"},{"@type":"ListItem","position":2,"name":"Shop","item":"https:\/\/vitanet.al\/sq\/shop\/"},{"@type":"ListItem","position":3,"name":"Nurofen p\u00ebr f\u00ebmij\u00eb"}]},{"@type":"WebSite","@id":"https:\/\/vitanet.al\/sq\/#website","url":"https:\/\/vitanet.al\/sq\/","name":"VITANET ALBANIA","description":"","publisher":{"@id":"https:\/\/vitanet.al\/sq\/#organization"},"potentialAction":[{"@type":"SearchAction","target":{"@type":"EntryPoint","urlTemplate":"https:\/\/vitanet.al\/sq\/?s={search_term_string}"},"query-input":{"@type":"PropertyValueSpecification","valueRequired":true,"valueName":"search_term_string"}}],"inLanguage":"sq-AL"},{"@type":"Organization","@id":"https:\/\/vitanet.al\/sq\/#organization","name":"VITANET ALBANIA","url":"https:\/\/vitanet.al\/sq\/","logo":{"@type":"ImageObject","inLanguage":"sq-AL","@id":"https:\/\/vitanet.al\/sq\/#\/schema\/logo\/image\/","url":"https:\/\/vitanet.al\/wp-content\/uploads\/2022\/02\/Vitanet_Logo-scaled.webp","contentUrl":"https:\/\/vitanet.al\/wp-content\/uploads\/2022\/02\/Vitanet_Logo-scaled.webp","width":2560,"height":714,"caption":"VITANET ALBANIA"},"image":{"@id":"https:\/\/vitanet.al\/sq\/#\/schema\/logo\/image\/"}}]}},"_links":{"self":[{"href":"https:\/\/vitanet.al\/sq\/wp-json\/wp\/v2\/product\/8606","targetHints":{"allow":["GET"]}}],"collection":[{"href":"https:\/\/vitanet.al\/sq\/wp-json\/wp\/v2\/product"}],"about":[{"href":"https:\/\/vitanet.al\/sq\/wp-json\/wp\/v2\/types\/product"}],"version-history":[{"count":0,"href":"https:\/\/vitanet.al\/sq\/wp-json\/wp\/v2\/product\/8606\/revisions"}],"wp:featuredmedia":[{"embeddable":true,"href":"https:\/\/vitanet.al\/sq\/wp-json\/wp\/v2\/media\/8603"}],"wp:attachment":[{"href":"https:\/\/vitanet.al\/sq\/wp-json\/wp\/v2\/media?parent=8606"}],"wp:term":[{"taxonomy":"product_brand","embeddable":true,"href":"https:\/\/vitanet.al\/sq\/wp-json\/wp\/v2\/product_brand?post=8606"},{"taxonomy":"product_cat","embeddable":true,"href":"https:\/\/vitanet.al\/sq\/wp-json\/wp\/v2\/product_cat?post=8606"},{"taxonomy":"product_tag","embeddable":true,"href":"https:\/\/vitanet.al\/sq\/wp-json\/wp\/v2\/product_tag?post=8606"}],"curies":[{"name":"wp","href":"https:\/\/api.w.org\/{rel}","templated":true}]}}