{"id":8614,"date":"2026-03-27T12:37:29","date_gmt":"2026-03-27T12:37:29","guid":{"rendered":"https:\/\/vitanet.al\/product\/gaviscon-500-ml\/"},"modified":"2026-03-27T12:37:29","modified_gmt":"2026-03-27T12:37:29","slug":"gaviscon-500-ml","status":"publish","type":"product","link":"https:\/\/vitanet.al\/sq\/product\/gaviscon-500-ml\/","title":{"rendered":"Gaviscon 500 ml"},"content":{"rendered":"<p>Gaviscon p\u00ebrmban nj\u00eb klas\u00eb barnash t\u00eb quajtura<br \/>\nantiacide. Antiacidet neutralizojn\u00eb aciditetin e<br \/>\nprodhuar n\u00eb stomak dhe formojn\u00eb nj\u00eb shtres\u00eb<br \/>\nmbrojt\u00ebse n\u00eb mukoz\u00ebn e stomakut. Ato p\u00ebrdoren n\u00eb<br \/>\ntrajtimin e refluksit gastroezofageal, q\u00eb<br \/>\nkarakterizohet nga dispepsia, dhimbjet n\u00eb pjes\u00ebn e<br \/>\nsip\u00ebrme t\u00eb stomakut dhe gjoksit, ndjesia e djegies dhe<br \/>\nkthimi i l\u00ebngjeve t\u00eb stomakut n\u00eb ezofag. P\u00ebr t\u00eb<br \/>\nrriturit dhe f\u00ebmij\u00ebt mbi 12 vje\u00e7: Rekomandohet t\u00eb<br \/>\nmerren 10-20 ml pas ngr\u00ebnies dhe para gjumit.<br \/>\nP\u00ebr f\u00ebmij\u00ebt 6-12 vje\u00e7: Rekomandohet t\u00eb merren 5-10   <\/p>\n<p>&nbsp;<\/p>\n<p>ml pas ngr\u00ebnies dhe para gjumit.<\/p>\n","protected":false},"excerpt":{"rendered":"<p>Gaviscon p\u00ebrmban nj\u00eb klas\u00eb barnash t\u00eb quajtura antiacide. Antiacidet neutralizojn\u00eb aciditetin e prodhuar n\u00eb stomak dhe formojn\u00eb nj\u00eb shtres\u00eb mbrojt\u00ebse n\u00eb mukoz\u00ebn e stomakut. Ato p\u00ebrdoren n\u00eb trajtimin e refluksit gastroezofageal, q\u00eb karakterizohet nga dispepsia, dhimbjet n\u00eb pjes\u00ebn e sip\u00ebrme t\u00eb stomakut dhe gjoksit, ndjesia e djegies dhe kthimi i l\u00ebngjeve t\u00eb stomakut n\u00eb ezofag. [&hellip;]<\/p>\n","protected":false},"featured_media":8610,"template":"","meta":[],"product_brand":[],"product_cat":[182,204],"product_tag":[222,224,223],"class_list":{"0":"post-8614","1":"product","2":"type-product","3":"status-publish","4":"has-post-thumbnail","6":"product_cat-kujdesi-personal","7":"product_cat-reckitt-benckiser","8":"product_tag-gaviscon","9":"product_tag-tretja","10":"product_tag-urthi","12":"first","13":"instock","14":"shipping-taxable","15":"purchasable","16":"product-type-simple"},"yoast_head":"<!-- This site is optimized with the Yoast SEO plugin v27.3 - https:\/\/yoast.com\/product\/yoast-seo-wordpress\/ -->\n<title>Gaviscon 500 ml - VITANET ALBANIA<\/title>\n<meta name=\"robots\" content=\"index, follow, max-snippet:-1, max-image-preview:large, max-video-preview:-1\" \/>\n<link rel=\"canonical\" href=\"https:\/\/vitanet.al\/sq\/product\/gaviscon-500-ml\/\" \/>\n<meta property=\"og:locale\" content=\"sq_AL\" \/>\n<meta property=\"og:type\" content=\"article\" \/>\n<meta property=\"og:title\" content=\"Gaviscon 500 ml - VITANET ALBANIA\" \/>\n<meta property=\"og:description\" content=\"Gaviscon p\u00ebrmban nj\u00eb klas\u00eb barnash t\u00eb quajtura antiacide. Antiacidet neutralizojn\u00eb aciditetin e prodhuar n\u00eb stomak dhe formojn\u00eb nj\u00eb shtres\u00eb mbrojt\u00ebse n\u00eb mukoz\u00ebn e stomakut. Ato p\u00ebrdoren n\u00eb trajtimin e refluksit gastroezofageal, q\u00eb karakterizohet nga dispepsia, dhimbjet n\u00eb pjes\u00ebn e sip\u00ebrme t\u00eb stomakut dhe gjoksit, ndjesia e djegies dhe kthimi i l\u00ebngjeve t\u00eb stomakut n\u00eb ezofag. [&hellip;]\" \/>\n<meta property=\"og:url\" content=\"https:\/\/vitanet.al\/sq\/product\/gaviscon-500-ml\/\" \/>\n<meta property=\"og:site_name\" content=\"VITANET ALBANIA\" \/>\n<meta property=\"og:image\" content=\"https:\/\/vitanet.al\/wp-content\/uploads\/2026\/03\/Reckitt-Gaviscon.jpeg\" \/>\n\t<meta property=\"og:image:width\" content=\"1080\" \/>\n\t<meta property=\"og:image:height\" content=\"1080\" \/>\n\t<meta property=\"og:image:type\" content=\"image\/jpeg\" \/>\n<meta name=\"twitter:card\" content=\"summary_large_image\" \/>\n<meta name=\"twitter:label1\" content=\"Est. reading time\" \/>\n\t<meta name=\"twitter:data1\" content=\"1 minute\" \/>\n<script type=\"application\/ld+json\" class=\"yoast-schema-graph\">{\"@context\":\"https:\\\/\\\/schema.org\",\"@graph\":[{\"@type\":\"WebPage\",\"@id\":\"https:\\\/\\\/vitanet.al\\\/sq\\\/product\\\/gaviscon-500-ml\\\/\",\"url\":\"https:\\\/\\\/vitanet.al\\\/sq\\\/product\\\/gaviscon-500-ml\\\/\",\"name\":\"Gaviscon 500 ml - VITANET ALBANIA\",\"isPartOf\":{\"@id\":\"https:\\\/\\\/vitanet.al\\\/sq\\\/#website\"},\"primaryImageOfPage\":{\"@id\":\"https:\\\/\\\/vitanet.al\\\/sq\\\/product\\\/gaviscon-500-ml\\\/#primaryimage\"},\"image\":{\"@id\":\"https:\\\/\\\/vitanet.al\\\/sq\\\/product\\\/gaviscon-500-ml\\\/#primaryimage\"},\"thumbnailUrl\":\"https:\\\/\\\/vitanet.al\\\/wp-content\\\/uploads\\\/2026\\\/03\\\/Reckitt-Gaviscon.jpeg\",\"datePublished\":\"2026-03-27T12:37:29+00:00\",\"breadcrumb\":{\"@id\":\"https:\\\/\\\/vitanet.al\\\/sq\\\/product\\\/gaviscon-500-ml\\\/#breadcrumb\"},\"inLanguage\":\"sq-AL\",\"potentialAction\":[{\"@type\":\"ReadAction\",\"target\":[\"https:\\\/\\\/vitanet.al\\\/sq\\\/product\\\/gaviscon-500-ml\\\/\"]}]},{\"@type\":\"ImageObject\",\"inLanguage\":\"sq-AL\",\"@id\":\"https:\\\/\\\/vitanet.al\\\/sq\\\/product\\\/gaviscon-500-ml\\\/#primaryimage\",\"url\":\"https:\\\/\\\/vitanet.al\\\/wp-content\\\/uploads\\\/2026\\\/03\\\/Reckitt-Gaviscon.jpeg\",\"contentUrl\":\"https:\\\/\\\/vitanet.al\\\/wp-content\\\/uploads\\\/2026\\\/03\\\/Reckitt-Gaviscon.jpeg\",\"width\":1080,\"height\":1080},{\"@type\":\"BreadcrumbList\",\"@id\":\"https:\\\/\\\/vitanet.al\\\/sq\\\/product\\\/gaviscon-500-ml\\\/#breadcrumb\",\"itemListElement\":[{\"@type\":\"ListItem\",\"position\":1,\"name\":\"Home\",\"item\":\"https:\\\/\\\/vitanet.al\\\/sq\\\/\"},{\"@type\":\"ListItem\",\"position\":2,\"name\":\"Shop\",\"item\":\"https:\\\/\\\/vitanet.al\\\/sq\\\/shop\\\/\"},{\"@type\":\"ListItem\",\"position\":3,\"name\":\"Gaviscon 500 ml\"}]},{\"@type\":\"WebSite\",\"@id\":\"https:\\\/\\\/vitanet.al\\\/sq\\\/#website\",\"url\":\"https:\\\/\\\/vitanet.al\\\/sq\\\/\",\"name\":\"VITANET ALBANIA\",\"description\":\"\",\"publisher\":{\"@id\":\"https:\\\/\\\/vitanet.al\\\/sq\\\/#organization\"},\"potentialAction\":[{\"@type\":\"SearchAction\",\"target\":{\"@type\":\"EntryPoint\",\"urlTemplate\":\"https:\\\/\\\/vitanet.al\\\/sq\\\/?s={search_term_string}\"},\"query-input\":{\"@type\":\"PropertyValueSpecification\",\"valueRequired\":true,\"valueName\":\"search_term_string\"}}],\"inLanguage\":\"sq-AL\"},{\"@type\":\"Organization\",\"@id\":\"https:\\\/\\\/vitanet.al\\\/sq\\\/#organization\",\"name\":\"VITANET ALBANIA\",\"url\":\"https:\\\/\\\/vitanet.al\\\/sq\\\/\",\"logo\":{\"@type\":\"ImageObject\",\"inLanguage\":\"sq-AL\",\"@id\":\"https:\\\/\\\/vitanet.al\\\/sq\\\/#\\\/schema\\\/logo\\\/image\\\/\",\"url\":\"https:\\\/\\\/vitanet.al\\\/wp-content\\\/uploads\\\/2022\\\/02\\\/Vitanet_Logo-scaled.webp\",\"contentUrl\":\"https:\\\/\\\/vitanet.al\\\/wp-content\\\/uploads\\\/2022\\\/02\\\/Vitanet_Logo-scaled.webp\",\"width\":2560,\"height\":714,\"caption\":\"VITANET ALBANIA\"},\"image\":{\"@id\":\"https:\\\/\\\/vitanet.al\\\/sq\\\/#\\\/schema\\\/logo\\\/image\\\/\"}}]}<\/script>\n<!-- \/ Yoast SEO plugin. -->","yoast_head_json":{"title":"Gaviscon 500 ml - VITANET ALBANIA","robots":{"index":"index","follow":"follow","max-snippet":"max-snippet:-1","max-image-preview":"max-image-preview:large","max-video-preview":"max-video-preview:-1"},"canonical":"https:\/\/vitanet.al\/sq\/product\/gaviscon-500-ml\/","og_locale":"sq_AL","og_type":"article","og_title":"Gaviscon 500 ml - VITANET ALBANIA","og_description":"Gaviscon p\u00ebrmban nj\u00eb klas\u00eb barnash t\u00eb quajtura antiacide. Antiacidet neutralizojn\u00eb aciditetin e prodhuar n\u00eb stomak dhe formojn\u00eb nj\u00eb shtres\u00eb mbrojt\u00ebse n\u00eb mukoz\u00ebn e stomakut. Ato p\u00ebrdoren n\u00eb trajtimin e refluksit gastroezofageal, q\u00eb karakterizohet nga dispepsia, dhimbjet n\u00eb pjes\u00ebn e sip\u00ebrme t\u00eb stomakut dhe gjoksit, ndjesia e djegies dhe kthimi i l\u00ebngjeve t\u00eb stomakut n\u00eb ezofag. [&hellip;]","og_url":"https:\/\/vitanet.al\/sq\/product\/gaviscon-500-ml\/","og_site_name":"VITANET ALBANIA","og_image":[{"width":1080,"height":1080,"url":"https:\/\/vitanet.al\/wp-content\/uploads\/2026\/03\/Reckitt-Gaviscon.jpeg","type":"image\/jpeg"}],"twitter_card":"summary_large_image","twitter_misc":{"Est. reading time":"1 minute"},"schema":{"@context":"https:\/\/schema.org","@graph":[{"@type":"WebPage","@id":"https:\/\/vitanet.al\/sq\/product\/gaviscon-500-ml\/","url":"https:\/\/vitanet.al\/sq\/product\/gaviscon-500-ml\/","name":"Gaviscon 500 ml - VITANET ALBANIA","isPartOf":{"@id":"https:\/\/vitanet.al\/sq\/#website"},"primaryImageOfPage":{"@id":"https:\/\/vitanet.al\/sq\/product\/gaviscon-500-ml\/#primaryimage"},"image":{"@id":"https:\/\/vitanet.al\/sq\/product\/gaviscon-500-ml\/#primaryimage"},"thumbnailUrl":"https:\/\/vitanet.al\/wp-content\/uploads\/2026\/03\/Reckitt-Gaviscon.jpeg","datePublished":"2026-03-27T12:37:29+00:00","breadcrumb":{"@id":"https:\/\/vitanet.al\/sq\/product\/gaviscon-500-ml\/#breadcrumb"},"inLanguage":"sq-AL","potentialAction":[{"@type":"ReadAction","target":["https:\/\/vitanet.al\/sq\/product\/gaviscon-500-ml\/"]}]},{"@type":"ImageObject","inLanguage":"sq-AL","@id":"https:\/\/vitanet.al\/sq\/product\/gaviscon-500-ml\/#primaryimage","url":"https:\/\/vitanet.al\/wp-content\/uploads\/2026\/03\/Reckitt-Gaviscon.jpeg","contentUrl":"https:\/\/vitanet.al\/wp-content\/uploads\/2026\/03\/Reckitt-Gaviscon.jpeg","width":1080,"height":1080},{"@type":"BreadcrumbList","@id":"https:\/\/vitanet.al\/sq\/product\/gaviscon-500-ml\/#breadcrumb","itemListElement":[{"@type":"ListItem","position":1,"name":"Home","item":"https:\/\/vitanet.al\/sq\/"},{"@type":"ListItem","position":2,"name":"Shop","item":"https:\/\/vitanet.al\/sq\/shop\/"},{"@type":"ListItem","position":3,"name":"Gaviscon 500 ml"}]},{"@type":"WebSite","@id":"https:\/\/vitanet.al\/sq\/#website","url":"https:\/\/vitanet.al\/sq\/","name":"VITANET ALBANIA","description":"","publisher":{"@id":"https:\/\/vitanet.al\/sq\/#organization"},"potentialAction":[{"@type":"SearchAction","target":{"@type":"EntryPoint","urlTemplate":"https:\/\/vitanet.al\/sq\/?s={search_term_string}"},"query-input":{"@type":"PropertyValueSpecification","valueRequired":true,"valueName":"search_term_string"}}],"inLanguage":"sq-AL"},{"@type":"Organization","@id":"https:\/\/vitanet.al\/sq\/#organization","name":"VITANET ALBANIA","url":"https:\/\/vitanet.al\/sq\/","logo":{"@type":"ImageObject","inLanguage":"sq-AL","@id":"https:\/\/vitanet.al\/sq\/#\/schema\/logo\/image\/","url":"https:\/\/vitanet.al\/wp-content\/uploads\/2022\/02\/Vitanet_Logo-scaled.webp","contentUrl":"https:\/\/vitanet.al\/wp-content\/uploads\/2022\/02\/Vitanet_Logo-scaled.webp","width":2560,"height":714,"caption":"VITANET ALBANIA"},"image":{"@id":"https:\/\/vitanet.al\/sq\/#\/schema\/logo\/image\/"}}]}},"_links":{"self":[{"href":"https:\/\/vitanet.al\/sq\/wp-json\/wp\/v2\/product\/8614","targetHints":{"allow":["GET"]}}],"collection":[{"href":"https:\/\/vitanet.al\/sq\/wp-json\/wp\/v2\/product"}],"about":[{"href":"https:\/\/vitanet.al\/sq\/wp-json\/wp\/v2\/types\/product"}],"version-history":[{"count":0,"href":"https:\/\/vitanet.al\/sq\/wp-json\/wp\/v2\/product\/8614\/revisions"}],"wp:featuredmedia":[{"embeddable":true,"href":"https:\/\/vitanet.al\/sq\/wp-json\/wp\/v2\/media\/8610"}],"wp:attachment":[{"href":"https:\/\/vitanet.al\/sq\/wp-json\/wp\/v2\/media?parent=8614"}],"wp:term":[{"taxonomy":"product_brand","embeddable":true,"href":"https:\/\/vitanet.al\/sq\/wp-json\/wp\/v2\/product_brand?post=8614"},{"taxonomy":"product_cat","embeddable":true,"href":"https:\/\/vitanet.al\/sq\/wp-json\/wp\/v2\/product_cat?post=8614"},{"taxonomy":"product_tag","embeddable":true,"href":"https:\/\/vitanet.al\/sq\/wp-json\/wp\/v2\/product_tag?post=8614"}],"curies":[{"name":"wp","href":"https:\/\/api.w.org\/{rel}","templated":true}]}}