{"id":8618,"date":"2026-03-27T12:45:46","date_gmt":"2026-03-27T12:45:46","guid":{"rendered":"https:\/\/vitanet.al\/?post_type=product&#038;p=8618"},"modified":"2026-03-27T12:45:47","modified_gmt":"2026-03-27T12:45:47","slug":"strepsils-strawberry","status":"publish","type":"product","link":"https:\/\/vitanet.al\/sq\/product\/strepsils-strawberry\/","title":{"rendered":"Strepsils Strawberry"},"content":{"rendered":"<p>Strepsils Strawberry jan\u00eb karamel\u00eb me arom\u00eb<br \/>\nluleshtrydhe q\u00eb p\u00ebrmbajn\u00eb: Alkool 2,4-<br \/>\nDiklorobenzil, Amilmetakresol. Karamelet<br \/>\np\u00ebrmbajn\u00eb dy p\u00ebrb\u00ebr\u00ebs me veprim antiseptik t\u00eb cil\u00ebt<br \/>\nshkat\u00ebrrojn\u00eb bakteret n\u00eb fyt dhe goj\u00eb tek f\u00ebmij\u00ebt mbi<br \/>\n6 vje\u00e7 dhe t\u00eb rriturit. Shkrirja e karameleve lejon q\u00eb<br \/>\np\u00ebrb\u00ebr\u00ebsit aktiv t\u00eb veprojn\u00eb n\u00eb zon\u00ebn e inflamuar t\u00eb<br \/>\ngoj\u00ebs dhe fytit. Gjithmon\u00eb flet\u00ebp\u00ebrshkruesin ose<br \/>\nk\u00ebshillohuni me mjekun ose farmacistin tuaj p\u00ebrpara<br \/>\np\u00ebrdorimit.<br \/>\nT\u00eb rriturit, f\u00ebmij\u00ebt (mbi 6 vje\u00e7) rekomandohet t\u00eb<br \/>\nmarrin 1 karamele q\u00eb shkrihet n\u00eb goj\u00eb \u00e7do 2-3 or\u00eb<br \/>\nderi n\u00eb 12 karamele gjithsej n\u00eb 24 ore.<\/p>\n","protected":false},"excerpt":{"rendered":"<p>Strepsils Strawberry jan\u00eb karamel\u00eb me arom\u00eb luleshtrydhe q\u00eb p\u00ebrmbajn\u00eb: Alkool 2,4- Diklorobenzil, Amilmetakresol. Karamelet p\u00ebrmbajn\u00eb dy p\u00ebrb\u00ebr\u00ebs me veprim antiseptik t\u00eb cil\u00ebt shkat\u00ebrrojn\u00eb bakteret n\u00eb fyt dhe goj\u00eb tek f\u00ebmij\u00ebt mbi 6 vje\u00e7 dhe t\u00eb rriturit. Shkrirja e karameleve lejon q\u00eb p\u00ebrb\u00ebr\u00ebsit aktiv t\u00eb veprojn\u00eb n\u00eb zon\u00ebn e inflamuar t\u00eb goj\u00ebs dhe fytit. Gjithmon\u00eb flet\u00ebp\u00ebrshkruesin [&hellip;]<\/p>\n","protected":false},"featured_media":8621,"template":"","meta":[],"product_brand":[],"product_cat":[197,225],"product_tag":[227,233,226],"class_list":{"0":"post-8618","1":"product","2":"type-product","3":"status-publish","4":"has-post-thumbnail","6":"product_cat-reckitt-benckiser","7":"product_cat-strepsils","8":"product_tag-sore-throat","9":"product_tag-strawberry","10":"product_tag-strepsils","12":"first","13":"instock","14":"shipping-taxable","15":"purchasable","16":"product-type-simple"},"yoast_head":"<!-- This site is optimized with the Yoast SEO plugin v27.3 - https:\/\/yoast.com\/product\/yoast-seo-wordpress\/ -->\n<title>Strepsils Strawberry - VITANET ALBANIA<\/title>\n<meta name=\"robots\" content=\"index, follow, max-snippet:-1, max-image-preview:large, max-video-preview:-1\" \/>\n<link rel=\"canonical\" href=\"https:\/\/vitanet.al\/sq\/product\/strepsils-strawberry\/\" \/>\n<meta property=\"og:locale\" content=\"sq_AL\" \/>\n<meta property=\"og:type\" content=\"article\" \/>\n<meta property=\"og:title\" content=\"Strepsils Strawberry - VITANET ALBANIA\" \/>\n<meta property=\"og:description\" content=\"Strepsils Strawberry jan\u00eb karamel\u00eb me arom\u00eb luleshtrydhe q\u00eb p\u00ebrmbajn\u00eb: Alkool 2,4- Diklorobenzil, Amilmetakresol. Karamelet p\u00ebrmbajn\u00eb dy p\u00ebrb\u00ebr\u00ebs me veprim antiseptik t\u00eb cil\u00ebt shkat\u00ebrrojn\u00eb bakteret n\u00eb fyt dhe goj\u00eb tek f\u00ebmij\u00ebt mbi 6 vje\u00e7 dhe t\u00eb rriturit. Shkrirja e karameleve lejon q\u00eb p\u00ebrb\u00ebr\u00ebsit aktiv t\u00eb veprojn\u00eb n\u00eb zon\u00ebn e inflamuar t\u00eb goj\u00ebs dhe fytit. Gjithmon\u00eb flet\u00ebp\u00ebrshkruesin [&hellip;]\" \/>\n<meta property=\"og:url\" content=\"https:\/\/vitanet.al\/sq\/product\/strepsils-strawberry\/\" \/>\n<meta property=\"og:site_name\" content=\"VITANET ALBANIA\" \/>\n<meta property=\"article:modified_time\" content=\"2026-03-27T12:45:47+00:00\" \/>\n<meta property=\"og:image\" content=\"https:\/\/vitanet.al\/wp-content\/uploads\/2026\/03\/ALB_5002.jpg\" \/>\n\t<meta property=\"og:image:width\" content=\"1080\" \/>\n\t<meta property=\"og:image:height\" content=\"1080\" \/>\n\t<meta property=\"og:image:type\" content=\"image\/jpeg\" \/>\n<meta name=\"twitter:card\" content=\"summary_large_image\" \/>\n<meta name=\"twitter:label1\" content=\"Est. reading time\" \/>\n\t<meta name=\"twitter:data1\" content=\"1 minute\" \/>\n<script type=\"application\/ld+json\" class=\"yoast-schema-graph\">{\"@context\":\"https:\\\/\\\/schema.org\",\"@graph\":[{\"@type\":\"WebPage\",\"@id\":\"https:\\\/\\\/vitanet.al\\\/sq\\\/product\\\/strepsils-strawberry\\\/\",\"url\":\"https:\\\/\\\/vitanet.al\\\/sq\\\/product\\\/strepsils-strawberry\\\/\",\"name\":\"Strepsils Strawberry - VITANET ALBANIA\",\"isPartOf\":{\"@id\":\"https:\\\/\\\/vitanet.al\\\/sq\\\/#website\"},\"primaryImageOfPage\":{\"@id\":\"https:\\\/\\\/vitanet.al\\\/sq\\\/product\\\/strepsils-strawberry\\\/#primaryimage\"},\"image\":{\"@id\":\"https:\\\/\\\/vitanet.al\\\/sq\\\/product\\\/strepsils-strawberry\\\/#primaryimage\"},\"thumbnailUrl\":\"https:\\\/\\\/vitanet.al\\\/wp-content\\\/uploads\\\/2026\\\/03\\\/ALB_5002.jpg\",\"datePublished\":\"2026-03-27T12:45:46+00:00\",\"dateModified\":\"2026-03-27T12:45:47+00:00\",\"breadcrumb\":{\"@id\":\"https:\\\/\\\/vitanet.al\\\/sq\\\/product\\\/strepsils-strawberry\\\/#breadcrumb\"},\"inLanguage\":\"sq-AL\",\"potentialAction\":[{\"@type\":\"ReadAction\",\"target\":[\"https:\\\/\\\/vitanet.al\\\/sq\\\/product\\\/strepsils-strawberry\\\/\"]}]},{\"@type\":\"ImageObject\",\"inLanguage\":\"sq-AL\",\"@id\":\"https:\\\/\\\/vitanet.al\\\/sq\\\/product\\\/strepsils-strawberry\\\/#primaryimage\",\"url\":\"https:\\\/\\\/vitanet.al\\\/wp-content\\\/uploads\\\/2026\\\/03\\\/ALB_5002.jpg\",\"contentUrl\":\"https:\\\/\\\/vitanet.al\\\/wp-content\\\/uploads\\\/2026\\\/03\\\/ALB_5002.jpg\",\"width\":1080,\"height\":1080},{\"@type\":\"BreadcrumbList\",\"@id\":\"https:\\\/\\\/vitanet.al\\\/sq\\\/product\\\/strepsils-strawberry\\\/#breadcrumb\",\"itemListElement\":[{\"@type\":\"ListItem\",\"position\":1,\"name\":\"Home\",\"item\":\"https:\\\/\\\/vitanet.al\\\/sq\\\/\"},{\"@type\":\"ListItem\",\"position\":2,\"name\":\"Shop\",\"item\":\"https:\\\/\\\/vitanet.al\\\/sq\\\/shop\\\/\"},{\"@type\":\"ListItem\",\"position\":3,\"name\":\"Strepsils Strawberry\"}]},{\"@type\":\"WebSite\",\"@id\":\"https:\\\/\\\/vitanet.al\\\/sq\\\/#website\",\"url\":\"https:\\\/\\\/vitanet.al\\\/sq\\\/\",\"name\":\"VITANET ALBANIA\",\"description\":\"\",\"publisher\":{\"@id\":\"https:\\\/\\\/vitanet.al\\\/sq\\\/#organization\"},\"potentialAction\":[{\"@type\":\"SearchAction\",\"target\":{\"@type\":\"EntryPoint\",\"urlTemplate\":\"https:\\\/\\\/vitanet.al\\\/sq\\\/?s={search_term_string}\"},\"query-input\":{\"@type\":\"PropertyValueSpecification\",\"valueRequired\":true,\"valueName\":\"search_term_string\"}}],\"inLanguage\":\"sq-AL\"},{\"@type\":\"Organization\",\"@id\":\"https:\\\/\\\/vitanet.al\\\/sq\\\/#organization\",\"name\":\"VITANET ALBANIA\",\"url\":\"https:\\\/\\\/vitanet.al\\\/sq\\\/\",\"logo\":{\"@type\":\"ImageObject\",\"inLanguage\":\"sq-AL\",\"@id\":\"https:\\\/\\\/vitanet.al\\\/sq\\\/#\\\/schema\\\/logo\\\/image\\\/\",\"url\":\"https:\\\/\\\/vitanet.al\\\/wp-content\\\/uploads\\\/2022\\\/02\\\/Vitanet_Logo-scaled.webp\",\"contentUrl\":\"https:\\\/\\\/vitanet.al\\\/wp-content\\\/uploads\\\/2022\\\/02\\\/Vitanet_Logo-scaled.webp\",\"width\":2560,\"height\":714,\"caption\":\"VITANET ALBANIA\"},\"image\":{\"@id\":\"https:\\\/\\\/vitanet.al\\\/sq\\\/#\\\/schema\\\/logo\\\/image\\\/\"}}]}<\/script>\n<!-- \/ Yoast SEO plugin. -->","yoast_head_json":{"title":"Strepsils Strawberry - VITANET ALBANIA","robots":{"index":"index","follow":"follow","max-snippet":"max-snippet:-1","max-image-preview":"max-image-preview:large","max-video-preview":"max-video-preview:-1"},"canonical":"https:\/\/vitanet.al\/sq\/product\/strepsils-strawberry\/","og_locale":"sq_AL","og_type":"article","og_title":"Strepsils Strawberry - VITANET ALBANIA","og_description":"Strepsils Strawberry jan\u00eb karamel\u00eb me arom\u00eb luleshtrydhe q\u00eb p\u00ebrmbajn\u00eb: Alkool 2,4- Diklorobenzil, Amilmetakresol. Karamelet p\u00ebrmbajn\u00eb dy p\u00ebrb\u00ebr\u00ebs me veprim antiseptik t\u00eb cil\u00ebt shkat\u00ebrrojn\u00eb bakteret n\u00eb fyt dhe goj\u00eb tek f\u00ebmij\u00ebt mbi 6 vje\u00e7 dhe t\u00eb rriturit. Shkrirja e karameleve lejon q\u00eb p\u00ebrb\u00ebr\u00ebsit aktiv t\u00eb veprojn\u00eb n\u00eb zon\u00ebn e inflamuar t\u00eb goj\u00ebs dhe fytit. Gjithmon\u00eb flet\u00ebp\u00ebrshkruesin [&hellip;]","og_url":"https:\/\/vitanet.al\/sq\/product\/strepsils-strawberry\/","og_site_name":"VITANET ALBANIA","article_modified_time":"2026-03-27T12:45:47+00:00","og_image":[{"width":1080,"height":1080,"url":"https:\/\/vitanet.al\/wp-content\/uploads\/2026\/03\/ALB_5002.jpg","type":"image\/jpeg"}],"twitter_card":"summary_large_image","twitter_misc":{"Est. reading time":"1 minute"},"schema":{"@context":"https:\/\/schema.org","@graph":[{"@type":"WebPage","@id":"https:\/\/vitanet.al\/sq\/product\/strepsils-strawberry\/","url":"https:\/\/vitanet.al\/sq\/product\/strepsils-strawberry\/","name":"Strepsils Strawberry - VITANET ALBANIA","isPartOf":{"@id":"https:\/\/vitanet.al\/sq\/#website"},"primaryImageOfPage":{"@id":"https:\/\/vitanet.al\/sq\/product\/strepsils-strawberry\/#primaryimage"},"image":{"@id":"https:\/\/vitanet.al\/sq\/product\/strepsils-strawberry\/#primaryimage"},"thumbnailUrl":"https:\/\/vitanet.al\/wp-content\/uploads\/2026\/03\/ALB_5002.jpg","datePublished":"2026-03-27T12:45:46+00:00","dateModified":"2026-03-27T12:45:47+00:00","breadcrumb":{"@id":"https:\/\/vitanet.al\/sq\/product\/strepsils-strawberry\/#breadcrumb"},"inLanguage":"sq-AL","potentialAction":[{"@type":"ReadAction","target":["https:\/\/vitanet.al\/sq\/product\/strepsils-strawberry\/"]}]},{"@type":"ImageObject","inLanguage":"sq-AL","@id":"https:\/\/vitanet.al\/sq\/product\/strepsils-strawberry\/#primaryimage","url":"https:\/\/vitanet.al\/wp-content\/uploads\/2026\/03\/ALB_5002.jpg","contentUrl":"https:\/\/vitanet.al\/wp-content\/uploads\/2026\/03\/ALB_5002.jpg","width":1080,"height":1080},{"@type":"BreadcrumbList","@id":"https:\/\/vitanet.al\/sq\/product\/strepsils-strawberry\/#breadcrumb","itemListElement":[{"@type":"ListItem","position":1,"name":"Home","item":"https:\/\/vitanet.al\/sq\/"},{"@type":"ListItem","position":2,"name":"Shop","item":"https:\/\/vitanet.al\/sq\/shop\/"},{"@type":"ListItem","position":3,"name":"Strepsils Strawberry"}]},{"@type":"WebSite","@id":"https:\/\/vitanet.al\/sq\/#website","url":"https:\/\/vitanet.al\/sq\/","name":"VITANET ALBANIA","description":"","publisher":{"@id":"https:\/\/vitanet.al\/sq\/#organization"},"potentialAction":[{"@type":"SearchAction","target":{"@type":"EntryPoint","urlTemplate":"https:\/\/vitanet.al\/sq\/?s={search_term_string}"},"query-input":{"@type":"PropertyValueSpecification","valueRequired":true,"valueName":"search_term_string"}}],"inLanguage":"sq-AL"},{"@type":"Organization","@id":"https:\/\/vitanet.al\/sq\/#organization","name":"VITANET ALBANIA","url":"https:\/\/vitanet.al\/sq\/","logo":{"@type":"ImageObject","inLanguage":"sq-AL","@id":"https:\/\/vitanet.al\/sq\/#\/schema\/logo\/image\/","url":"https:\/\/vitanet.al\/wp-content\/uploads\/2022\/02\/Vitanet_Logo-scaled.webp","contentUrl":"https:\/\/vitanet.al\/wp-content\/uploads\/2022\/02\/Vitanet_Logo-scaled.webp","width":2560,"height":714,"caption":"VITANET ALBANIA"},"image":{"@id":"https:\/\/vitanet.al\/sq\/#\/schema\/logo\/image\/"}}]}},"_links":{"self":[{"href":"https:\/\/vitanet.al\/sq\/wp-json\/wp\/v2\/product\/8618","targetHints":{"allow":["GET"]}}],"collection":[{"href":"https:\/\/vitanet.al\/sq\/wp-json\/wp\/v2\/product"}],"about":[{"href":"https:\/\/vitanet.al\/sq\/wp-json\/wp\/v2\/types\/product"}],"version-history":[{"count":1,"href":"https:\/\/vitanet.al\/sq\/wp-json\/wp\/v2\/product\/8618\/revisions"}],"predecessor-version":[{"id":8623,"href":"https:\/\/vitanet.al\/sq\/wp-json\/wp\/v2\/product\/8618\/revisions\/8623"}],"wp:featuredmedia":[{"embeddable":true,"href":"https:\/\/vitanet.al\/sq\/wp-json\/wp\/v2\/media\/8621"}],"wp:attachment":[{"href":"https:\/\/vitanet.al\/sq\/wp-json\/wp\/v2\/media?parent=8618"}],"wp:term":[{"taxonomy":"product_brand","embeddable":true,"href":"https:\/\/vitanet.al\/sq\/wp-json\/wp\/v2\/product_brand?post=8618"},{"taxonomy":"product_cat","embeddable":true,"href":"https:\/\/vitanet.al\/sq\/wp-json\/wp\/v2\/product_cat?post=8618"},{"taxonomy":"product_tag","embeddable":true,"href":"https:\/\/vitanet.al\/sq\/wp-json\/wp\/v2\/product_tag?post=8618"}],"curies":[{"name":"wp","href":"https:\/\/api.w.org\/{rel}","templated":true}]}}