{"id":8620,"date":"2026-03-27T12:40:59","date_gmt":"2026-03-27T12:40:59","guid":{"rendered":"https:\/\/vitanet.al\/product\/strepsils-mjalte-limon\/"},"modified":"2026-03-27T12:40:59","modified_gmt":"2026-03-27T12:40:59","slug":"strepsils-mjalte-limon","status":"publish","type":"product","link":"https:\/\/vitanet.al\/sq\/product\/strepsils-mjalte-limon\/","title":{"rendered":"Strepsils Mjalt\u00eb &amp; Limon"},"content":{"rendered":"<p>Strepsils mjalt\u00eb dhe limon jan\u00eb lozenge q\u00eb<br \/>\np\u00ebrmbajn\u00eb alkool 2,4-diklorbenzil dhe<br \/>\namilmetakrezol 2, t\u00eb cil\u00ebt jan\u00eb antiseptik\u00eb q\u00eb<br \/>\np\u00ebrdoren n\u00eb trajtimin e infeksioneve t\u00eb goj\u00ebs dhe<br \/>\nfytit. Tretja dhe mbajtja e lozengeve n\u00eb goj\u00eb i lejon<br \/>\np\u00ebrb\u00ebr\u00ebsit t\u00eb veprojn\u00eb n\u00eb zonat e acaruara duke<br \/>\nlubrifikuar e qet\u00ebsuar zonat e inflamuara. Mbaje<br \/>\nkaramelen n\u00eb goj\u00eb duke e tretur at\u00eb.<br \/>\nP\u00ebrdor nj\u00eb karamele \u00e7do 2-3 or\u00eb.<br \/>\nT\u00eb rriturit, f\u00ebmij\u00ebt (mbi 6 vje\u00e7) dhe t\u00eb moshuarit: nj\u00eb<br \/>\nlozenge t\u00eb mbahet dhe t\u00eb tretet n\u00eb goj\u00eb \u00e7do 2-3 or\u00eb<br \/>\nderi n\u00eb maksimumi 12 lozenge n\u00eb 24 or\u00eb.  <\/p>\n","protected":false},"excerpt":{"rendered":"<p>Strepsils mjalt\u00eb dhe limon jan\u00eb lozenge q\u00eb p\u00ebrmbajn\u00eb alkool 2,4-diklorbenzil dhe amilmetakrezol 2, t\u00eb cil\u00ebt jan\u00eb antiseptik\u00eb q\u00eb p\u00ebrdoren n\u00eb trajtimin e infeksioneve t\u00eb goj\u00ebs dhe fytit. Tretja dhe mbajtja e lozengeve n\u00eb goj\u00eb i lejon p\u00ebrb\u00ebr\u00ebsit t\u00eb veprojn\u00eb n\u00eb zonat e acaruara duke lubrifikuar e qet\u00ebsuar zonat e inflamuara. Mbaje karamelen n\u00eb goj\u00eb duke [&hellip;]<\/p>\n","protected":false},"featured_media":8616,"template":"","meta":[],"product_brand":[],"product_cat":[182,204,229],"product_tag":[231,232,230],"class_list":{"0":"post-8620","1":"product","2":"type-product","3":"status-publish","4":"has-post-thumbnail","6":"product_cat-kujdesi-personal","7":"product_cat-reckitt-benckiser","8":"product_cat-strepsils","9":"product_tag-dhimbje-fyti","10":"product_tag-mjalte-dhe-limon","11":"product_tag-strepsils","13":"first","14":"instock","15":"shipping-taxable","16":"purchasable","17":"product-type-simple"},"yoast_head":"<!-- This site is optimized with the Yoast SEO plugin v27.3 - https:\/\/yoast.com\/product\/yoast-seo-wordpress\/ -->\n<title>Strepsils Mjalt\u00eb &amp; Limon - VITANET ALBANIA<\/title>\n<meta name=\"robots\" content=\"index, follow, max-snippet:-1, max-image-preview:large, max-video-preview:-1\" \/>\n<link rel=\"canonical\" href=\"https:\/\/vitanet.al\/sq\/product\/strepsils-mjalte-limon\/\" \/>\n<meta property=\"og:locale\" content=\"sq_AL\" \/>\n<meta property=\"og:type\" content=\"article\" \/>\n<meta property=\"og:title\" content=\"Strepsils Mjalt\u00eb &amp; Limon - VITANET ALBANIA\" \/>\n<meta property=\"og:description\" content=\"Strepsils mjalt\u00eb dhe limon jan\u00eb lozenge q\u00eb p\u00ebrmbajn\u00eb alkool 2,4-diklorbenzil dhe amilmetakrezol 2, t\u00eb cil\u00ebt jan\u00eb antiseptik\u00eb q\u00eb p\u00ebrdoren n\u00eb trajtimin e infeksioneve t\u00eb goj\u00ebs dhe fytit. Tretja dhe mbajtja e lozengeve n\u00eb goj\u00eb i lejon p\u00ebrb\u00ebr\u00ebsit t\u00eb veprojn\u00eb n\u00eb zonat e acaruara duke lubrifikuar e qet\u00ebsuar zonat e inflamuara. Mbaje karamelen n\u00eb goj\u00eb duke [&hellip;]\" \/>\n<meta property=\"og:url\" content=\"https:\/\/vitanet.al\/sq\/product\/strepsils-mjalte-limon\/\" \/>\n<meta property=\"og:site_name\" content=\"VITANET ALBANIA\" \/>\n<meta property=\"og:image\" content=\"https:\/\/vitanet.al\/wp-content\/uploads\/2026\/03\/ALB_5005.jpg\" \/>\n\t<meta property=\"og:image:width\" content=\"1080\" \/>\n\t<meta property=\"og:image:height\" content=\"1080\" \/>\n\t<meta property=\"og:image:type\" content=\"image\/jpeg\" \/>\n<meta name=\"twitter:card\" content=\"summary_large_image\" \/>\n<meta name=\"twitter:label1\" content=\"Est. reading time\" \/>\n\t<meta name=\"twitter:data1\" content=\"1 minute\" \/>\n<script type=\"application\/ld+json\" class=\"yoast-schema-graph\">{\"@context\":\"https:\\\/\\\/schema.org\",\"@graph\":[{\"@type\":\"WebPage\",\"@id\":\"https:\\\/\\\/vitanet.al\\\/sq\\\/product\\\/strepsils-mjalte-limon\\\/\",\"url\":\"https:\\\/\\\/vitanet.al\\\/sq\\\/product\\\/strepsils-mjalte-limon\\\/\",\"name\":\"Strepsils Mjalt\u00eb &amp; Limon - VITANET ALBANIA\",\"isPartOf\":{\"@id\":\"https:\\\/\\\/vitanet.al\\\/sq\\\/#website\"},\"primaryImageOfPage\":{\"@id\":\"https:\\\/\\\/vitanet.al\\\/sq\\\/product\\\/strepsils-mjalte-limon\\\/#primaryimage\"},\"image\":{\"@id\":\"https:\\\/\\\/vitanet.al\\\/sq\\\/product\\\/strepsils-mjalte-limon\\\/#primaryimage\"},\"thumbnailUrl\":\"https:\\\/\\\/vitanet.al\\\/wp-content\\\/uploads\\\/2026\\\/03\\\/ALB_5005.jpg\",\"datePublished\":\"2026-03-27T12:40:59+00:00\",\"breadcrumb\":{\"@id\":\"https:\\\/\\\/vitanet.al\\\/sq\\\/product\\\/strepsils-mjalte-limon\\\/#breadcrumb\"},\"inLanguage\":\"sq-AL\",\"potentialAction\":[{\"@type\":\"ReadAction\",\"target\":[\"https:\\\/\\\/vitanet.al\\\/sq\\\/product\\\/strepsils-mjalte-limon\\\/\"]}]},{\"@type\":\"ImageObject\",\"inLanguage\":\"sq-AL\",\"@id\":\"https:\\\/\\\/vitanet.al\\\/sq\\\/product\\\/strepsils-mjalte-limon\\\/#primaryimage\",\"url\":\"https:\\\/\\\/vitanet.al\\\/wp-content\\\/uploads\\\/2026\\\/03\\\/ALB_5005.jpg\",\"contentUrl\":\"https:\\\/\\\/vitanet.al\\\/wp-content\\\/uploads\\\/2026\\\/03\\\/ALB_5005.jpg\",\"width\":1080,\"height\":1080},{\"@type\":\"BreadcrumbList\",\"@id\":\"https:\\\/\\\/vitanet.al\\\/sq\\\/product\\\/strepsils-mjalte-limon\\\/#breadcrumb\",\"itemListElement\":[{\"@type\":\"ListItem\",\"position\":1,\"name\":\"Home\",\"item\":\"https:\\\/\\\/vitanet.al\\\/sq\\\/\"},{\"@type\":\"ListItem\",\"position\":2,\"name\":\"Shop\",\"item\":\"https:\\\/\\\/vitanet.al\\\/sq\\\/shop\\\/\"},{\"@type\":\"ListItem\",\"position\":3,\"name\":\"Strepsils Mjalt\u00eb &amp; Limon\"}]},{\"@type\":\"WebSite\",\"@id\":\"https:\\\/\\\/vitanet.al\\\/sq\\\/#website\",\"url\":\"https:\\\/\\\/vitanet.al\\\/sq\\\/\",\"name\":\"VITANET ALBANIA\",\"description\":\"\",\"publisher\":{\"@id\":\"https:\\\/\\\/vitanet.al\\\/sq\\\/#organization\"},\"potentialAction\":[{\"@type\":\"SearchAction\",\"target\":{\"@type\":\"EntryPoint\",\"urlTemplate\":\"https:\\\/\\\/vitanet.al\\\/sq\\\/?s={search_term_string}\"},\"query-input\":{\"@type\":\"PropertyValueSpecification\",\"valueRequired\":true,\"valueName\":\"search_term_string\"}}],\"inLanguage\":\"sq-AL\"},{\"@type\":\"Organization\",\"@id\":\"https:\\\/\\\/vitanet.al\\\/sq\\\/#organization\",\"name\":\"VITANET ALBANIA\",\"url\":\"https:\\\/\\\/vitanet.al\\\/sq\\\/\",\"logo\":{\"@type\":\"ImageObject\",\"inLanguage\":\"sq-AL\",\"@id\":\"https:\\\/\\\/vitanet.al\\\/sq\\\/#\\\/schema\\\/logo\\\/image\\\/\",\"url\":\"https:\\\/\\\/vitanet.al\\\/wp-content\\\/uploads\\\/2022\\\/02\\\/Vitanet_Logo-scaled.webp\",\"contentUrl\":\"https:\\\/\\\/vitanet.al\\\/wp-content\\\/uploads\\\/2022\\\/02\\\/Vitanet_Logo-scaled.webp\",\"width\":2560,\"height\":714,\"caption\":\"VITANET ALBANIA\"},\"image\":{\"@id\":\"https:\\\/\\\/vitanet.al\\\/sq\\\/#\\\/schema\\\/logo\\\/image\\\/\"}}]}<\/script>\n<!-- \/ Yoast SEO plugin. -->","yoast_head_json":{"title":"Strepsils Mjalt\u00eb &amp; Limon - VITANET ALBANIA","robots":{"index":"index","follow":"follow","max-snippet":"max-snippet:-1","max-image-preview":"max-image-preview:large","max-video-preview":"max-video-preview:-1"},"canonical":"https:\/\/vitanet.al\/sq\/product\/strepsils-mjalte-limon\/","og_locale":"sq_AL","og_type":"article","og_title":"Strepsils Mjalt\u00eb &amp; Limon - VITANET ALBANIA","og_description":"Strepsils mjalt\u00eb dhe limon jan\u00eb lozenge q\u00eb p\u00ebrmbajn\u00eb alkool 2,4-diklorbenzil dhe amilmetakrezol 2, t\u00eb cil\u00ebt jan\u00eb antiseptik\u00eb q\u00eb p\u00ebrdoren n\u00eb trajtimin e infeksioneve t\u00eb goj\u00ebs dhe fytit. Tretja dhe mbajtja e lozengeve n\u00eb goj\u00eb i lejon p\u00ebrb\u00ebr\u00ebsit t\u00eb veprojn\u00eb n\u00eb zonat e acaruara duke lubrifikuar e qet\u00ebsuar zonat e inflamuara. Mbaje karamelen n\u00eb goj\u00eb duke [&hellip;]","og_url":"https:\/\/vitanet.al\/sq\/product\/strepsils-mjalte-limon\/","og_site_name":"VITANET ALBANIA","og_image":[{"width":1080,"height":1080,"url":"https:\/\/vitanet.al\/wp-content\/uploads\/2026\/03\/ALB_5005.jpg","type":"image\/jpeg"}],"twitter_card":"summary_large_image","twitter_misc":{"Est. reading time":"1 minute"},"schema":{"@context":"https:\/\/schema.org","@graph":[{"@type":"WebPage","@id":"https:\/\/vitanet.al\/sq\/product\/strepsils-mjalte-limon\/","url":"https:\/\/vitanet.al\/sq\/product\/strepsils-mjalte-limon\/","name":"Strepsils Mjalt\u00eb &amp; Limon - VITANET ALBANIA","isPartOf":{"@id":"https:\/\/vitanet.al\/sq\/#website"},"primaryImageOfPage":{"@id":"https:\/\/vitanet.al\/sq\/product\/strepsils-mjalte-limon\/#primaryimage"},"image":{"@id":"https:\/\/vitanet.al\/sq\/product\/strepsils-mjalte-limon\/#primaryimage"},"thumbnailUrl":"https:\/\/vitanet.al\/wp-content\/uploads\/2026\/03\/ALB_5005.jpg","datePublished":"2026-03-27T12:40:59+00:00","breadcrumb":{"@id":"https:\/\/vitanet.al\/sq\/product\/strepsils-mjalte-limon\/#breadcrumb"},"inLanguage":"sq-AL","potentialAction":[{"@type":"ReadAction","target":["https:\/\/vitanet.al\/sq\/product\/strepsils-mjalte-limon\/"]}]},{"@type":"ImageObject","inLanguage":"sq-AL","@id":"https:\/\/vitanet.al\/sq\/product\/strepsils-mjalte-limon\/#primaryimage","url":"https:\/\/vitanet.al\/wp-content\/uploads\/2026\/03\/ALB_5005.jpg","contentUrl":"https:\/\/vitanet.al\/wp-content\/uploads\/2026\/03\/ALB_5005.jpg","width":1080,"height":1080},{"@type":"BreadcrumbList","@id":"https:\/\/vitanet.al\/sq\/product\/strepsils-mjalte-limon\/#breadcrumb","itemListElement":[{"@type":"ListItem","position":1,"name":"Home","item":"https:\/\/vitanet.al\/sq\/"},{"@type":"ListItem","position":2,"name":"Shop","item":"https:\/\/vitanet.al\/sq\/shop\/"},{"@type":"ListItem","position":3,"name":"Strepsils Mjalt\u00eb &amp; Limon"}]},{"@type":"WebSite","@id":"https:\/\/vitanet.al\/sq\/#website","url":"https:\/\/vitanet.al\/sq\/","name":"VITANET ALBANIA","description":"","publisher":{"@id":"https:\/\/vitanet.al\/sq\/#organization"},"potentialAction":[{"@type":"SearchAction","target":{"@type":"EntryPoint","urlTemplate":"https:\/\/vitanet.al\/sq\/?s={search_term_string}"},"query-input":{"@type":"PropertyValueSpecification","valueRequired":true,"valueName":"search_term_string"}}],"inLanguage":"sq-AL"},{"@type":"Organization","@id":"https:\/\/vitanet.al\/sq\/#organization","name":"VITANET ALBANIA","url":"https:\/\/vitanet.al\/sq\/","logo":{"@type":"ImageObject","inLanguage":"sq-AL","@id":"https:\/\/vitanet.al\/sq\/#\/schema\/logo\/image\/","url":"https:\/\/vitanet.al\/wp-content\/uploads\/2022\/02\/Vitanet_Logo-scaled.webp","contentUrl":"https:\/\/vitanet.al\/wp-content\/uploads\/2022\/02\/Vitanet_Logo-scaled.webp","width":2560,"height":714,"caption":"VITANET ALBANIA"},"image":{"@id":"https:\/\/vitanet.al\/sq\/#\/schema\/logo\/image\/"}}]}},"_links":{"self":[{"href":"https:\/\/vitanet.al\/sq\/wp-json\/wp\/v2\/product\/8620","targetHints":{"allow":["GET"]}}],"collection":[{"href":"https:\/\/vitanet.al\/sq\/wp-json\/wp\/v2\/product"}],"about":[{"href":"https:\/\/vitanet.al\/sq\/wp-json\/wp\/v2\/types\/product"}],"version-history":[{"count":0,"href":"https:\/\/vitanet.al\/sq\/wp-json\/wp\/v2\/product\/8620\/revisions"}],"wp:featuredmedia":[{"embeddable":true,"href":"https:\/\/vitanet.al\/sq\/wp-json\/wp\/v2\/media\/8616"}],"wp:attachment":[{"href":"https:\/\/vitanet.al\/sq\/wp-json\/wp\/v2\/media?parent=8620"}],"wp:term":[{"taxonomy":"product_brand","embeddable":true,"href":"https:\/\/vitanet.al\/sq\/wp-json\/wp\/v2\/product_brand?post=8620"},{"taxonomy":"product_cat","embeddable":true,"href":"https:\/\/vitanet.al\/sq\/wp-json\/wp\/v2\/product_cat?post=8620"},{"taxonomy":"product_tag","embeddable":true,"href":"https:\/\/vitanet.al\/sq\/wp-json\/wp\/v2\/product_tag?post=8620"}],"curies":[{"name":"wp","href":"https:\/\/api.w.org\/{rel}","templated":true}]}}