{"id":8625,"date":"2026-03-27T13:46:16","date_gmt":"2026-03-27T13:46:16","guid":{"rendered":"https:\/\/vitanet.al\/?post_type=product&#038;p=8625"},"modified":"2026-03-31T11:33:27","modified_gmt":"2026-03-31T11:33:27","slug":"skins-natural-delay-serum","status":"publish","type":"product","link":"https:\/\/vitanet.al\/sq\/product\/skins-natural-delay-serum\/","title":{"rendered":"Skins Natural Delay Serum"},"content":{"rendered":"<p>1 n\u00eb 3 meshkuj p\u00ebrjetojn\u00eb ejakulim t\u00eb parakohsh\u00ebm.<br \/>\nSkins Delay p\u00ebrmban komponentin unik<br \/>\nPROBOOST* I p\u00ebrb\u00ebr\u00eb nga nj\u00eb kombinim<br \/>\nsubstancash natyrale (L-Arginine, panax ginseng,<br \/>\ngingko biloba, maca, saw palmetto dhe catuaba<br \/>\nbark). Rrit koh\u00ebzgjatjen e marrdh\u00ebnies. Aplikim<br \/>\ndiskret (I padukshem n\u00eb l\u00ebkur\u00eb). I p\u00ebrshtatsh\u00ebm me<br \/>\nph e zon\u00ebs intime. I p\u00ebrshtatsh\u00ebm edhe gjat\u00eb seksit<br \/>\noral.<br \/>\nPaketimi: flkakon 30ml<\/p>\n","protected":false},"excerpt":{"rendered":"<p>1 n\u00eb 3 meshkuj p\u00ebrjetojn\u00eb ejakulim t\u00eb parakohsh\u00ebm. Skins Delay p\u00ebrmban komponentin unik PROBOOST* I p\u00ebrb\u00ebr\u00eb nga nj\u00eb kombinim substancash natyrale (L-Arginine, panax ginseng, gingko biloba, maca, saw palmetto dhe catuaba bark). Rrit koh\u00ebzgjatjen e marrdh\u00ebnies. Aplikim diskret (I padukshem n\u00eb l\u00ebkur\u00eb). I p\u00ebrshtatsh\u00ebm me ph e zon\u00ebs intime. I p\u00ebrshtatsh\u00ebm edhe gjat\u00eb seksit oral. [&hellip;]<\/p>\n","protected":false},"featured_media":8926,"template":"","meta":[],"product_brand":[],"product_cat":[235,234],"product_tag":[238,237,236],"class_list":{"0":"post-8625","1":"product","2":"type-product","3":"status-publish","4":"has-post-thumbnail","6":"product_cat-serum","7":"product_cat-skins","8":"product_tag-delay","9":"product_tag-serum","10":"product_tag-skins","12":"first","13":"outofstock","14":"shipping-taxable","15":"purchasable","16":"product-type-simple"},"yoast_head":"<!-- This site is optimized with the Yoast SEO plugin v27.3 - https:\/\/yoast.com\/product\/yoast-seo-wordpress\/ -->\n<title>Skins Natural Delay Serum - VITANET ALBANIA<\/title>\n<meta name=\"robots\" content=\"index, follow, max-snippet:-1, max-image-preview:large, max-video-preview:-1\" \/>\n<link rel=\"canonical\" href=\"https:\/\/vitanet.al\/sq\/product\/skins-natural-delay-serum\/\" \/>\n<meta property=\"og:locale\" content=\"sq_AL\" \/>\n<meta property=\"og:type\" content=\"article\" \/>\n<meta property=\"og:title\" content=\"Skins Natural Delay Serum - VITANET ALBANIA\" \/>\n<meta property=\"og:description\" content=\"1 n\u00eb 3 meshkuj p\u00ebrjetojn\u00eb ejakulim t\u00eb parakohsh\u00ebm. Skins Delay p\u00ebrmban komponentin unik PROBOOST* I p\u00ebrb\u00ebr\u00eb nga nj\u00eb kombinim substancash natyrale (L-Arginine, panax ginseng, gingko biloba, maca, saw palmetto dhe catuaba bark). Rrit koh\u00ebzgjatjen e marrdh\u00ebnies. Aplikim diskret (I padukshem n\u00eb l\u00ebkur\u00eb). I p\u00ebrshtatsh\u00ebm me ph e zon\u00ebs intime. I p\u00ebrshtatsh\u00ebm edhe gjat\u00eb seksit oral. [&hellip;]\" \/>\n<meta property=\"og:url\" content=\"https:\/\/vitanet.al\/sq\/product\/skins-natural-delay-serum\/\" \/>\n<meta property=\"og:site_name\" content=\"VITANET ALBANIA\" \/>\n<meta property=\"article:modified_time\" content=\"2026-03-31T11:33:27+00:00\" \/>\n<meta property=\"og:image\" content=\"https:\/\/vitanet.al\/wp-content\/uploads\/2026\/03\/SkinsDelaySerum-straightonwithbottle.webp\" \/>\n\t<meta property=\"og:image:width\" content=\"1080\" \/>\n\t<meta property=\"og:image:height\" content=\"1080\" \/>\n\t<meta property=\"og:image:type\" content=\"image\/webp\" \/>\n<meta name=\"twitter:card\" content=\"summary_large_image\" \/>\n<meta name=\"twitter:label1\" content=\"Est. reading time\" \/>\n\t<meta name=\"twitter:data1\" content=\"1 minute\" \/>\n<script type=\"application\/ld+json\" class=\"yoast-schema-graph\">{\"@context\":\"https:\\\/\\\/schema.org\",\"@graph\":[{\"@type\":\"WebPage\",\"@id\":\"https:\\\/\\\/vitanet.al\\\/sq\\\/product\\\/skins-natural-delay-serum\\\/\",\"url\":\"https:\\\/\\\/vitanet.al\\\/sq\\\/product\\\/skins-natural-delay-serum\\\/\",\"name\":\"Skins Natural Delay Serum - VITANET ALBANIA\",\"isPartOf\":{\"@id\":\"https:\\\/\\\/vitanet.al\\\/sq\\\/#website\"},\"primaryImageOfPage\":{\"@id\":\"https:\\\/\\\/vitanet.al\\\/sq\\\/product\\\/skins-natural-delay-serum\\\/#primaryimage\"},\"image\":{\"@id\":\"https:\\\/\\\/vitanet.al\\\/sq\\\/product\\\/skins-natural-delay-serum\\\/#primaryimage\"},\"thumbnailUrl\":\"https:\\\/\\\/vitanet.al\\\/wp-content\\\/uploads\\\/2026\\\/03\\\/SkinsDelaySerum-straightonwithbottle.webp\",\"datePublished\":\"2026-03-27T13:46:16+00:00\",\"dateModified\":\"2026-03-31T11:33:27+00:00\",\"breadcrumb\":{\"@id\":\"https:\\\/\\\/vitanet.al\\\/sq\\\/product\\\/skins-natural-delay-serum\\\/#breadcrumb\"},\"inLanguage\":\"sq-AL\",\"potentialAction\":[{\"@type\":\"ReadAction\",\"target\":[\"https:\\\/\\\/vitanet.al\\\/sq\\\/product\\\/skins-natural-delay-serum\\\/\"]}]},{\"@type\":\"ImageObject\",\"inLanguage\":\"sq-AL\",\"@id\":\"https:\\\/\\\/vitanet.al\\\/sq\\\/product\\\/skins-natural-delay-serum\\\/#primaryimage\",\"url\":\"https:\\\/\\\/vitanet.al\\\/wp-content\\\/uploads\\\/2026\\\/03\\\/SkinsDelaySerum-straightonwithbottle.webp\",\"contentUrl\":\"https:\\\/\\\/vitanet.al\\\/wp-content\\\/uploads\\\/2026\\\/03\\\/SkinsDelaySerum-straightonwithbottle.webp\",\"width\":1080,\"height\":1080},{\"@type\":\"BreadcrumbList\",\"@id\":\"https:\\\/\\\/vitanet.al\\\/sq\\\/product\\\/skins-natural-delay-serum\\\/#breadcrumb\",\"itemListElement\":[{\"@type\":\"ListItem\",\"position\":1,\"name\":\"Home\",\"item\":\"https:\\\/\\\/vitanet.al\\\/sq\\\/\"},{\"@type\":\"ListItem\",\"position\":2,\"name\":\"Shop\",\"item\":\"https:\\\/\\\/vitanet.al\\\/sq\\\/shop\\\/\"},{\"@type\":\"ListItem\",\"position\":3,\"name\":\"Skins Natural Delay Serum\"}]},{\"@type\":\"WebSite\",\"@id\":\"https:\\\/\\\/vitanet.al\\\/sq\\\/#website\",\"url\":\"https:\\\/\\\/vitanet.al\\\/sq\\\/\",\"name\":\"VITANET ALBANIA\",\"description\":\"\",\"publisher\":{\"@id\":\"https:\\\/\\\/vitanet.al\\\/sq\\\/#organization\"},\"potentialAction\":[{\"@type\":\"SearchAction\",\"target\":{\"@type\":\"EntryPoint\",\"urlTemplate\":\"https:\\\/\\\/vitanet.al\\\/sq\\\/?s={search_term_string}\"},\"query-input\":{\"@type\":\"PropertyValueSpecification\",\"valueRequired\":true,\"valueName\":\"search_term_string\"}}],\"inLanguage\":\"sq-AL\"},{\"@type\":\"Organization\",\"@id\":\"https:\\\/\\\/vitanet.al\\\/sq\\\/#organization\",\"name\":\"VITANET ALBANIA\",\"url\":\"https:\\\/\\\/vitanet.al\\\/sq\\\/\",\"logo\":{\"@type\":\"ImageObject\",\"inLanguage\":\"sq-AL\",\"@id\":\"https:\\\/\\\/vitanet.al\\\/sq\\\/#\\\/schema\\\/logo\\\/image\\\/\",\"url\":\"https:\\\/\\\/vitanet.al\\\/wp-content\\\/uploads\\\/2022\\\/02\\\/Vitanet_Logo-scaled.webp\",\"contentUrl\":\"https:\\\/\\\/vitanet.al\\\/wp-content\\\/uploads\\\/2022\\\/02\\\/Vitanet_Logo-scaled.webp\",\"width\":2560,\"height\":714,\"caption\":\"VITANET ALBANIA\"},\"image\":{\"@id\":\"https:\\\/\\\/vitanet.al\\\/sq\\\/#\\\/schema\\\/logo\\\/image\\\/\"}}]}<\/script>\n<!-- \/ Yoast SEO plugin. -->","yoast_head_json":{"title":"Skins Natural Delay Serum - VITANET ALBANIA","robots":{"index":"index","follow":"follow","max-snippet":"max-snippet:-1","max-image-preview":"max-image-preview:large","max-video-preview":"max-video-preview:-1"},"canonical":"https:\/\/vitanet.al\/sq\/product\/skins-natural-delay-serum\/","og_locale":"sq_AL","og_type":"article","og_title":"Skins Natural Delay Serum - VITANET ALBANIA","og_description":"1 n\u00eb 3 meshkuj p\u00ebrjetojn\u00eb ejakulim t\u00eb parakohsh\u00ebm. Skins Delay p\u00ebrmban komponentin unik PROBOOST* I p\u00ebrb\u00ebr\u00eb nga nj\u00eb kombinim substancash natyrale (L-Arginine, panax ginseng, gingko biloba, maca, saw palmetto dhe catuaba bark). Rrit koh\u00ebzgjatjen e marrdh\u00ebnies. Aplikim diskret (I padukshem n\u00eb l\u00ebkur\u00eb). I p\u00ebrshtatsh\u00ebm me ph e zon\u00ebs intime. I p\u00ebrshtatsh\u00ebm edhe gjat\u00eb seksit oral. [&hellip;]","og_url":"https:\/\/vitanet.al\/sq\/product\/skins-natural-delay-serum\/","og_site_name":"VITANET ALBANIA","article_modified_time":"2026-03-31T11:33:27+00:00","og_image":[{"width":1080,"height":1080,"url":"https:\/\/vitanet.al\/wp-content\/uploads\/2026\/03\/SkinsDelaySerum-straightonwithbottle.webp","type":"image\/webp"}],"twitter_card":"summary_large_image","twitter_misc":{"Est. reading time":"1 minute"},"schema":{"@context":"https:\/\/schema.org","@graph":[{"@type":"WebPage","@id":"https:\/\/vitanet.al\/sq\/product\/skins-natural-delay-serum\/","url":"https:\/\/vitanet.al\/sq\/product\/skins-natural-delay-serum\/","name":"Skins Natural Delay Serum - VITANET ALBANIA","isPartOf":{"@id":"https:\/\/vitanet.al\/sq\/#website"},"primaryImageOfPage":{"@id":"https:\/\/vitanet.al\/sq\/product\/skins-natural-delay-serum\/#primaryimage"},"image":{"@id":"https:\/\/vitanet.al\/sq\/product\/skins-natural-delay-serum\/#primaryimage"},"thumbnailUrl":"https:\/\/vitanet.al\/wp-content\/uploads\/2026\/03\/SkinsDelaySerum-straightonwithbottle.webp","datePublished":"2026-03-27T13:46:16+00:00","dateModified":"2026-03-31T11:33:27+00:00","breadcrumb":{"@id":"https:\/\/vitanet.al\/sq\/product\/skins-natural-delay-serum\/#breadcrumb"},"inLanguage":"sq-AL","potentialAction":[{"@type":"ReadAction","target":["https:\/\/vitanet.al\/sq\/product\/skins-natural-delay-serum\/"]}]},{"@type":"ImageObject","inLanguage":"sq-AL","@id":"https:\/\/vitanet.al\/sq\/product\/skins-natural-delay-serum\/#primaryimage","url":"https:\/\/vitanet.al\/wp-content\/uploads\/2026\/03\/SkinsDelaySerum-straightonwithbottle.webp","contentUrl":"https:\/\/vitanet.al\/wp-content\/uploads\/2026\/03\/SkinsDelaySerum-straightonwithbottle.webp","width":1080,"height":1080},{"@type":"BreadcrumbList","@id":"https:\/\/vitanet.al\/sq\/product\/skins-natural-delay-serum\/#breadcrumb","itemListElement":[{"@type":"ListItem","position":1,"name":"Home","item":"https:\/\/vitanet.al\/sq\/"},{"@type":"ListItem","position":2,"name":"Shop","item":"https:\/\/vitanet.al\/sq\/shop\/"},{"@type":"ListItem","position":3,"name":"Skins Natural Delay Serum"}]},{"@type":"WebSite","@id":"https:\/\/vitanet.al\/sq\/#website","url":"https:\/\/vitanet.al\/sq\/","name":"VITANET ALBANIA","description":"","publisher":{"@id":"https:\/\/vitanet.al\/sq\/#organization"},"potentialAction":[{"@type":"SearchAction","target":{"@type":"EntryPoint","urlTemplate":"https:\/\/vitanet.al\/sq\/?s={search_term_string}"},"query-input":{"@type":"PropertyValueSpecification","valueRequired":true,"valueName":"search_term_string"}}],"inLanguage":"sq-AL"},{"@type":"Organization","@id":"https:\/\/vitanet.al\/sq\/#organization","name":"VITANET ALBANIA","url":"https:\/\/vitanet.al\/sq\/","logo":{"@type":"ImageObject","inLanguage":"sq-AL","@id":"https:\/\/vitanet.al\/sq\/#\/schema\/logo\/image\/","url":"https:\/\/vitanet.al\/wp-content\/uploads\/2022\/02\/Vitanet_Logo-scaled.webp","contentUrl":"https:\/\/vitanet.al\/wp-content\/uploads\/2022\/02\/Vitanet_Logo-scaled.webp","width":2560,"height":714,"caption":"VITANET ALBANIA"},"image":{"@id":"https:\/\/vitanet.al\/sq\/#\/schema\/logo\/image\/"}}]}},"_links":{"self":[{"href":"https:\/\/vitanet.al\/sq\/wp-json\/wp\/v2\/product\/8625","targetHints":{"allow":["GET"]}}],"collection":[{"href":"https:\/\/vitanet.al\/sq\/wp-json\/wp\/v2\/product"}],"about":[{"href":"https:\/\/vitanet.al\/sq\/wp-json\/wp\/v2\/types\/product"}],"version-history":[{"count":1,"href":"https:\/\/vitanet.al\/sq\/wp-json\/wp\/v2\/product\/8625\/revisions"}],"predecessor-version":[{"id":8632,"href":"https:\/\/vitanet.al\/sq\/wp-json\/wp\/v2\/product\/8625\/revisions\/8632"}],"wp:featuredmedia":[{"embeddable":true,"href":"https:\/\/vitanet.al\/sq\/wp-json\/wp\/v2\/media\/8926"}],"wp:attachment":[{"href":"https:\/\/vitanet.al\/sq\/wp-json\/wp\/v2\/media?parent=8625"}],"wp:term":[{"taxonomy":"product_brand","embeddable":true,"href":"https:\/\/vitanet.al\/sq\/wp-json\/wp\/v2\/product_brand?post=8625"},{"taxonomy":"product_cat","embeddable":true,"href":"https:\/\/vitanet.al\/sq\/wp-json\/wp\/v2\/product_cat?post=8625"},{"taxonomy":"product_tag","embeddable":true,"href":"https:\/\/vitanet.al\/sq\/wp-json\/wp\/v2\/product_tag?post=8625"}],"curies":[{"name":"wp","href":"https:\/\/api.w.org\/{rel}","templated":true}]}}