{"id":8642,"date":"2026-03-27T14:10:48","date_gmt":"2026-03-27T14:10:48","guid":{"rendered":"https:\/\/vitanet.al\/?post_type=product&#038;p=8642"},"modified":"2026-03-27T14:12:49","modified_gmt":"2026-03-27T14:12:49","slug":"skins-natural-delay-serum-foil-5ml","status":"publish","type":"product","link":"https:\/\/vitanet.al\/sq\/product\/skins-natural-delay-serum-foil-5ml\/","title":{"rendered":"SKINS Natural  Delay Serum Foil  5ml"},"content":{"rendered":"<p>Skins Delay\u00ae \u00ebsht\u00eb b\u00ebr\u00eb nga nj\u00eb formul\u00eb unike<br \/>\nPROBOOST\u00ae me p\u00ebrb\u00ebr\u00ebs natyral\u00eb duke p\u00ebrfshir\u00eb<br \/>\nL&#8217;Arginine, Panax Ginseng, Gingko Biloba, Maca<br \/>\nRoot, Saw Palmetto dhe Catuaba Bark.<br \/>\nAplikim diskret &#8211; mund t\u00eb aplikohet shum\u00eb p\u00ebrpara<br \/>\np\u00ebr diskrecion t\u00eb plot\u00eb<br \/>\npH Balanced &#8211; nj\u00eb zgjidhje hidratuese me baz\u00eb uji<br \/>\nme pH ideal p\u00ebr zonat intime<br \/>\nI p\u00ebrshtatsh\u00ebm p\u00ebr p\u00ebrdorim gjat\u00eb seksit oral<br \/>\nI mir\u00eb p\u00ebr l\u00ebkur\u00ebn tuaj &#8211; p\u00ebrfitimet e tij hidratuese t\u00eb<br \/>\nkujdesit p\u00ebr l\u00ebkur\u00ebn ndihmojn\u00eb n\u00eb rritjen e rehatis\u00eb<br \/>\ndhe k\u00ebnaq\u00ebsis\u00eb s\u00eb seksit<\/p>\n","protected":false},"excerpt":{"rendered":"<p>Skins Delay\u00ae \u00ebsht\u00eb b\u00ebr\u00eb nga nj\u00eb formul\u00eb unike PROBOOST\u00ae me p\u00ebrb\u00ebr\u00ebs natyral\u00eb duke p\u00ebrfshir\u00eb L&#8217;Arginine, Panax Ginseng, Gingko Biloba, Maca Root, Saw Palmetto dhe Catuaba Bark. Aplikim diskret &#8211; mund t\u00eb aplikohet shum\u00eb p\u00ebrpara p\u00ebr diskrecion t\u00eb plot\u00eb pH Balanced &#8211; nj\u00eb zgjidhje hidratuese me baz\u00eb uji me pH ideal p\u00ebr zonat intime I p\u00ebrshtatsh\u00ebm [&hellip;]<\/p>\n","protected":false},"featured_media":8643,"template":"","meta":[],"product_brand":[],"product_cat":[235,234,15],"product_tag":[189,237,236],"class_list":{"0":"post-8642","1":"product","2":"type-product","3":"status-publish","4":"has-post-thumbnail","6":"product_cat-serum","7":"product_cat-skins","8":"product_cat-uncategorized","9":"product_tag-personal-care","10":"product_tag-serum","11":"product_tag-skins","13":"first","14":"instock","15":"shipping-taxable","16":"purchasable","17":"product-type-simple"},"yoast_head":"<!-- This site is optimized with the Yoast SEO plugin v27.3 - https:\/\/yoast.com\/product\/yoast-seo-wordpress\/ -->\n<title>SKINS Natural Delay Serum Foil 5ml - VITANET ALBANIA<\/title>\n<meta name=\"robots\" content=\"index, follow, max-snippet:-1, max-image-preview:large, max-video-preview:-1\" \/>\n<link rel=\"canonical\" href=\"https:\/\/vitanet.al\/sq\/product\/skins-natural-delay-serum-foil-5ml\/\" \/>\n<meta property=\"og:locale\" content=\"sq_AL\" \/>\n<meta property=\"og:type\" content=\"article\" \/>\n<meta property=\"og:title\" content=\"SKINS Natural Delay Serum Foil 5ml - VITANET ALBANIA\" \/>\n<meta property=\"og:description\" content=\"Skins Delay\u00ae \u00ebsht\u00eb b\u00ebr\u00eb nga nj\u00eb formul\u00eb unike PROBOOST\u00ae me p\u00ebrb\u00ebr\u00ebs natyral\u00eb duke p\u00ebrfshir\u00eb L&#8217;Arginine, Panax Ginseng, Gingko Biloba, Maca Root, Saw Palmetto dhe Catuaba Bark. Aplikim diskret &#8211; mund t\u00eb aplikohet shum\u00eb p\u00ebrpara p\u00ebr diskrecion t\u00eb plot\u00eb pH Balanced &#8211; nj\u00eb zgjidhje hidratuese me baz\u00eb uji me pH ideal p\u00ebr zonat intime I p\u00ebrshtatsh\u00ebm [&hellip;]\" \/>\n<meta property=\"og:url\" content=\"https:\/\/vitanet.al\/sq\/product\/skins-natural-delay-serum-foil-5ml\/\" \/>\n<meta property=\"og:site_name\" content=\"VITANET ALBANIA\" \/>\n<meta property=\"article:modified_time\" content=\"2026-03-27T14:12:49+00:00\" \/>\n<meta property=\"og:image\" content=\"https:\/\/vitanet.al\/wp-content\/uploads\/2026\/03\/145968659761532ef96db54product.webp\" \/>\n\t<meta property=\"og:image:width\" content=\"300\" \/>\n\t<meta property=\"og:image:height\" content=\"300\" \/>\n\t<meta property=\"og:image:type\" content=\"image\/webp\" \/>\n<meta name=\"twitter:card\" content=\"summary_large_image\" \/>\n<meta name=\"twitter:label1\" content=\"Est. reading time\" \/>\n\t<meta name=\"twitter:data1\" content=\"1 minute\" \/>\n<script type=\"application\/ld+json\" class=\"yoast-schema-graph\">{\"@context\":\"https:\\\/\\\/schema.org\",\"@graph\":[{\"@type\":\"WebPage\",\"@id\":\"https:\\\/\\\/vitanet.al\\\/sq\\\/product\\\/skins-natural-delay-serum-foil-5ml\\\/\",\"url\":\"https:\\\/\\\/vitanet.al\\\/sq\\\/product\\\/skins-natural-delay-serum-foil-5ml\\\/\",\"name\":\"SKINS Natural Delay Serum Foil 5ml - VITANET ALBANIA\",\"isPartOf\":{\"@id\":\"https:\\\/\\\/vitanet.al\\\/sq\\\/#website\"},\"primaryImageOfPage\":{\"@id\":\"https:\\\/\\\/vitanet.al\\\/sq\\\/product\\\/skins-natural-delay-serum-foil-5ml\\\/#primaryimage\"},\"image\":{\"@id\":\"https:\\\/\\\/vitanet.al\\\/sq\\\/product\\\/skins-natural-delay-serum-foil-5ml\\\/#primaryimage\"},\"thumbnailUrl\":\"https:\\\/\\\/vitanet.al\\\/wp-content\\\/uploads\\\/2026\\\/03\\\/145968659761532ef96db54product.webp\",\"datePublished\":\"2026-03-27T14:10:48+00:00\",\"dateModified\":\"2026-03-27T14:12:49+00:00\",\"breadcrumb\":{\"@id\":\"https:\\\/\\\/vitanet.al\\\/sq\\\/product\\\/skins-natural-delay-serum-foil-5ml\\\/#breadcrumb\"},\"inLanguage\":\"sq-AL\",\"potentialAction\":[{\"@type\":\"ReadAction\",\"target\":[\"https:\\\/\\\/vitanet.al\\\/sq\\\/product\\\/skins-natural-delay-serum-foil-5ml\\\/\"]}]},{\"@type\":\"ImageObject\",\"inLanguage\":\"sq-AL\",\"@id\":\"https:\\\/\\\/vitanet.al\\\/sq\\\/product\\\/skins-natural-delay-serum-foil-5ml\\\/#primaryimage\",\"url\":\"https:\\\/\\\/vitanet.al\\\/wp-content\\\/uploads\\\/2026\\\/03\\\/145968659761532ef96db54product.webp\",\"contentUrl\":\"https:\\\/\\\/vitanet.al\\\/wp-content\\\/uploads\\\/2026\\\/03\\\/145968659761532ef96db54product.webp\",\"width\":300,\"height\":300},{\"@type\":\"BreadcrumbList\",\"@id\":\"https:\\\/\\\/vitanet.al\\\/sq\\\/product\\\/skins-natural-delay-serum-foil-5ml\\\/#breadcrumb\",\"itemListElement\":[{\"@type\":\"ListItem\",\"position\":1,\"name\":\"Home\",\"item\":\"https:\\\/\\\/vitanet.al\\\/sq\\\/\"},{\"@type\":\"ListItem\",\"position\":2,\"name\":\"Shop\",\"item\":\"https:\\\/\\\/vitanet.al\\\/sq\\\/shop\\\/\"},{\"@type\":\"ListItem\",\"position\":3,\"name\":\"SKINS Natural Delay Serum Foil 5ml\"}]},{\"@type\":\"WebSite\",\"@id\":\"https:\\\/\\\/vitanet.al\\\/sq\\\/#website\",\"url\":\"https:\\\/\\\/vitanet.al\\\/sq\\\/\",\"name\":\"VITANET ALBANIA\",\"description\":\"\",\"publisher\":{\"@id\":\"https:\\\/\\\/vitanet.al\\\/sq\\\/#organization\"},\"potentialAction\":[{\"@type\":\"SearchAction\",\"target\":{\"@type\":\"EntryPoint\",\"urlTemplate\":\"https:\\\/\\\/vitanet.al\\\/sq\\\/?s={search_term_string}\"},\"query-input\":{\"@type\":\"PropertyValueSpecification\",\"valueRequired\":true,\"valueName\":\"search_term_string\"}}],\"inLanguage\":\"sq-AL\"},{\"@type\":\"Organization\",\"@id\":\"https:\\\/\\\/vitanet.al\\\/sq\\\/#organization\",\"name\":\"VITANET ALBANIA\",\"url\":\"https:\\\/\\\/vitanet.al\\\/sq\\\/\",\"logo\":{\"@type\":\"ImageObject\",\"inLanguage\":\"sq-AL\",\"@id\":\"https:\\\/\\\/vitanet.al\\\/sq\\\/#\\\/schema\\\/logo\\\/image\\\/\",\"url\":\"https:\\\/\\\/vitanet.al\\\/wp-content\\\/uploads\\\/2022\\\/02\\\/Vitanet_Logo-scaled.webp\",\"contentUrl\":\"https:\\\/\\\/vitanet.al\\\/wp-content\\\/uploads\\\/2022\\\/02\\\/Vitanet_Logo-scaled.webp\",\"width\":2560,\"height\":714,\"caption\":\"VITANET ALBANIA\"},\"image\":{\"@id\":\"https:\\\/\\\/vitanet.al\\\/sq\\\/#\\\/schema\\\/logo\\\/image\\\/\"}}]}<\/script>\n<!-- \/ Yoast SEO plugin. -->","yoast_head_json":{"title":"SKINS Natural Delay Serum Foil 5ml - VITANET ALBANIA","robots":{"index":"index","follow":"follow","max-snippet":"max-snippet:-1","max-image-preview":"max-image-preview:large","max-video-preview":"max-video-preview:-1"},"canonical":"https:\/\/vitanet.al\/sq\/product\/skins-natural-delay-serum-foil-5ml\/","og_locale":"sq_AL","og_type":"article","og_title":"SKINS Natural Delay Serum Foil 5ml - VITANET ALBANIA","og_description":"Skins Delay\u00ae \u00ebsht\u00eb b\u00ebr\u00eb nga nj\u00eb formul\u00eb unike PROBOOST\u00ae me p\u00ebrb\u00ebr\u00ebs natyral\u00eb duke p\u00ebrfshir\u00eb L&#8217;Arginine, Panax Ginseng, Gingko Biloba, Maca Root, Saw Palmetto dhe Catuaba Bark. Aplikim diskret &#8211; mund t\u00eb aplikohet shum\u00eb p\u00ebrpara p\u00ebr diskrecion t\u00eb plot\u00eb pH Balanced &#8211; nj\u00eb zgjidhje hidratuese me baz\u00eb uji me pH ideal p\u00ebr zonat intime I p\u00ebrshtatsh\u00ebm [&hellip;]","og_url":"https:\/\/vitanet.al\/sq\/product\/skins-natural-delay-serum-foil-5ml\/","og_site_name":"VITANET ALBANIA","article_modified_time":"2026-03-27T14:12:49+00:00","og_image":[{"width":300,"height":300,"url":"https:\/\/vitanet.al\/wp-content\/uploads\/2026\/03\/145968659761532ef96db54product.webp","type":"image\/webp"}],"twitter_card":"summary_large_image","twitter_misc":{"Est. reading time":"1 minute"},"schema":{"@context":"https:\/\/schema.org","@graph":[{"@type":"WebPage","@id":"https:\/\/vitanet.al\/sq\/product\/skins-natural-delay-serum-foil-5ml\/","url":"https:\/\/vitanet.al\/sq\/product\/skins-natural-delay-serum-foil-5ml\/","name":"SKINS Natural Delay Serum Foil 5ml - VITANET ALBANIA","isPartOf":{"@id":"https:\/\/vitanet.al\/sq\/#website"},"primaryImageOfPage":{"@id":"https:\/\/vitanet.al\/sq\/product\/skins-natural-delay-serum-foil-5ml\/#primaryimage"},"image":{"@id":"https:\/\/vitanet.al\/sq\/product\/skins-natural-delay-serum-foil-5ml\/#primaryimage"},"thumbnailUrl":"https:\/\/vitanet.al\/wp-content\/uploads\/2026\/03\/145968659761532ef96db54product.webp","datePublished":"2026-03-27T14:10:48+00:00","dateModified":"2026-03-27T14:12:49+00:00","breadcrumb":{"@id":"https:\/\/vitanet.al\/sq\/product\/skins-natural-delay-serum-foil-5ml\/#breadcrumb"},"inLanguage":"sq-AL","potentialAction":[{"@type":"ReadAction","target":["https:\/\/vitanet.al\/sq\/product\/skins-natural-delay-serum-foil-5ml\/"]}]},{"@type":"ImageObject","inLanguage":"sq-AL","@id":"https:\/\/vitanet.al\/sq\/product\/skins-natural-delay-serum-foil-5ml\/#primaryimage","url":"https:\/\/vitanet.al\/wp-content\/uploads\/2026\/03\/145968659761532ef96db54product.webp","contentUrl":"https:\/\/vitanet.al\/wp-content\/uploads\/2026\/03\/145968659761532ef96db54product.webp","width":300,"height":300},{"@type":"BreadcrumbList","@id":"https:\/\/vitanet.al\/sq\/product\/skins-natural-delay-serum-foil-5ml\/#breadcrumb","itemListElement":[{"@type":"ListItem","position":1,"name":"Home","item":"https:\/\/vitanet.al\/sq\/"},{"@type":"ListItem","position":2,"name":"Shop","item":"https:\/\/vitanet.al\/sq\/shop\/"},{"@type":"ListItem","position":3,"name":"SKINS Natural Delay Serum Foil 5ml"}]},{"@type":"WebSite","@id":"https:\/\/vitanet.al\/sq\/#website","url":"https:\/\/vitanet.al\/sq\/","name":"VITANET ALBANIA","description":"","publisher":{"@id":"https:\/\/vitanet.al\/sq\/#organization"},"potentialAction":[{"@type":"SearchAction","target":{"@type":"EntryPoint","urlTemplate":"https:\/\/vitanet.al\/sq\/?s={search_term_string}"},"query-input":{"@type":"PropertyValueSpecification","valueRequired":true,"valueName":"search_term_string"}}],"inLanguage":"sq-AL"},{"@type":"Organization","@id":"https:\/\/vitanet.al\/sq\/#organization","name":"VITANET ALBANIA","url":"https:\/\/vitanet.al\/sq\/","logo":{"@type":"ImageObject","inLanguage":"sq-AL","@id":"https:\/\/vitanet.al\/sq\/#\/schema\/logo\/image\/","url":"https:\/\/vitanet.al\/wp-content\/uploads\/2022\/02\/Vitanet_Logo-scaled.webp","contentUrl":"https:\/\/vitanet.al\/wp-content\/uploads\/2022\/02\/Vitanet_Logo-scaled.webp","width":2560,"height":714,"caption":"VITANET ALBANIA"},"image":{"@id":"https:\/\/vitanet.al\/sq\/#\/schema\/logo\/image\/"}}]}},"_links":{"self":[{"href":"https:\/\/vitanet.al\/sq\/wp-json\/wp\/v2\/product\/8642","targetHints":{"allow":["GET"]}}],"collection":[{"href":"https:\/\/vitanet.al\/sq\/wp-json\/wp\/v2\/product"}],"about":[{"href":"https:\/\/vitanet.al\/sq\/wp-json\/wp\/v2\/types\/product"}],"version-history":[{"count":1,"href":"https:\/\/vitanet.al\/sq\/wp-json\/wp\/v2\/product\/8642\/revisions"}],"predecessor-version":[{"id":8645,"href":"https:\/\/vitanet.al\/sq\/wp-json\/wp\/v2\/product\/8642\/revisions\/8645"}],"wp:featuredmedia":[{"embeddable":true,"href":"https:\/\/vitanet.al\/sq\/wp-json\/wp\/v2\/media\/8643"}],"wp:attachment":[{"href":"https:\/\/vitanet.al\/sq\/wp-json\/wp\/v2\/media?parent=8642"}],"wp:term":[{"taxonomy":"product_brand","embeddable":true,"href":"https:\/\/vitanet.al\/sq\/wp-json\/wp\/v2\/product_brand?post=8642"},{"taxonomy":"product_cat","embeddable":true,"href":"https:\/\/vitanet.al\/sq\/wp-json\/wp\/v2\/product_cat?post=8642"},{"taxonomy":"product_tag","embeddable":true,"href":"https:\/\/vitanet.al\/sq\/wp-json\/wp\/v2\/product_tag?post=8642"}],"curies":[{"name":"wp","href":"https:\/\/api.w.org\/{rel}","templated":true}]}}