{"id":8651,"date":"2026-03-27T14:23:48","date_gmt":"2026-03-27T14:23:48","guid":{"rendered":"https:\/\/vitanet.al\/?post_type=product&#038;p=8651"},"modified":"2026-03-31T13:23:32","modified_gmt":"2026-03-31T13:23:32","slug":"skins-excite-tingling-water-based-lubricant130ml","status":"publish","type":"product","link":"https:\/\/vitanet.al\/sq\/product\/skins-excite-tingling-water-based-lubricant130ml\/","title":{"rendered":"Skins Excite Tingling Water  Based Lubricant(130ml)."},"content":{"rendered":"<p>SKINS lubrifikant me baz\u00eb uj\u00eb.Lubrifikon dhe<br \/>\nstimulon p\u00ebr shkak t\u00eb permbajtjes s\u00eb gingko biloba<br \/>\ndhe red clover. 100% shije natyrale. Shije dhe<br \/>\narom\u00eb e kendshme. Paketimi: flakon 130ml<\/p>\n","protected":false},"excerpt":{"rendered":"<p>SKINS lubrifikant me baz\u00eb uj\u00eb.Lubrifikon dhe stimulon p\u00ebr shkak t\u00eb permbajtjes s\u00eb gingko biloba dhe red clover. 100% shije natyrale. Shije dhe arom\u00eb e kendshme. Paketimi: flakon 130ml<\/p>\n","protected":false},"featured_media":9003,"template":"","meta":[],"product_brand":[],"product_cat":[240,246,234],"product_tag":[247,245,241,248,244,236],"class_list":{"0":"post-8651","1":"product","2":"type-product","3":"status-publish","4":"has-post-thumbnail","6":"product_cat-lube","7":"product_cat-sexual-health","8":"product_cat-skins","9":"product_tag-excite","10":"product_tag-health","11":"product_tag-lube","12":"product_tag-lubricant","13":"product_tag-sexual","14":"product_tag-skins","16":"first","17":"instock","18":"shipping-taxable","19":"purchasable","20":"product-type-simple"},"yoast_head":"<!-- This site is optimized with the Yoast SEO plugin v27.3 - https:\/\/yoast.com\/product\/yoast-seo-wordpress\/ -->\n<title>Skins Excite Tingling Water Based Lubricant(130ml). - VITANET ALBANIA<\/title>\n<meta name=\"robots\" content=\"index, follow, max-snippet:-1, max-image-preview:large, max-video-preview:-1\" \/>\n<link rel=\"canonical\" href=\"https:\/\/vitanet.al\/sq\/product\/skins-excite-tingling-water-based-lubricant130ml\/\" \/>\n<meta property=\"og:locale\" content=\"sq_AL\" \/>\n<meta property=\"og:type\" content=\"article\" \/>\n<meta property=\"og:title\" content=\"Skins Excite Tingling Water Based Lubricant(130ml). - VITANET ALBANIA\" \/>\n<meta property=\"og:description\" content=\"SKINS lubrifikant me baz\u00eb uj\u00eb.Lubrifikon dhe stimulon p\u00ebr shkak t\u00eb permbajtjes s\u00eb gingko biloba dhe red clover. 100% shije natyrale. Shije dhe arom\u00eb e kendshme. Paketimi: flakon 130ml\" \/>\n<meta property=\"og:url\" content=\"https:\/\/vitanet.al\/sq\/product\/skins-excite-tingling-water-based-lubricant130ml\/\" \/>\n<meta property=\"og:site_name\" content=\"VITANET ALBANIA\" \/>\n<meta property=\"article:modified_time\" content=\"2026-03-31T13:23:32+00:00\" \/>\n<meta property=\"og:image\" content=\"https:\/\/vitanet.al\/wp-content\/uploads\/2026\/03\/skins-lube-excite-781821-1.webp\" \/>\n\t<meta property=\"og:image:width\" content=\"1080\" \/>\n\t<meta property=\"og:image:height\" content=\"1080\" \/>\n\t<meta property=\"og:image:type\" content=\"image\/webp\" \/>\n<meta name=\"twitter:card\" content=\"summary_large_image\" \/>\n<meta name=\"twitter:label1\" content=\"Est. reading time\" \/>\n\t<meta name=\"twitter:data1\" content=\"1 minute\" \/>\n<script type=\"application\/ld+json\" class=\"yoast-schema-graph\">{\"@context\":\"https:\\\/\\\/schema.org\",\"@graph\":[{\"@type\":\"WebPage\",\"@id\":\"https:\\\/\\\/vitanet.al\\\/sq\\\/product\\\/skins-excite-tingling-water-based-lubricant130ml\\\/\",\"url\":\"https:\\\/\\\/vitanet.al\\\/sq\\\/product\\\/skins-excite-tingling-water-based-lubricant130ml\\\/\",\"name\":\"Skins Excite Tingling Water Based Lubricant(130ml). - VITANET ALBANIA\",\"isPartOf\":{\"@id\":\"https:\\\/\\\/vitanet.al\\\/sq\\\/#website\"},\"primaryImageOfPage\":{\"@id\":\"https:\\\/\\\/vitanet.al\\\/sq\\\/product\\\/skins-excite-tingling-water-based-lubricant130ml\\\/#primaryimage\"},\"image\":{\"@id\":\"https:\\\/\\\/vitanet.al\\\/sq\\\/product\\\/skins-excite-tingling-water-based-lubricant130ml\\\/#primaryimage\"},\"thumbnailUrl\":\"https:\\\/\\\/vitanet.al\\\/wp-content\\\/uploads\\\/2026\\\/03\\\/skins-lube-excite-781821-1.webp\",\"datePublished\":\"2026-03-27T14:23:48+00:00\",\"dateModified\":\"2026-03-31T13:23:32+00:00\",\"breadcrumb\":{\"@id\":\"https:\\\/\\\/vitanet.al\\\/sq\\\/product\\\/skins-excite-tingling-water-based-lubricant130ml\\\/#breadcrumb\"},\"inLanguage\":\"sq-AL\",\"potentialAction\":[{\"@type\":\"ReadAction\",\"target\":[\"https:\\\/\\\/vitanet.al\\\/sq\\\/product\\\/skins-excite-tingling-water-based-lubricant130ml\\\/\"]}]},{\"@type\":\"ImageObject\",\"inLanguage\":\"sq-AL\",\"@id\":\"https:\\\/\\\/vitanet.al\\\/sq\\\/product\\\/skins-excite-tingling-water-based-lubricant130ml\\\/#primaryimage\",\"url\":\"https:\\\/\\\/vitanet.al\\\/wp-content\\\/uploads\\\/2026\\\/03\\\/skins-lube-excite-781821-1.webp\",\"contentUrl\":\"https:\\\/\\\/vitanet.al\\\/wp-content\\\/uploads\\\/2026\\\/03\\\/skins-lube-excite-781821-1.webp\",\"width\":1080,\"height\":1080},{\"@type\":\"BreadcrumbList\",\"@id\":\"https:\\\/\\\/vitanet.al\\\/sq\\\/product\\\/skins-excite-tingling-water-based-lubricant130ml\\\/#breadcrumb\",\"itemListElement\":[{\"@type\":\"ListItem\",\"position\":1,\"name\":\"Home\",\"item\":\"https:\\\/\\\/vitanet.al\\\/sq\\\/\"},{\"@type\":\"ListItem\",\"position\":2,\"name\":\"Shop\",\"item\":\"https:\\\/\\\/vitanet.al\\\/sq\\\/shop\\\/\"},{\"@type\":\"ListItem\",\"position\":3,\"name\":\"Skins Excite Tingling Water Based Lubricant(130ml).\"}]},{\"@type\":\"WebSite\",\"@id\":\"https:\\\/\\\/vitanet.al\\\/sq\\\/#website\",\"url\":\"https:\\\/\\\/vitanet.al\\\/sq\\\/\",\"name\":\"VITANET ALBANIA\",\"description\":\"\",\"publisher\":{\"@id\":\"https:\\\/\\\/vitanet.al\\\/sq\\\/#organization\"},\"potentialAction\":[{\"@type\":\"SearchAction\",\"target\":{\"@type\":\"EntryPoint\",\"urlTemplate\":\"https:\\\/\\\/vitanet.al\\\/sq\\\/?s={search_term_string}\"},\"query-input\":{\"@type\":\"PropertyValueSpecification\",\"valueRequired\":true,\"valueName\":\"search_term_string\"}}],\"inLanguage\":\"sq-AL\"},{\"@type\":\"Organization\",\"@id\":\"https:\\\/\\\/vitanet.al\\\/sq\\\/#organization\",\"name\":\"VITANET ALBANIA\",\"url\":\"https:\\\/\\\/vitanet.al\\\/sq\\\/\",\"logo\":{\"@type\":\"ImageObject\",\"inLanguage\":\"sq-AL\",\"@id\":\"https:\\\/\\\/vitanet.al\\\/sq\\\/#\\\/schema\\\/logo\\\/image\\\/\",\"url\":\"https:\\\/\\\/vitanet.al\\\/wp-content\\\/uploads\\\/2022\\\/02\\\/Vitanet_Logo-scaled.webp\",\"contentUrl\":\"https:\\\/\\\/vitanet.al\\\/wp-content\\\/uploads\\\/2022\\\/02\\\/Vitanet_Logo-scaled.webp\",\"width\":2560,\"height\":714,\"caption\":\"VITANET ALBANIA\"},\"image\":{\"@id\":\"https:\\\/\\\/vitanet.al\\\/sq\\\/#\\\/schema\\\/logo\\\/image\\\/\"}}]}<\/script>\n<!-- \/ Yoast SEO plugin. -->","yoast_head_json":{"title":"Skins Excite Tingling Water Based Lubricant(130ml). - VITANET ALBANIA","robots":{"index":"index","follow":"follow","max-snippet":"max-snippet:-1","max-image-preview":"max-image-preview:large","max-video-preview":"max-video-preview:-1"},"canonical":"https:\/\/vitanet.al\/sq\/product\/skins-excite-tingling-water-based-lubricant130ml\/","og_locale":"sq_AL","og_type":"article","og_title":"Skins Excite Tingling Water Based Lubricant(130ml). - VITANET ALBANIA","og_description":"SKINS lubrifikant me baz\u00eb uj\u00eb.Lubrifikon dhe stimulon p\u00ebr shkak t\u00eb permbajtjes s\u00eb gingko biloba dhe red clover. 100% shije natyrale. Shije dhe arom\u00eb e kendshme. Paketimi: flakon 130ml","og_url":"https:\/\/vitanet.al\/sq\/product\/skins-excite-tingling-water-based-lubricant130ml\/","og_site_name":"VITANET ALBANIA","article_modified_time":"2026-03-31T13:23:32+00:00","og_image":[{"width":1080,"height":1080,"url":"https:\/\/vitanet.al\/wp-content\/uploads\/2026\/03\/skins-lube-excite-781821-1.webp","type":"image\/webp"}],"twitter_card":"summary_large_image","twitter_misc":{"Est. reading time":"1 minute"},"schema":{"@context":"https:\/\/schema.org","@graph":[{"@type":"WebPage","@id":"https:\/\/vitanet.al\/sq\/product\/skins-excite-tingling-water-based-lubricant130ml\/","url":"https:\/\/vitanet.al\/sq\/product\/skins-excite-tingling-water-based-lubricant130ml\/","name":"Skins Excite Tingling Water Based Lubricant(130ml). - VITANET ALBANIA","isPartOf":{"@id":"https:\/\/vitanet.al\/sq\/#website"},"primaryImageOfPage":{"@id":"https:\/\/vitanet.al\/sq\/product\/skins-excite-tingling-water-based-lubricant130ml\/#primaryimage"},"image":{"@id":"https:\/\/vitanet.al\/sq\/product\/skins-excite-tingling-water-based-lubricant130ml\/#primaryimage"},"thumbnailUrl":"https:\/\/vitanet.al\/wp-content\/uploads\/2026\/03\/skins-lube-excite-781821-1.webp","datePublished":"2026-03-27T14:23:48+00:00","dateModified":"2026-03-31T13:23:32+00:00","breadcrumb":{"@id":"https:\/\/vitanet.al\/sq\/product\/skins-excite-tingling-water-based-lubricant130ml\/#breadcrumb"},"inLanguage":"sq-AL","potentialAction":[{"@type":"ReadAction","target":["https:\/\/vitanet.al\/sq\/product\/skins-excite-tingling-water-based-lubricant130ml\/"]}]},{"@type":"ImageObject","inLanguage":"sq-AL","@id":"https:\/\/vitanet.al\/sq\/product\/skins-excite-tingling-water-based-lubricant130ml\/#primaryimage","url":"https:\/\/vitanet.al\/wp-content\/uploads\/2026\/03\/skins-lube-excite-781821-1.webp","contentUrl":"https:\/\/vitanet.al\/wp-content\/uploads\/2026\/03\/skins-lube-excite-781821-1.webp","width":1080,"height":1080},{"@type":"BreadcrumbList","@id":"https:\/\/vitanet.al\/sq\/product\/skins-excite-tingling-water-based-lubricant130ml\/#breadcrumb","itemListElement":[{"@type":"ListItem","position":1,"name":"Home","item":"https:\/\/vitanet.al\/sq\/"},{"@type":"ListItem","position":2,"name":"Shop","item":"https:\/\/vitanet.al\/sq\/shop\/"},{"@type":"ListItem","position":3,"name":"Skins Excite Tingling Water Based Lubricant(130ml)."}]},{"@type":"WebSite","@id":"https:\/\/vitanet.al\/sq\/#website","url":"https:\/\/vitanet.al\/sq\/","name":"VITANET ALBANIA","description":"","publisher":{"@id":"https:\/\/vitanet.al\/sq\/#organization"},"potentialAction":[{"@type":"SearchAction","target":{"@type":"EntryPoint","urlTemplate":"https:\/\/vitanet.al\/sq\/?s={search_term_string}"},"query-input":{"@type":"PropertyValueSpecification","valueRequired":true,"valueName":"search_term_string"}}],"inLanguage":"sq-AL"},{"@type":"Organization","@id":"https:\/\/vitanet.al\/sq\/#organization","name":"VITANET ALBANIA","url":"https:\/\/vitanet.al\/sq\/","logo":{"@type":"ImageObject","inLanguage":"sq-AL","@id":"https:\/\/vitanet.al\/sq\/#\/schema\/logo\/image\/","url":"https:\/\/vitanet.al\/wp-content\/uploads\/2022\/02\/Vitanet_Logo-scaled.webp","contentUrl":"https:\/\/vitanet.al\/wp-content\/uploads\/2022\/02\/Vitanet_Logo-scaled.webp","width":2560,"height":714,"caption":"VITANET ALBANIA"},"image":{"@id":"https:\/\/vitanet.al\/sq\/#\/schema\/logo\/image\/"}}]}},"_links":{"self":[{"href":"https:\/\/vitanet.al\/sq\/wp-json\/wp\/v2\/product\/8651","targetHints":{"allow":["GET"]}}],"collection":[{"href":"https:\/\/vitanet.al\/sq\/wp-json\/wp\/v2\/product"}],"about":[{"href":"https:\/\/vitanet.al\/sq\/wp-json\/wp\/v2\/types\/product"}],"version-history":[{"count":1,"href":"https:\/\/vitanet.al\/sq\/wp-json\/wp\/v2\/product\/8651\/revisions"}],"predecessor-version":[{"id":8654,"href":"https:\/\/vitanet.al\/sq\/wp-json\/wp\/v2\/product\/8651\/revisions\/8654"}],"wp:featuredmedia":[{"embeddable":true,"href":"https:\/\/vitanet.al\/sq\/wp-json\/wp\/v2\/media\/9003"}],"wp:attachment":[{"href":"https:\/\/vitanet.al\/sq\/wp-json\/wp\/v2\/media?parent=8651"}],"wp:term":[{"taxonomy":"product_brand","embeddable":true,"href":"https:\/\/vitanet.al\/sq\/wp-json\/wp\/v2\/product_brand?post=8651"},{"taxonomy":"product_cat","embeddable":true,"href":"https:\/\/vitanet.al\/sq\/wp-json\/wp\/v2\/product_cat?post=8651"},{"taxonomy":"product_tag","embeddable":true,"href":"https:\/\/vitanet.al\/sq\/wp-json\/wp\/v2\/product_tag?post=8651"}],"curies":[{"name":"wp","href":"https:\/\/api.w.org\/{rel}","templated":true}]}}