{"id":8724,"date":"2026-03-30T10:56:32","date_gmt":"2026-03-30T10:56:32","guid":{"rendered":"https:\/\/vitanet.al\/?post_type=product&#038;p=8724"},"modified":"2026-03-30T10:56:32","modified_gmt":"2026-03-30T10:56:32","slug":"skins-super-excite-clitoral-stimulation-gel","status":"publish","type":"product","link":"https:\/\/vitanet.al\/sq\/product\/skins-super-excite-clitoral-stimulation-gel\/","title":{"rendered":"Skins Super Excite Clitoral Stimulation Gel"},"content":{"rendered":"<p>Skins Super Excite \u00ebsht\u00eb krijuar me dashuri me nj\u00eb q\u00ebllim n\u00eb mendje &#8211; t\u00eb rris\u00eb intensitetin dhe k\u00ebnaq\u00ebsin\u00eb e takimeve intime.<br \/>\nKy xhel ultra i leht\u00eb dhe diskret kombinon nj\u00eb p\u00ebrzierje unike t\u00eb p\u00ebrb\u00ebr\u00ebsve afrodiziak dhe \u00ebsht\u00eb i leht\u00eb p\u00ebr t&#8217;u aplikuar dhe fillon t\u00eb funksionoj\u00eb shpejt; rritja e ndjeshm\u00ebris\u00eb, stimulimi i d\u00ebshir\u00ebs dhe eksitimi i theksuar gjat\u00eb loj\u00ebs solo dhe n\u00eb \u00e7ift.<br \/>\nFormuluar posa\u00e7\u00ebrisht p\u00ebr t\u00eb ndjer\u00eb efektet shpejt, Stimulon zgjimin, thekson ndjenj\u00ebn, P\u00ebrzierje unike e p\u00ebrb\u00ebr\u00ebsve afrodiziak\u00eb. Xhel ultra i leht\u00eb lubrifikues i lezetsh\u00ebm. Prodhuar n\u00eb SHBA n\u00eb nj\u00eb struktur\u00eb t\u00eb rregulluar nga FDA dhe t\u00eb certifikuar GMP<br \/>\nSi t\u00eb p\u00ebrdorni:<br \/>\nVendosni 1-2 pompa n\u00eb gishtin tuaj dhe masazhoni n\u00eb zon\u00ebn tuaj intime.<br \/>\nP\u00ebr rezultate m\u00eb t\u00eb mira, b\u00ebjeni k\u00ebt\u00eb 3-5 minuta para aktivitetit seksual p\u00ebr t&#8217;i dh\u00ebn\u00eb koh\u00eb p\u00ebrb\u00ebr\u00ebsve t\u00eb b\u00ebjn\u00eb magjin\u00eb e tyre.<\/p>\n","protected":false},"excerpt":{"rendered":"<p>Skins Super Excite \u00ebsht\u00eb krijuar me dashuri me nj\u00eb q\u00ebllim n\u00eb mendje &#8211; t\u00eb rris\u00eb intensitetin dhe k\u00ebnaq\u00ebsin\u00eb e takimeve intime. Ky xhel ultra i leht\u00eb dhe diskret kombinon nj\u00eb p\u00ebrzierje unike t\u00eb p\u00ebrb\u00ebr\u00ebsve afrodiziak dhe \u00ebsht\u00eb i leht\u00eb p\u00ebr t&#8217;u aplikuar dhe fillon t\u00eb funksionoj\u00eb shpejt; rritja e ndjeshm\u00ebris\u00eb, stimulimi i d\u00ebshir\u00ebs dhe eksitimi [&hellip;]<\/p>\n","protected":false},"featured_media":8725,"template":"","meta":[],"product_brand":[],"product_cat":[240,174,235,246,261,234],"product_tag":[247,273,248,236,274],"class_list":{"0":"post-8724","1":"product","2":"type-product","3":"status-publish","4":"has-post-thumbnail","6":"product_cat-lube","7":"product_cat-personal-care","8":"product_cat-serum","9":"product_cat-sexual-health","10":"product_cat-skins","12":"product_tag-excite","13":"product_tag-gel","14":"product_tag-lubricant","15":"product_tag-skins","16":"product_tag-woman","18":"first","19":"instock","20":"shipping-taxable","21":"purchasable","22":"product-type-simple"},"yoast_head":"<!-- This site is optimized with the Yoast SEO plugin v27.3 - https:\/\/yoast.com\/product\/yoast-seo-wordpress\/ -->\n<title>Skins Super Excite Clitoral Stimulation Gel - VITANET ALBANIA<\/title>\n<meta name=\"robots\" content=\"index, follow, max-snippet:-1, max-image-preview:large, max-video-preview:-1\" \/>\n<link rel=\"canonical\" href=\"https:\/\/vitanet.al\/sq\/product\/skins-super-excite-clitoral-stimulation-gel\/\" \/>\n<meta property=\"og:locale\" content=\"sq_AL\" \/>\n<meta property=\"og:type\" content=\"article\" \/>\n<meta property=\"og:title\" content=\"Skins Super Excite Clitoral Stimulation Gel - VITANET ALBANIA\" \/>\n<meta property=\"og:description\" content=\"Skins Super Excite \u00ebsht\u00eb krijuar me dashuri me nj\u00eb q\u00ebllim n\u00eb mendje &#8211; t\u00eb rris\u00eb intensitetin dhe k\u00ebnaq\u00ebsin\u00eb e takimeve intime. Ky xhel ultra i leht\u00eb dhe diskret kombinon nj\u00eb p\u00ebrzierje unike t\u00eb p\u00ebrb\u00ebr\u00ebsve afrodiziak dhe \u00ebsht\u00eb i leht\u00eb p\u00ebr t&#8217;u aplikuar dhe fillon t\u00eb funksionoj\u00eb shpejt; rritja e ndjeshm\u00ebris\u00eb, stimulimi i d\u00ebshir\u00ebs dhe eksitimi [&hellip;]\" \/>\n<meta property=\"og:url\" content=\"https:\/\/vitanet.al\/sq\/product\/skins-super-excite-clitoral-stimulation-gel\/\" \/>\n<meta property=\"og:site_name\" content=\"VITANET ALBANIA\" \/>\n<meta property=\"og:image\" content=\"https:\/\/vitanet.al\/wp-content\/uploads\/2026\/03\/skins-super-excite-intimate-pleasure-gel-for-women-30ml-853064.webp\" \/>\n\t<meta property=\"og:image:width\" content=\"1080\" \/>\n\t<meta property=\"og:image:height\" content=\"1080\" \/>\n\t<meta property=\"og:image:type\" content=\"image\/webp\" \/>\n<meta name=\"twitter:card\" content=\"summary_large_image\" \/>\n<meta name=\"twitter:label1\" content=\"Est. reading time\" \/>\n\t<meta name=\"twitter:data1\" content=\"1 minute\" \/>\n<script type=\"application\/ld+json\" class=\"yoast-schema-graph\">{\"@context\":\"https:\\\/\\\/schema.org\",\"@graph\":[{\"@type\":\"WebPage\",\"@id\":\"https:\\\/\\\/vitanet.al\\\/sq\\\/product\\\/skins-super-excite-clitoral-stimulation-gel\\\/\",\"url\":\"https:\\\/\\\/vitanet.al\\\/sq\\\/product\\\/skins-super-excite-clitoral-stimulation-gel\\\/\",\"name\":\"Skins Super Excite Clitoral Stimulation Gel - VITANET ALBANIA\",\"isPartOf\":{\"@id\":\"https:\\\/\\\/vitanet.al\\\/sq\\\/#website\"},\"primaryImageOfPage\":{\"@id\":\"https:\\\/\\\/vitanet.al\\\/sq\\\/product\\\/skins-super-excite-clitoral-stimulation-gel\\\/#primaryimage\"},\"image\":{\"@id\":\"https:\\\/\\\/vitanet.al\\\/sq\\\/product\\\/skins-super-excite-clitoral-stimulation-gel\\\/#primaryimage\"},\"thumbnailUrl\":\"https:\\\/\\\/vitanet.al\\\/wp-content\\\/uploads\\\/2026\\\/03\\\/skins-super-excite-intimate-pleasure-gel-for-women-30ml-853064.webp\",\"datePublished\":\"2026-03-30T10:56:32+00:00\",\"breadcrumb\":{\"@id\":\"https:\\\/\\\/vitanet.al\\\/sq\\\/product\\\/skins-super-excite-clitoral-stimulation-gel\\\/#breadcrumb\"},\"inLanguage\":\"sq-AL\",\"potentialAction\":[{\"@type\":\"ReadAction\",\"target\":[\"https:\\\/\\\/vitanet.al\\\/sq\\\/product\\\/skins-super-excite-clitoral-stimulation-gel\\\/\"]}]},{\"@type\":\"ImageObject\",\"inLanguage\":\"sq-AL\",\"@id\":\"https:\\\/\\\/vitanet.al\\\/sq\\\/product\\\/skins-super-excite-clitoral-stimulation-gel\\\/#primaryimage\",\"url\":\"https:\\\/\\\/vitanet.al\\\/wp-content\\\/uploads\\\/2026\\\/03\\\/skins-super-excite-intimate-pleasure-gel-for-women-30ml-853064.webp\",\"contentUrl\":\"https:\\\/\\\/vitanet.al\\\/wp-content\\\/uploads\\\/2026\\\/03\\\/skins-super-excite-intimate-pleasure-gel-for-women-30ml-853064.webp\",\"width\":1080,\"height\":1080},{\"@type\":\"BreadcrumbList\",\"@id\":\"https:\\\/\\\/vitanet.al\\\/sq\\\/product\\\/skins-super-excite-clitoral-stimulation-gel\\\/#breadcrumb\",\"itemListElement\":[{\"@type\":\"ListItem\",\"position\":1,\"name\":\"Home\",\"item\":\"https:\\\/\\\/vitanet.al\\\/sq\\\/\"},{\"@type\":\"ListItem\",\"position\":2,\"name\":\"Shop\",\"item\":\"https:\\\/\\\/vitanet.al\\\/sq\\\/shop\\\/\"},{\"@type\":\"ListItem\",\"position\":3,\"name\":\"Skins Super Excite Clitoral Stimulation Gel\"}]},{\"@type\":\"WebSite\",\"@id\":\"https:\\\/\\\/vitanet.al\\\/sq\\\/#website\",\"url\":\"https:\\\/\\\/vitanet.al\\\/sq\\\/\",\"name\":\"VITANET ALBANIA\",\"description\":\"\",\"publisher\":{\"@id\":\"https:\\\/\\\/vitanet.al\\\/sq\\\/#organization\"},\"potentialAction\":[{\"@type\":\"SearchAction\",\"target\":{\"@type\":\"EntryPoint\",\"urlTemplate\":\"https:\\\/\\\/vitanet.al\\\/sq\\\/?s={search_term_string}\"},\"query-input\":{\"@type\":\"PropertyValueSpecification\",\"valueRequired\":true,\"valueName\":\"search_term_string\"}}],\"inLanguage\":\"sq-AL\"},{\"@type\":\"Organization\",\"@id\":\"https:\\\/\\\/vitanet.al\\\/sq\\\/#organization\",\"name\":\"VITANET ALBANIA\",\"url\":\"https:\\\/\\\/vitanet.al\\\/sq\\\/\",\"logo\":{\"@type\":\"ImageObject\",\"inLanguage\":\"sq-AL\",\"@id\":\"https:\\\/\\\/vitanet.al\\\/sq\\\/#\\\/schema\\\/logo\\\/image\\\/\",\"url\":\"https:\\\/\\\/vitanet.al\\\/wp-content\\\/uploads\\\/2022\\\/02\\\/Vitanet_Logo-scaled.webp\",\"contentUrl\":\"https:\\\/\\\/vitanet.al\\\/wp-content\\\/uploads\\\/2022\\\/02\\\/Vitanet_Logo-scaled.webp\",\"width\":2560,\"height\":714,\"caption\":\"VITANET ALBANIA\"},\"image\":{\"@id\":\"https:\\\/\\\/vitanet.al\\\/sq\\\/#\\\/schema\\\/logo\\\/image\\\/\"}}]}<\/script>\n<!-- \/ Yoast SEO plugin. -->","yoast_head_json":{"title":"Skins Super Excite Clitoral Stimulation Gel - VITANET ALBANIA","robots":{"index":"index","follow":"follow","max-snippet":"max-snippet:-1","max-image-preview":"max-image-preview:large","max-video-preview":"max-video-preview:-1"},"canonical":"https:\/\/vitanet.al\/sq\/product\/skins-super-excite-clitoral-stimulation-gel\/","og_locale":"sq_AL","og_type":"article","og_title":"Skins Super Excite Clitoral Stimulation Gel - VITANET ALBANIA","og_description":"Skins Super Excite \u00ebsht\u00eb krijuar me dashuri me nj\u00eb q\u00ebllim n\u00eb mendje &#8211; t\u00eb rris\u00eb intensitetin dhe k\u00ebnaq\u00ebsin\u00eb e takimeve intime. Ky xhel ultra i leht\u00eb dhe diskret kombinon nj\u00eb p\u00ebrzierje unike t\u00eb p\u00ebrb\u00ebr\u00ebsve afrodiziak dhe \u00ebsht\u00eb i leht\u00eb p\u00ebr t&#8217;u aplikuar dhe fillon t\u00eb funksionoj\u00eb shpejt; rritja e ndjeshm\u00ebris\u00eb, stimulimi i d\u00ebshir\u00ebs dhe eksitimi [&hellip;]","og_url":"https:\/\/vitanet.al\/sq\/product\/skins-super-excite-clitoral-stimulation-gel\/","og_site_name":"VITANET ALBANIA","og_image":[{"width":1080,"height":1080,"url":"https:\/\/vitanet.al\/wp-content\/uploads\/2026\/03\/skins-super-excite-intimate-pleasure-gel-for-women-30ml-853064.webp","type":"image\/webp"}],"twitter_card":"summary_large_image","twitter_misc":{"Est. reading time":"1 minute"},"schema":{"@context":"https:\/\/schema.org","@graph":[{"@type":"WebPage","@id":"https:\/\/vitanet.al\/sq\/product\/skins-super-excite-clitoral-stimulation-gel\/","url":"https:\/\/vitanet.al\/sq\/product\/skins-super-excite-clitoral-stimulation-gel\/","name":"Skins Super Excite Clitoral Stimulation Gel - VITANET ALBANIA","isPartOf":{"@id":"https:\/\/vitanet.al\/sq\/#website"},"primaryImageOfPage":{"@id":"https:\/\/vitanet.al\/sq\/product\/skins-super-excite-clitoral-stimulation-gel\/#primaryimage"},"image":{"@id":"https:\/\/vitanet.al\/sq\/product\/skins-super-excite-clitoral-stimulation-gel\/#primaryimage"},"thumbnailUrl":"https:\/\/vitanet.al\/wp-content\/uploads\/2026\/03\/skins-super-excite-intimate-pleasure-gel-for-women-30ml-853064.webp","datePublished":"2026-03-30T10:56:32+00:00","breadcrumb":{"@id":"https:\/\/vitanet.al\/sq\/product\/skins-super-excite-clitoral-stimulation-gel\/#breadcrumb"},"inLanguage":"sq-AL","potentialAction":[{"@type":"ReadAction","target":["https:\/\/vitanet.al\/sq\/product\/skins-super-excite-clitoral-stimulation-gel\/"]}]},{"@type":"ImageObject","inLanguage":"sq-AL","@id":"https:\/\/vitanet.al\/sq\/product\/skins-super-excite-clitoral-stimulation-gel\/#primaryimage","url":"https:\/\/vitanet.al\/wp-content\/uploads\/2026\/03\/skins-super-excite-intimate-pleasure-gel-for-women-30ml-853064.webp","contentUrl":"https:\/\/vitanet.al\/wp-content\/uploads\/2026\/03\/skins-super-excite-intimate-pleasure-gel-for-women-30ml-853064.webp","width":1080,"height":1080},{"@type":"BreadcrumbList","@id":"https:\/\/vitanet.al\/sq\/product\/skins-super-excite-clitoral-stimulation-gel\/#breadcrumb","itemListElement":[{"@type":"ListItem","position":1,"name":"Home","item":"https:\/\/vitanet.al\/sq\/"},{"@type":"ListItem","position":2,"name":"Shop","item":"https:\/\/vitanet.al\/sq\/shop\/"},{"@type":"ListItem","position":3,"name":"Skins Super Excite Clitoral Stimulation Gel"}]},{"@type":"WebSite","@id":"https:\/\/vitanet.al\/sq\/#website","url":"https:\/\/vitanet.al\/sq\/","name":"VITANET ALBANIA","description":"","publisher":{"@id":"https:\/\/vitanet.al\/sq\/#organization"},"potentialAction":[{"@type":"SearchAction","target":{"@type":"EntryPoint","urlTemplate":"https:\/\/vitanet.al\/sq\/?s={search_term_string}"},"query-input":{"@type":"PropertyValueSpecification","valueRequired":true,"valueName":"search_term_string"}}],"inLanguage":"sq-AL"},{"@type":"Organization","@id":"https:\/\/vitanet.al\/sq\/#organization","name":"VITANET ALBANIA","url":"https:\/\/vitanet.al\/sq\/","logo":{"@type":"ImageObject","inLanguage":"sq-AL","@id":"https:\/\/vitanet.al\/sq\/#\/schema\/logo\/image\/","url":"https:\/\/vitanet.al\/wp-content\/uploads\/2022\/02\/Vitanet_Logo-scaled.webp","contentUrl":"https:\/\/vitanet.al\/wp-content\/uploads\/2022\/02\/Vitanet_Logo-scaled.webp","width":2560,"height":714,"caption":"VITANET ALBANIA"},"image":{"@id":"https:\/\/vitanet.al\/sq\/#\/schema\/logo\/image\/"}}]}},"_links":{"self":[{"href":"https:\/\/vitanet.al\/sq\/wp-json\/wp\/v2\/product\/8724","targetHints":{"allow":["GET"]}}],"collection":[{"href":"https:\/\/vitanet.al\/sq\/wp-json\/wp\/v2\/product"}],"about":[{"href":"https:\/\/vitanet.al\/sq\/wp-json\/wp\/v2\/types\/product"}],"version-history":[{"count":1,"href":"https:\/\/vitanet.al\/sq\/wp-json\/wp\/v2\/product\/8724\/revisions"}],"predecessor-version":[{"id":8733,"href":"https:\/\/vitanet.al\/sq\/wp-json\/wp\/v2\/product\/8724\/revisions\/8733"}],"wp:featuredmedia":[{"embeddable":true,"href":"https:\/\/vitanet.al\/sq\/wp-json\/wp\/v2\/media\/8725"}],"wp:attachment":[{"href":"https:\/\/vitanet.al\/sq\/wp-json\/wp\/v2\/media?parent=8724"}],"wp:term":[{"taxonomy":"product_brand","embeddable":true,"href":"https:\/\/vitanet.al\/sq\/wp-json\/wp\/v2\/product_brand?post=8724"},{"taxonomy":"product_cat","embeddable":true,"href":"https:\/\/vitanet.al\/sq\/wp-json\/wp\/v2\/product_cat?post=8724"},{"taxonomy":"product_tag","embeddable":true,"href":"https:\/\/vitanet.al\/sq\/wp-json\/wp\/v2\/product_tag?post=8724"}],"curies":[{"name":"wp","href":"https:\/\/api.w.org\/{rel}","templated":true}]}}