{"id":8790,"date":"2026-03-30T14:59:54","date_gmt":"2026-03-30T14:59:54","guid":{"rendered":"https:\/\/vitanet.al\/?post_type=product&#038;p=8790"},"modified":"2026-03-30T14:59:55","modified_gmt":"2026-03-30T14:59:55","slug":"skins-condoms-natural-8-pack","status":"publish","type":"product","link":"https:\/\/vitanet.al\/sq\/product\/skins-condoms-natural-8-pack\/","title":{"rendered":"Skins Condoms Natural 8 Pack"},"content":{"rendered":"<p>kondom\u00ebt natyral m\u00eb t\u00eb mire q\u00eb mund t\u00eb blini\u201d, skins jane kondomet revolucionar te cilet ndihen si nje lekure e dyt\u00eb. Per kete arsye quhen \u201cSKINS\u201d. Pa arom\u00eb lateksi. Me shije te lehte vanilje. Te lubrifikuar. Transparent. Ndjesi natyrale. Gjat\u00ebsi: 190mm, gjer\u00ebsi: 55mm Paketimi: 8 cope<\/p>\n","protected":false},"excerpt":{"rendered":"<p>kondom\u00ebt natyral m\u00eb t\u00eb mire q\u00eb mund t\u00eb blini\u201d, skins jane kondomet revolucionar te cilet ndihen si nje lekure e dyt\u00eb. Per kete arsye quhen \u201cSKINS\u201d. Pa arom\u00eb lateksi. Me shije te lehte vanilje. Te lubrifikuar. Transparent. Ndjesi natyrale. Gjat\u00ebsi: 190mm, gjer\u00ebsi: 55mm Paketimi: 8 cope<\/p>\n","protected":false},"featured_media":8791,"template":"","meta":[],"product_brand":[],"product_cat":[246,261,234],"product_tag":[280,276,42,249,236],"class_list":{"0":"post-8790","1":"product","2":"type-product","3":"status-publish","4":"has-post-thumbnail","6":"product_cat-sexual-health","7":"product_cat-skins","9":"product_tag-8-pack","10":"product_tag-condoms","11":"product_tag-natural","12":"product_tag-sexual-health","13":"product_tag-skins","15":"first","16":"instock","17":"shipping-taxable","18":"purchasable","19":"product-type-simple"},"yoast_head":"<!-- This site is optimized with the Yoast SEO plugin v27.3 - https:\/\/yoast.com\/product\/yoast-seo-wordpress\/ -->\n<title>Skins Condoms Natural 8 Pack - VITANET ALBANIA<\/title>\n<meta name=\"robots\" content=\"index, follow, max-snippet:-1, max-image-preview:large, max-video-preview:-1\" \/>\n<link rel=\"canonical\" href=\"https:\/\/vitanet.al\/sq\/product\/skins-condoms-natural-8-pack\/\" \/>\n<meta property=\"og:locale\" content=\"sq_AL\" \/>\n<meta property=\"og:type\" content=\"article\" \/>\n<meta property=\"og:title\" content=\"Skins Condoms Natural 8 Pack - VITANET ALBANIA\" \/>\n<meta property=\"og:description\" content=\"kondom\u00ebt natyral m\u00eb t\u00eb mire q\u00eb mund t\u00eb blini\u201d, skins jane kondomet revolucionar te cilet ndihen si nje lekure e dyt\u00eb. Per kete arsye quhen \u201cSKINS\u201d. Pa arom\u00eb lateksi. Me shije te lehte vanilje. Te lubrifikuar. Transparent. Ndjesi natyrale. Gjat\u00ebsi: 190mm, gjer\u00ebsi: 55mm Paketimi: 8 cope\" \/>\n<meta property=\"og:url\" content=\"https:\/\/vitanet.al\/sq\/product\/skins-condoms-natural-8-pack\/\" \/>\n<meta property=\"og:site_name\" content=\"VITANET ALBANIA\" \/>\n<meta property=\"article:modified_time\" content=\"2026-03-30T14:59:55+00:00\" \/>\n<meta property=\"og:image\" content=\"https:\/\/vitanet.al\/wp-content\/uploads\/2026\/03\/Skins-8-Pack-Mocks-2024-Natural.webp\" \/>\n\t<meta property=\"og:image:width\" content=\"1080\" \/>\n\t<meta property=\"og:image:height\" content=\"1080\" \/>\n\t<meta property=\"og:image:type\" content=\"image\/webp\" \/>\n<meta name=\"twitter:card\" content=\"summary_large_image\" \/>\n<meta name=\"twitter:label1\" content=\"Est. reading time\" \/>\n\t<meta name=\"twitter:data1\" content=\"1 minute\" \/>\n<script type=\"application\/ld+json\" class=\"yoast-schema-graph\">{\"@context\":\"https:\\\/\\\/schema.org\",\"@graph\":[{\"@type\":\"WebPage\",\"@id\":\"https:\\\/\\\/vitanet.al\\\/sq\\\/product\\\/skins-condoms-natural-8-pack\\\/\",\"url\":\"https:\\\/\\\/vitanet.al\\\/sq\\\/product\\\/skins-condoms-natural-8-pack\\\/\",\"name\":\"Skins Condoms Natural 8 Pack - VITANET ALBANIA\",\"isPartOf\":{\"@id\":\"https:\\\/\\\/vitanet.al\\\/sq\\\/#website\"},\"primaryImageOfPage\":{\"@id\":\"https:\\\/\\\/vitanet.al\\\/sq\\\/product\\\/skins-condoms-natural-8-pack\\\/#primaryimage\"},\"image\":{\"@id\":\"https:\\\/\\\/vitanet.al\\\/sq\\\/product\\\/skins-condoms-natural-8-pack\\\/#primaryimage\"},\"thumbnailUrl\":\"https:\\\/\\\/vitanet.al\\\/wp-content\\\/uploads\\\/2026\\\/03\\\/Skins-8-Pack-Mocks-2024-Natural.webp\",\"datePublished\":\"2026-03-30T14:59:54+00:00\",\"dateModified\":\"2026-03-30T14:59:55+00:00\",\"breadcrumb\":{\"@id\":\"https:\\\/\\\/vitanet.al\\\/sq\\\/product\\\/skins-condoms-natural-8-pack\\\/#breadcrumb\"},\"inLanguage\":\"sq-AL\",\"potentialAction\":[{\"@type\":\"ReadAction\",\"target\":[\"https:\\\/\\\/vitanet.al\\\/sq\\\/product\\\/skins-condoms-natural-8-pack\\\/\"]}]},{\"@type\":\"ImageObject\",\"inLanguage\":\"sq-AL\",\"@id\":\"https:\\\/\\\/vitanet.al\\\/sq\\\/product\\\/skins-condoms-natural-8-pack\\\/#primaryimage\",\"url\":\"https:\\\/\\\/vitanet.al\\\/wp-content\\\/uploads\\\/2026\\\/03\\\/Skins-8-Pack-Mocks-2024-Natural.webp\",\"contentUrl\":\"https:\\\/\\\/vitanet.al\\\/wp-content\\\/uploads\\\/2026\\\/03\\\/Skins-8-Pack-Mocks-2024-Natural.webp\",\"width\":1080,\"height\":1080},{\"@type\":\"BreadcrumbList\",\"@id\":\"https:\\\/\\\/vitanet.al\\\/sq\\\/product\\\/skins-condoms-natural-8-pack\\\/#breadcrumb\",\"itemListElement\":[{\"@type\":\"ListItem\",\"position\":1,\"name\":\"Home\",\"item\":\"https:\\\/\\\/vitanet.al\\\/sq\\\/\"},{\"@type\":\"ListItem\",\"position\":2,\"name\":\"Shop\",\"item\":\"https:\\\/\\\/vitanet.al\\\/sq\\\/shop\\\/\"},{\"@type\":\"ListItem\",\"position\":3,\"name\":\"Skins Condoms Natural 8 Pack\"}]},{\"@type\":\"WebSite\",\"@id\":\"https:\\\/\\\/vitanet.al\\\/sq\\\/#website\",\"url\":\"https:\\\/\\\/vitanet.al\\\/sq\\\/\",\"name\":\"VITANET ALBANIA\",\"description\":\"\",\"publisher\":{\"@id\":\"https:\\\/\\\/vitanet.al\\\/sq\\\/#organization\"},\"potentialAction\":[{\"@type\":\"SearchAction\",\"target\":{\"@type\":\"EntryPoint\",\"urlTemplate\":\"https:\\\/\\\/vitanet.al\\\/sq\\\/?s={search_term_string}\"},\"query-input\":{\"@type\":\"PropertyValueSpecification\",\"valueRequired\":true,\"valueName\":\"search_term_string\"}}],\"inLanguage\":\"sq-AL\"},{\"@type\":\"Organization\",\"@id\":\"https:\\\/\\\/vitanet.al\\\/sq\\\/#organization\",\"name\":\"VITANET ALBANIA\",\"url\":\"https:\\\/\\\/vitanet.al\\\/sq\\\/\",\"logo\":{\"@type\":\"ImageObject\",\"inLanguage\":\"sq-AL\",\"@id\":\"https:\\\/\\\/vitanet.al\\\/sq\\\/#\\\/schema\\\/logo\\\/image\\\/\",\"url\":\"https:\\\/\\\/vitanet.al\\\/wp-content\\\/uploads\\\/2022\\\/02\\\/Vitanet_Logo-scaled.webp\",\"contentUrl\":\"https:\\\/\\\/vitanet.al\\\/wp-content\\\/uploads\\\/2022\\\/02\\\/Vitanet_Logo-scaled.webp\",\"width\":2560,\"height\":714,\"caption\":\"VITANET ALBANIA\"},\"image\":{\"@id\":\"https:\\\/\\\/vitanet.al\\\/sq\\\/#\\\/schema\\\/logo\\\/image\\\/\"}}]}<\/script>\n<!-- \/ Yoast SEO plugin. -->","yoast_head_json":{"title":"Skins Condoms Natural 8 Pack - VITANET ALBANIA","robots":{"index":"index","follow":"follow","max-snippet":"max-snippet:-1","max-image-preview":"max-image-preview:large","max-video-preview":"max-video-preview:-1"},"canonical":"https:\/\/vitanet.al\/sq\/product\/skins-condoms-natural-8-pack\/","og_locale":"sq_AL","og_type":"article","og_title":"Skins Condoms Natural 8 Pack - VITANET ALBANIA","og_description":"kondom\u00ebt natyral m\u00eb t\u00eb mire q\u00eb mund t\u00eb blini\u201d, skins jane kondomet revolucionar te cilet ndihen si nje lekure e dyt\u00eb. Per kete arsye quhen \u201cSKINS\u201d. Pa arom\u00eb lateksi. Me shije te lehte vanilje. Te lubrifikuar. Transparent. Ndjesi natyrale. Gjat\u00ebsi: 190mm, gjer\u00ebsi: 55mm Paketimi: 8 cope","og_url":"https:\/\/vitanet.al\/sq\/product\/skins-condoms-natural-8-pack\/","og_site_name":"VITANET ALBANIA","article_modified_time":"2026-03-30T14:59:55+00:00","og_image":[{"width":1080,"height":1080,"url":"https:\/\/vitanet.al\/wp-content\/uploads\/2026\/03\/Skins-8-Pack-Mocks-2024-Natural.webp","type":"image\/webp"}],"twitter_card":"summary_large_image","twitter_misc":{"Est. reading time":"1 minute"},"schema":{"@context":"https:\/\/schema.org","@graph":[{"@type":"WebPage","@id":"https:\/\/vitanet.al\/sq\/product\/skins-condoms-natural-8-pack\/","url":"https:\/\/vitanet.al\/sq\/product\/skins-condoms-natural-8-pack\/","name":"Skins Condoms Natural 8 Pack - VITANET ALBANIA","isPartOf":{"@id":"https:\/\/vitanet.al\/sq\/#website"},"primaryImageOfPage":{"@id":"https:\/\/vitanet.al\/sq\/product\/skins-condoms-natural-8-pack\/#primaryimage"},"image":{"@id":"https:\/\/vitanet.al\/sq\/product\/skins-condoms-natural-8-pack\/#primaryimage"},"thumbnailUrl":"https:\/\/vitanet.al\/wp-content\/uploads\/2026\/03\/Skins-8-Pack-Mocks-2024-Natural.webp","datePublished":"2026-03-30T14:59:54+00:00","dateModified":"2026-03-30T14:59:55+00:00","breadcrumb":{"@id":"https:\/\/vitanet.al\/sq\/product\/skins-condoms-natural-8-pack\/#breadcrumb"},"inLanguage":"sq-AL","potentialAction":[{"@type":"ReadAction","target":["https:\/\/vitanet.al\/sq\/product\/skins-condoms-natural-8-pack\/"]}]},{"@type":"ImageObject","inLanguage":"sq-AL","@id":"https:\/\/vitanet.al\/sq\/product\/skins-condoms-natural-8-pack\/#primaryimage","url":"https:\/\/vitanet.al\/wp-content\/uploads\/2026\/03\/Skins-8-Pack-Mocks-2024-Natural.webp","contentUrl":"https:\/\/vitanet.al\/wp-content\/uploads\/2026\/03\/Skins-8-Pack-Mocks-2024-Natural.webp","width":1080,"height":1080},{"@type":"BreadcrumbList","@id":"https:\/\/vitanet.al\/sq\/product\/skins-condoms-natural-8-pack\/#breadcrumb","itemListElement":[{"@type":"ListItem","position":1,"name":"Home","item":"https:\/\/vitanet.al\/sq\/"},{"@type":"ListItem","position":2,"name":"Shop","item":"https:\/\/vitanet.al\/sq\/shop\/"},{"@type":"ListItem","position":3,"name":"Skins Condoms Natural 8 Pack"}]},{"@type":"WebSite","@id":"https:\/\/vitanet.al\/sq\/#website","url":"https:\/\/vitanet.al\/sq\/","name":"VITANET ALBANIA","description":"","publisher":{"@id":"https:\/\/vitanet.al\/sq\/#organization"},"potentialAction":[{"@type":"SearchAction","target":{"@type":"EntryPoint","urlTemplate":"https:\/\/vitanet.al\/sq\/?s={search_term_string}"},"query-input":{"@type":"PropertyValueSpecification","valueRequired":true,"valueName":"search_term_string"}}],"inLanguage":"sq-AL"},{"@type":"Organization","@id":"https:\/\/vitanet.al\/sq\/#organization","name":"VITANET ALBANIA","url":"https:\/\/vitanet.al\/sq\/","logo":{"@type":"ImageObject","inLanguage":"sq-AL","@id":"https:\/\/vitanet.al\/sq\/#\/schema\/logo\/image\/","url":"https:\/\/vitanet.al\/wp-content\/uploads\/2022\/02\/Vitanet_Logo-scaled.webp","contentUrl":"https:\/\/vitanet.al\/wp-content\/uploads\/2022\/02\/Vitanet_Logo-scaled.webp","width":2560,"height":714,"caption":"VITANET ALBANIA"},"image":{"@id":"https:\/\/vitanet.al\/sq\/#\/schema\/logo\/image\/"}}]}},"_links":{"self":[{"href":"https:\/\/vitanet.al\/sq\/wp-json\/wp\/v2\/product\/8790","targetHints":{"allow":["GET"]}}],"collection":[{"href":"https:\/\/vitanet.al\/sq\/wp-json\/wp\/v2\/product"}],"about":[{"href":"https:\/\/vitanet.al\/sq\/wp-json\/wp\/v2\/types\/product"}],"version-history":[{"count":1,"href":"https:\/\/vitanet.al\/sq\/wp-json\/wp\/v2\/product\/8790\/revisions"}],"predecessor-version":[{"id":8793,"href":"https:\/\/vitanet.al\/sq\/wp-json\/wp\/v2\/product\/8790\/revisions\/8793"}],"wp:featuredmedia":[{"embeddable":true,"href":"https:\/\/vitanet.al\/sq\/wp-json\/wp\/v2\/media\/8791"}],"wp:attachment":[{"href":"https:\/\/vitanet.al\/sq\/wp-json\/wp\/v2\/media?parent=8790"}],"wp:term":[{"taxonomy":"product_brand","embeddable":true,"href":"https:\/\/vitanet.al\/sq\/wp-json\/wp\/v2\/product_brand?post=8790"},{"taxonomy":"product_cat","embeddable":true,"href":"https:\/\/vitanet.al\/sq\/wp-json\/wp\/v2\/product_cat?post=8790"},{"taxonomy":"product_tag","embeddable":true,"href":"https:\/\/vitanet.al\/sq\/wp-json\/wp\/v2\/product_tag?post=8790"}],"curies":[{"name":"wp","href":"https:\/\/api.w.org\/{rel}","templated":true}]}}