{"id":8805,"date":"2026-03-30T15:09:10","date_gmt":"2026-03-30T15:09:10","guid":{"rendered":"https:\/\/vitanet.al\/?post_type=product&#038;p=8805"},"modified":"2026-03-30T15:09:12","modified_gmt":"2026-03-30T15:09:12","slug":"skins-condoms-dots-ribs-4-pack","status":"publish","type":"product","link":"https:\/\/vitanet.al\/sq\/product\/skins-condoms-dots-ribs-4-pack\/","title":{"rendered":"Skins Condoms Dots &#038; Ribs 4 Pack"},"content":{"rendered":"<p>SKINS kondom me vij\u00ebzime dhe kokrriza p\u00ebr nj\u00eb ndjeshm\u00ebri m\u00eb t\u00eb lart\u00eb. Pa arom\u00eb lateksi.T\u00eb lubrifikuar. Ngjyr\u00eb transparente. Ndjesi natyrale. Permbajn\u00eb lateks natyral t\u00eb cil\u00ebsis\u00eb premium. Gjat\u00ebsi 180mm, gjer\u00ebsi 54mm. Paketimi 4 cope<\/p>\n","protected":false},"excerpt":{"rendered":"<p>SKINS kondom me vij\u00ebzime dhe kokrriza p\u00ebr nj\u00eb ndjeshm\u00ebri m\u00eb t\u00eb lart\u00eb. Pa arom\u00eb lateksi.T\u00eb lubrifikuar. Ngjyr\u00eb transparente. Ndjesi natyrale. Permbajn\u00eb lateks natyral t\u00eb cil\u00ebsis\u00eb premium. Gjat\u00ebsi 180mm, gjer\u00ebsi 54mm. Paketimi 4 cope<\/p>\n","protected":false},"featured_media":8806,"template":"","meta":[],"product_brand":[],"product_cat":[275,246,234,261],"product_tag":[276,283,236],"class_list":{"0":"post-8805","1":"product","2":"type-product","3":"status-publish","4":"has-post-thumbnail","6":"product_cat-condoms","7":"product_cat-sexual-health","8":"product_cat-skins","10":"product_tag-condoms","11":"product_tag-dots-and-ribs","12":"product_tag-skins","14":"first","15":"instock","16":"shipping-taxable","17":"purchasable","18":"product-type-simple"},"yoast_head":"<!-- This site is optimized with the Yoast SEO plugin v27.3 - https:\/\/yoast.com\/product\/yoast-seo-wordpress\/ -->\n<title>Skins Condoms Dots &amp; Ribs 4 Pack - VITANET ALBANIA<\/title>\n<meta name=\"robots\" content=\"index, follow, max-snippet:-1, max-image-preview:large, max-video-preview:-1\" \/>\n<link rel=\"canonical\" href=\"https:\/\/vitanet.al\/sq\/product\/skins-condoms-dots-ribs-4-pack\/\" \/>\n<meta property=\"og:locale\" content=\"sq_AL\" \/>\n<meta property=\"og:type\" content=\"article\" \/>\n<meta property=\"og:title\" content=\"Skins Condoms Dots &amp; Ribs 4 Pack - VITANET ALBANIA\" \/>\n<meta property=\"og:description\" content=\"SKINS kondom me vij\u00ebzime dhe kokrriza p\u00ebr nj\u00eb ndjeshm\u00ebri m\u00eb t\u00eb lart\u00eb. Pa arom\u00eb lateksi.T\u00eb lubrifikuar. Ngjyr\u00eb transparente. Ndjesi natyrale. Permbajn\u00eb lateks natyral t\u00eb cil\u00ebsis\u00eb premium. Gjat\u00ebsi 180mm, gjer\u00ebsi 54mm. Paketimi 4 cope\" \/>\n<meta property=\"og:url\" content=\"https:\/\/vitanet.al\/sq\/product\/skins-condoms-dots-ribs-4-pack\/\" \/>\n<meta property=\"og:site_name\" content=\"VITANET ALBANIA\" \/>\n<meta property=\"article:modified_time\" content=\"2026-03-30T15:09:12+00:00\" \/>\n<meta property=\"og:image\" content=\"https:\/\/vitanet.al\/wp-content\/uploads\/2026\/03\/Skins-4-Pack-Mocks-2024-Dots-ribs.webp\" \/>\n\t<meta property=\"og:image:width\" content=\"1080\" \/>\n\t<meta property=\"og:image:height\" content=\"1080\" \/>\n\t<meta property=\"og:image:type\" content=\"image\/webp\" \/>\n<meta name=\"twitter:card\" content=\"summary_large_image\" \/>\n<meta name=\"twitter:label1\" content=\"Est. reading time\" \/>\n\t<meta name=\"twitter:data1\" content=\"1 minute\" \/>\n<script type=\"application\/ld+json\" class=\"yoast-schema-graph\">{\"@context\":\"https:\\\/\\\/schema.org\",\"@graph\":[{\"@type\":\"WebPage\",\"@id\":\"https:\\\/\\\/vitanet.al\\\/sq\\\/product\\\/skins-condoms-dots-ribs-4-pack\\\/\",\"url\":\"https:\\\/\\\/vitanet.al\\\/sq\\\/product\\\/skins-condoms-dots-ribs-4-pack\\\/\",\"name\":\"Skins Condoms Dots & Ribs 4 Pack - VITANET ALBANIA\",\"isPartOf\":{\"@id\":\"https:\\\/\\\/vitanet.al\\\/sq\\\/#website\"},\"primaryImageOfPage\":{\"@id\":\"https:\\\/\\\/vitanet.al\\\/sq\\\/product\\\/skins-condoms-dots-ribs-4-pack\\\/#primaryimage\"},\"image\":{\"@id\":\"https:\\\/\\\/vitanet.al\\\/sq\\\/product\\\/skins-condoms-dots-ribs-4-pack\\\/#primaryimage\"},\"thumbnailUrl\":\"https:\\\/\\\/vitanet.al\\\/wp-content\\\/uploads\\\/2026\\\/03\\\/Skins-4-Pack-Mocks-2024-Dots-ribs.webp\",\"datePublished\":\"2026-03-30T15:09:10+00:00\",\"dateModified\":\"2026-03-30T15:09:12+00:00\",\"breadcrumb\":{\"@id\":\"https:\\\/\\\/vitanet.al\\\/sq\\\/product\\\/skins-condoms-dots-ribs-4-pack\\\/#breadcrumb\"},\"inLanguage\":\"sq-AL\",\"potentialAction\":[{\"@type\":\"ReadAction\",\"target\":[\"https:\\\/\\\/vitanet.al\\\/sq\\\/product\\\/skins-condoms-dots-ribs-4-pack\\\/\"]}]},{\"@type\":\"ImageObject\",\"inLanguage\":\"sq-AL\",\"@id\":\"https:\\\/\\\/vitanet.al\\\/sq\\\/product\\\/skins-condoms-dots-ribs-4-pack\\\/#primaryimage\",\"url\":\"https:\\\/\\\/vitanet.al\\\/wp-content\\\/uploads\\\/2026\\\/03\\\/Skins-4-Pack-Mocks-2024-Dots-ribs.webp\",\"contentUrl\":\"https:\\\/\\\/vitanet.al\\\/wp-content\\\/uploads\\\/2026\\\/03\\\/Skins-4-Pack-Mocks-2024-Dots-ribs.webp\",\"width\":1080,\"height\":1080},{\"@type\":\"BreadcrumbList\",\"@id\":\"https:\\\/\\\/vitanet.al\\\/sq\\\/product\\\/skins-condoms-dots-ribs-4-pack\\\/#breadcrumb\",\"itemListElement\":[{\"@type\":\"ListItem\",\"position\":1,\"name\":\"Home\",\"item\":\"https:\\\/\\\/vitanet.al\\\/sq\\\/\"},{\"@type\":\"ListItem\",\"position\":2,\"name\":\"Shop\",\"item\":\"https:\\\/\\\/vitanet.al\\\/sq\\\/shop\\\/\"},{\"@type\":\"ListItem\",\"position\":3,\"name\":\"Skins Condoms Dots &#038; Ribs 4 Pack\"}]},{\"@type\":\"WebSite\",\"@id\":\"https:\\\/\\\/vitanet.al\\\/sq\\\/#website\",\"url\":\"https:\\\/\\\/vitanet.al\\\/sq\\\/\",\"name\":\"VITANET ALBANIA\",\"description\":\"\",\"publisher\":{\"@id\":\"https:\\\/\\\/vitanet.al\\\/sq\\\/#organization\"},\"potentialAction\":[{\"@type\":\"SearchAction\",\"target\":{\"@type\":\"EntryPoint\",\"urlTemplate\":\"https:\\\/\\\/vitanet.al\\\/sq\\\/?s={search_term_string}\"},\"query-input\":{\"@type\":\"PropertyValueSpecification\",\"valueRequired\":true,\"valueName\":\"search_term_string\"}}],\"inLanguage\":\"sq-AL\"},{\"@type\":\"Organization\",\"@id\":\"https:\\\/\\\/vitanet.al\\\/sq\\\/#organization\",\"name\":\"VITANET ALBANIA\",\"url\":\"https:\\\/\\\/vitanet.al\\\/sq\\\/\",\"logo\":{\"@type\":\"ImageObject\",\"inLanguage\":\"sq-AL\",\"@id\":\"https:\\\/\\\/vitanet.al\\\/sq\\\/#\\\/schema\\\/logo\\\/image\\\/\",\"url\":\"https:\\\/\\\/vitanet.al\\\/wp-content\\\/uploads\\\/2022\\\/02\\\/Vitanet_Logo-scaled.webp\",\"contentUrl\":\"https:\\\/\\\/vitanet.al\\\/wp-content\\\/uploads\\\/2022\\\/02\\\/Vitanet_Logo-scaled.webp\",\"width\":2560,\"height\":714,\"caption\":\"VITANET ALBANIA\"},\"image\":{\"@id\":\"https:\\\/\\\/vitanet.al\\\/sq\\\/#\\\/schema\\\/logo\\\/image\\\/\"}}]}<\/script>\n<!-- \/ Yoast SEO plugin. -->","yoast_head_json":{"title":"Skins Condoms Dots & Ribs 4 Pack - VITANET ALBANIA","robots":{"index":"index","follow":"follow","max-snippet":"max-snippet:-1","max-image-preview":"max-image-preview:large","max-video-preview":"max-video-preview:-1"},"canonical":"https:\/\/vitanet.al\/sq\/product\/skins-condoms-dots-ribs-4-pack\/","og_locale":"sq_AL","og_type":"article","og_title":"Skins Condoms Dots & Ribs 4 Pack - VITANET ALBANIA","og_description":"SKINS kondom me vij\u00ebzime dhe kokrriza p\u00ebr nj\u00eb ndjeshm\u00ebri m\u00eb t\u00eb lart\u00eb. Pa arom\u00eb lateksi.T\u00eb lubrifikuar. Ngjyr\u00eb transparente. Ndjesi natyrale. Permbajn\u00eb lateks natyral t\u00eb cil\u00ebsis\u00eb premium. Gjat\u00ebsi 180mm, gjer\u00ebsi 54mm. Paketimi 4 cope","og_url":"https:\/\/vitanet.al\/sq\/product\/skins-condoms-dots-ribs-4-pack\/","og_site_name":"VITANET ALBANIA","article_modified_time":"2026-03-30T15:09:12+00:00","og_image":[{"width":1080,"height":1080,"url":"https:\/\/vitanet.al\/wp-content\/uploads\/2026\/03\/Skins-4-Pack-Mocks-2024-Dots-ribs.webp","type":"image\/webp"}],"twitter_card":"summary_large_image","twitter_misc":{"Est. reading time":"1 minute"},"schema":{"@context":"https:\/\/schema.org","@graph":[{"@type":"WebPage","@id":"https:\/\/vitanet.al\/sq\/product\/skins-condoms-dots-ribs-4-pack\/","url":"https:\/\/vitanet.al\/sq\/product\/skins-condoms-dots-ribs-4-pack\/","name":"Skins Condoms Dots & Ribs 4 Pack - VITANET ALBANIA","isPartOf":{"@id":"https:\/\/vitanet.al\/sq\/#website"},"primaryImageOfPage":{"@id":"https:\/\/vitanet.al\/sq\/product\/skins-condoms-dots-ribs-4-pack\/#primaryimage"},"image":{"@id":"https:\/\/vitanet.al\/sq\/product\/skins-condoms-dots-ribs-4-pack\/#primaryimage"},"thumbnailUrl":"https:\/\/vitanet.al\/wp-content\/uploads\/2026\/03\/Skins-4-Pack-Mocks-2024-Dots-ribs.webp","datePublished":"2026-03-30T15:09:10+00:00","dateModified":"2026-03-30T15:09:12+00:00","breadcrumb":{"@id":"https:\/\/vitanet.al\/sq\/product\/skins-condoms-dots-ribs-4-pack\/#breadcrumb"},"inLanguage":"sq-AL","potentialAction":[{"@type":"ReadAction","target":["https:\/\/vitanet.al\/sq\/product\/skins-condoms-dots-ribs-4-pack\/"]}]},{"@type":"ImageObject","inLanguage":"sq-AL","@id":"https:\/\/vitanet.al\/sq\/product\/skins-condoms-dots-ribs-4-pack\/#primaryimage","url":"https:\/\/vitanet.al\/wp-content\/uploads\/2026\/03\/Skins-4-Pack-Mocks-2024-Dots-ribs.webp","contentUrl":"https:\/\/vitanet.al\/wp-content\/uploads\/2026\/03\/Skins-4-Pack-Mocks-2024-Dots-ribs.webp","width":1080,"height":1080},{"@type":"BreadcrumbList","@id":"https:\/\/vitanet.al\/sq\/product\/skins-condoms-dots-ribs-4-pack\/#breadcrumb","itemListElement":[{"@type":"ListItem","position":1,"name":"Home","item":"https:\/\/vitanet.al\/sq\/"},{"@type":"ListItem","position":2,"name":"Shop","item":"https:\/\/vitanet.al\/sq\/shop\/"},{"@type":"ListItem","position":3,"name":"Skins Condoms Dots &#038; Ribs 4 Pack"}]},{"@type":"WebSite","@id":"https:\/\/vitanet.al\/sq\/#website","url":"https:\/\/vitanet.al\/sq\/","name":"VITANET ALBANIA","description":"","publisher":{"@id":"https:\/\/vitanet.al\/sq\/#organization"},"potentialAction":[{"@type":"SearchAction","target":{"@type":"EntryPoint","urlTemplate":"https:\/\/vitanet.al\/sq\/?s={search_term_string}"},"query-input":{"@type":"PropertyValueSpecification","valueRequired":true,"valueName":"search_term_string"}}],"inLanguage":"sq-AL"},{"@type":"Organization","@id":"https:\/\/vitanet.al\/sq\/#organization","name":"VITANET ALBANIA","url":"https:\/\/vitanet.al\/sq\/","logo":{"@type":"ImageObject","inLanguage":"sq-AL","@id":"https:\/\/vitanet.al\/sq\/#\/schema\/logo\/image\/","url":"https:\/\/vitanet.al\/wp-content\/uploads\/2022\/02\/Vitanet_Logo-scaled.webp","contentUrl":"https:\/\/vitanet.al\/wp-content\/uploads\/2022\/02\/Vitanet_Logo-scaled.webp","width":2560,"height":714,"caption":"VITANET ALBANIA"},"image":{"@id":"https:\/\/vitanet.al\/sq\/#\/schema\/logo\/image\/"}}]}},"_links":{"self":[{"href":"https:\/\/vitanet.al\/sq\/wp-json\/wp\/v2\/product\/8805","targetHints":{"allow":["GET"]}}],"collection":[{"href":"https:\/\/vitanet.al\/sq\/wp-json\/wp\/v2\/product"}],"about":[{"href":"https:\/\/vitanet.al\/sq\/wp-json\/wp\/v2\/types\/product"}],"version-history":[{"count":1,"href":"https:\/\/vitanet.al\/sq\/wp-json\/wp\/v2\/product\/8805\/revisions"}],"predecessor-version":[{"id":8808,"href":"https:\/\/vitanet.al\/sq\/wp-json\/wp\/v2\/product\/8805\/revisions\/8808"}],"wp:featuredmedia":[{"embeddable":true,"href":"https:\/\/vitanet.al\/sq\/wp-json\/wp\/v2\/media\/8806"}],"wp:attachment":[{"href":"https:\/\/vitanet.al\/sq\/wp-json\/wp\/v2\/media?parent=8805"}],"wp:term":[{"taxonomy":"product_brand","embeddable":true,"href":"https:\/\/vitanet.al\/sq\/wp-json\/wp\/v2\/product_brand?post=8805"},{"taxonomy":"product_cat","embeddable":true,"href":"https:\/\/vitanet.al\/sq\/wp-json\/wp\/v2\/product_cat?post=8805"},{"taxonomy":"product_tag","embeddable":true,"href":"https:\/\/vitanet.al\/sq\/wp-json\/wp\/v2\/product_tag?post=8805"}],"curies":[{"name":"wp","href":"https:\/\/api.w.org\/{rel}","templated":true}]}}