{"id":8815,"date":"2026-03-30T15:13:50","date_gmt":"2026-03-30T15:13:50","guid":{"rendered":"https:\/\/vitanet.al\/?post_type=product&#038;p=8815"},"modified":"2026-03-30T15:13:51","modified_gmt":"2026-03-30T15:13:51","slug":"skins-condoms-assorted-4-pack","status":"publish","type":"product","link":"https:\/\/vitanet.al\/sq\/product\/skins-condoms-assorted-4-pack\/","title":{"rendered":"Skins Condoms Assorted 4 Pack"},"content":{"rendered":"<p>Skins Assorted Pack ofron nj\u00eb p\u00ebrzierje prezervativ\u00ebsh natyral\u00eb, pika dhe brinj\u00eb dhe ultra t\u00eb holl\u00eb. N\u00eb var\u00ebsi t\u00eb disponimit tuaj, ju mund t\u00eb ndryshoni dhe eksperimentoni me Skins gjat\u00eb gjith\u00eb jav\u00ebs. Shtoni shum\u00ebllojshm\u00ebri n\u00eb jet\u00ebn tuaj seksuale duke q\u00ebndruar t\u00eb mbrojtur.\u2022 Nuk ka er\u00eb lateksi \u2022 Prezervativ\u00eb t\u00eb holl\u00eb<br \/>\n\u2022 Ndjenja natyrale \u2022 E lubrifikuar ekstra \u2022 P\u00ebrmban lateks natyral. Paketimi 4 cope<\/p>\n","protected":false},"excerpt":{"rendered":"<p>Skins Assorted Pack ofron nj\u00eb p\u00ebrzierje prezervativ\u00ebsh natyral\u00eb, pika dhe brinj\u00eb dhe ultra t\u00eb holl\u00eb. N\u00eb var\u00ebsi t\u00eb disponimit tuaj, ju mund t\u00eb ndryshoni dhe eksperimentoni me Skins gjat\u00eb gjith\u00eb jav\u00ebs. Shtoni shum\u00ebllojshm\u00ebri n\u00eb jet\u00ebn tuaj seksuale duke q\u00ebndruar t\u00eb mbrojtur.\u2022 Nuk ka er\u00eb lateksi \u2022 Prezervativ\u00eb t\u00eb holl\u00eb \u2022 Ndjenja natyrale \u2022 E lubrifikuar [&hellip;]<\/p>\n","protected":false},"featured_media":8816,"template":"","meta":[],"product_brand":[],"product_cat":[275,246,234,261],"product_tag":[277,284,276,236],"class_list":{"0":"post-8815","1":"product","2":"type-product","3":"status-publish","4":"has-post-thumbnail","6":"product_cat-condoms","7":"product_cat-sexual-health","8":"product_cat-skins","10":"product_tag-4pack","11":"product_tag-assorted","12":"product_tag-condoms","13":"product_tag-skins","15":"first","16":"instock","17":"shipping-taxable","18":"purchasable","19":"product-type-simple"},"yoast_head":"<!-- This site is optimized with the Yoast SEO plugin v27.3 - https:\/\/yoast.com\/product\/yoast-seo-wordpress\/ -->\n<title>Skins Condoms Assorted 4 Pack - VITANET ALBANIA<\/title>\n<meta name=\"robots\" content=\"index, follow, max-snippet:-1, max-image-preview:large, max-video-preview:-1\" \/>\n<link rel=\"canonical\" href=\"https:\/\/vitanet.al\/sq\/product\/skins-condoms-assorted-4-pack\/\" \/>\n<meta property=\"og:locale\" content=\"sq_AL\" \/>\n<meta property=\"og:type\" content=\"article\" \/>\n<meta property=\"og:title\" content=\"Skins Condoms Assorted 4 Pack - VITANET ALBANIA\" \/>\n<meta property=\"og:description\" content=\"Skins Assorted Pack ofron nj\u00eb p\u00ebrzierje prezervativ\u00ebsh natyral\u00eb, pika dhe brinj\u00eb dhe ultra t\u00eb holl\u00eb. N\u00eb var\u00ebsi t\u00eb disponimit tuaj, ju mund t\u00eb ndryshoni dhe eksperimentoni me Skins gjat\u00eb gjith\u00eb jav\u00ebs. Shtoni shum\u00ebllojshm\u00ebri n\u00eb jet\u00ebn tuaj seksuale duke q\u00ebndruar t\u00eb mbrojtur.\u2022 Nuk ka er\u00eb lateksi \u2022 Prezervativ\u00eb t\u00eb holl\u00eb \u2022 Ndjenja natyrale \u2022 E lubrifikuar [&hellip;]\" \/>\n<meta property=\"og:url\" content=\"https:\/\/vitanet.al\/sq\/product\/skins-condoms-assorted-4-pack\/\" \/>\n<meta property=\"og:site_name\" content=\"VITANET ALBANIA\" \/>\n<meta property=\"article:modified_time\" content=\"2026-03-30T15:13:51+00:00\" \/>\n<meta property=\"og:image\" content=\"https:\/\/vitanet.al\/wp-content\/uploads\/2026\/03\/Skins-4-Pack-Mocks-2024-Assorted.webp\" \/>\n\t<meta property=\"og:image:width\" content=\"1080\" \/>\n\t<meta property=\"og:image:height\" content=\"1080\" \/>\n\t<meta property=\"og:image:type\" content=\"image\/webp\" \/>\n<meta name=\"twitter:card\" content=\"summary_large_image\" \/>\n<meta name=\"twitter:label1\" content=\"Est. reading time\" \/>\n\t<meta name=\"twitter:data1\" content=\"1 minute\" \/>\n<script type=\"application\/ld+json\" class=\"yoast-schema-graph\">{\"@context\":\"https:\\\/\\\/schema.org\",\"@graph\":[{\"@type\":\"WebPage\",\"@id\":\"https:\\\/\\\/vitanet.al\\\/sq\\\/product\\\/skins-condoms-assorted-4-pack\\\/\",\"url\":\"https:\\\/\\\/vitanet.al\\\/sq\\\/product\\\/skins-condoms-assorted-4-pack\\\/\",\"name\":\"Skins Condoms Assorted 4 Pack - VITANET ALBANIA\",\"isPartOf\":{\"@id\":\"https:\\\/\\\/vitanet.al\\\/sq\\\/#website\"},\"primaryImageOfPage\":{\"@id\":\"https:\\\/\\\/vitanet.al\\\/sq\\\/product\\\/skins-condoms-assorted-4-pack\\\/#primaryimage\"},\"image\":{\"@id\":\"https:\\\/\\\/vitanet.al\\\/sq\\\/product\\\/skins-condoms-assorted-4-pack\\\/#primaryimage\"},\"thumbnailUrl\":\"https:\\\/\\\/vitanet.al\\\/wp-content\\\/uploads\\\/2026\\\/03\\\/Skins-4-Pack-Mocks-2024-Assorted.webp\",\"datePublished\":\"2026-03-30T15:13:50+00:00\",\"dateModified\":\"2026-03-30T15:13:51+00:00\",\"breadcrumb\":{\"@id\":\"https:\\\/\\\/vitanet.al\\\/sq\\\/product\\\/skins-condoms-assorted-4-pack\\\/#breadcrumb\"},\"inLanguage\":\"sq-AL\",\"potentialAction\":[{\"@type\":\"ReadAction\",\"target\":[\"https:\\\/\\\/vitanet.al\\\/sq\\\/product\\\/skins-condoms-assorted-4-pack\\\/\"]}]},{\"@type\":\"ImageObject\",\"inLanguage\":\"sq-AL\",\"@id\":\"https:\\\/\\\/vitanet.al\\\/sq\\\/product\\\/skins-condoms-assorted-4-pack\\\/#primaryimage\",\"url\":\"https:\\\/\\\/vitanet.al\\\/wp-content\\\/uploads\\\/2026\\\/03\\\/Skins-4-Pack-Mocks-2024-Assorted.webp\",\"contentUrl\":\"https:\\\/\\\/vitanet.al\\\/wp-content\\\/uploads\\\/2026\\\/03\\\/Skins-4-Pack-Mocks-2024-Assorted.webp\",\"width\":1080,\"height\":1080},{\"@type\":\"BreadcrumbList\",\"@id\":\"https:\\\/\\\/vitanet.al\\\/sq\\\/product\\\/skins-condoms-assorted-4-pack\\\/#breadcrumb\",\"itemListElement\":[{\"@type\":\"ListItem\",\"position\":1,\"name\":\"Home\",\"item\":\"https:\\\/\\\/vitanet.al\\\/sq\\\/\"},{\"@type\":\"ListItem\",\"position\":2,\"name\":\"Shop\",\"item\":\"https:\\\/\\\/vitanet.al\\\/sq\\\/shop\\\/\"},{\"@type\":\"ListItem\",\"position\":3,\"name\":\"Skins Condoms Assorted 4 Pack\"}]},{\"@type\":\"WebSite\",\"@id\":\"https:\\\/\\\/vitanet.al\\\/sq\\\/#website\",\"url\":\"https:\\\/\\\/vitanet.al\\\/sq\\\/\",\"name\":\"VITANET ALBANIA\",\"description\":\"\",\"publisher\":{\"@id\":\"https:\\\/\\\/vitanet.al\\\/sq\\\/#organization\"},\"potentialAction\":[{\"@type\":\"SearchAction\",\"target\":{\"@type\":\"EntryPoint\",\"urlTemplate\":\"https:\\\/\\\/vitanet.al\\\/sq\\\/?s={search_term_string}\"},\"query-input\":{\"@type\":\"PropertyValueSpecification\",\"valueRequired\":true,\"valueName\":\"search_term_string\"}}],\"inLanguage\":\"sq-AL\"},{\"@type\":\"Organization\",\"@id\":\"https:\\\/\\\/vitanet.al\\\/sq\\\/#organization\",\"name\":\"VITANET ALBANIA\",\"url\":\"https:\\\/\\\/vitanet.al\\\/sq\\\/\",\"logo\":{\"@type\":\"ImageObject\",\"inLanguage\":\"sq-AL\",\"@id\":\"https:\\\/\\\/vitanet.al\\\/sq\\\/#\\\/schema\\\/logo\\\/image\\\/\",\"url\":\"https:\\\/\\\/vitanet.al\\\/wp-content\\\/uploads\\\/2022\\\/02\\\/Vitanet_Logo-scaled.webp\",\"contentUrl\":\"https:\\\/\\\/vitanet.al\\\/wp-content\\\/uploads\\\/2022\\\/02\\\/Vitanet_Logo-scaled.webp\",\"width\":2560,\"height\":714,\"caption\":\"VITANET ALBANIA\"},\"image\":{\"@id\":\"https:\\\/\\\/vitanet.al\\\/sq\\\/#\\\/schema\\\/logo\\\/image\\\/\"}}]}<\/script>\n<!-- \/ Yoast SEO plugin. -->","yoast_head_json":{"title":"Skins Condoms Assorted 4 Pack - VITANET ALBANIA","robots":{"index":"index","follow":"follow","max-snippet":"max-snippet:-1","max-image-preview":"max-image-preview:large","max-video-preview":"max-video-preview:-1"},"canonical":"https:\/\/vitanet.al\/sq\/product\/skins-condoms-assorted-4-pack\/","og_locale":"sq_AL","og_type":"article","og_title":"Skins Condoms Assorted 4 Pack - VITANET ALBANIA","og_description":"Skins Assorted Pack ofron nj\u00eb p\u00ebrzierje prezervativ\u00ebsh natyral\u00eb, pika dhe brinj\u00eb dhe ultra t\u00eb holl\u00eb. N\u00eb var\u00ebsi t\u00eb disponimit tuaj, ju mund t\u00eb ndryshoni dhe eksperimentoni me Skins gjat\u00eb gjith\u00eb jav\u00ebs. Shtoni shum\u00ebllojshm\u00ebri n\u00eb jet\u00ebn tuaj seksuale duke q\u00ebndruar t\u00eb mbrojtur.\u2022 Nuk ka er\u00eb lateksi \u2022 Prezervativ\u00eb t\u00eb holl\u00eb \u2022 Ndjenja natyrale \u2022 E lubrifikuar [&hellip;]","og_url":"https:\/\/vitanet.al\/sq\/product\/skins-condoms-assorted-4-pack\/","og_site_name":"VITANET ALBANIA","article_modified_time":"2026-03-30T15:13:51+00:00","og_image":[{"width":1080,"height":1080,"url":"https:\/\/vitanet.al\/wp-content\/uploads\/2026\/03\/Skins-4-Pack-Mocks-2024-Assorted.webp","type":"image\/webp"}],"twitter_card":"summary_large_image","twitter_misc":{"Est. reading time":"1 minute"},"schema":{"@context":"https:\/\/schema.org","@graph":[{"@type":"WebPage","@id":"https:\/\/vitanet.al\/sq\/product\/skins-condoms-assorted-4-pack\/","url":"https:\/\/vitanet.al\/sq\/product\/skins-condoms-assorted-4-pack\/","name":"Skins Condoms Assorted 4 Pack - VITANET ALBANIA","isPartOf":{"@id":"https:\/\/vitanet.al\/sq\/#website"},"primaryImageOfPage":{"@id":"https:\/\/vitanet.al\/sq\/product\/skins-condoms-assorted-4-pack\/#primaryimage"},"image":{"@id":"https:\/\/vitanet.al\/sq\/product\/skins-condoms-assorted-4-pack\/#primaryimage"},"thumbnailUrl":"https:\/\/vitanet.al\/wp-content\/uploads\/2026\/03\/Skins-4-Pack-Mocks-2024-Assorted.webp","datePublished":"2026-03-30T15:13:50+00:00","dateModified":"2026-03-30T15:13:51+00:00","breadcrumb":{"@id":"https:\/\/vitanet.al\/sq\/product\/skins-condoms-assorted-4-pack\/#breadcrumb"},"inLanguage":"sq-AL","potentialAction":[{"@type":"ReadAction","target":["https:\/\/vitanet.al\/sq\/product\/skins-condoms-assorted-4-pack\/"]}]},{"@type":"ImageObject","inLanguage":"sq-AL","@id":"https:\/\/vitanet.al\/sq\/product\/skins-condoms-assorted-4-pack\/#primaryimage","url":"https:\/\/vitanet.al\/wp-content\/uploads\/2026\/03\/Skins-4-Pack-Mocks-2024-Assorted.webp","contentUrl":"https:\/\/vitanet.al\/wp-content\/uploads\/2026\/03\/Skins-4-Pack-Mocks-2024-Assorted.webp","width":1080,"height":1080},{"@type":"BreadcrumbList","@id":"https:\/\/vitanet.al\/sq\/product\/skins-condoms-assorted-4-pack\/#breadcrumb","itemListElement":[{"@type":"ListItem","position":1,"name":"Home","item":"https:\/\/vitanet.al\/sq\/"},{"@type":"ListItem","position":2,"name":"Shop","item":"https:\/\/vitanet.al\/sq\/shop\/"},{"@type":"ListItem","position":3,"name":"Skins Condoms Assorted 4 Pack"}]},{"@type":"WebSite","@id":"https:\/\/vitanet.al\/sq\/#website","url":"https:\/\/vitanet.al\/sq\/","name":"VITANET ALBANIA","description":"","publisher":{"@id":"https:\/\/vitanet.al\/sq\/#organization"},"potentialAction":[{"@type":"SearchAction","target":{"@type":"EntryPoint","urlTemplate":"https:\/\/vitanet.al\/sq\/?s={search_term_string}"},"query-input":{"@type":"PropertyValueSpecification","valueRequired":true,"valueName":"search_term_string"}}],"inLanguage":"sq-AL"},{"@type":"Organization","@id":"https:\/\/vitanet.al\/sq\/#organization","name":"VITANET ALBANIA","url":"https:\/\/vitanet.al\/sq\/","logo":{"@type":"ImageObject","inLanguage":"sq-AL","@id":"https:\/\/vitanet.al\/sq\/#\/schema\/logo\/image\/","url":"https:\/\/vitanet.al\/wp-content\/uploads\/2022\/02\/Vitanet_Logo-scaled.webp","contentUrl":"https:\/\/vitanet.al\/wp-content\/uploads\/2022\/02\/Vitanet_Logo-scaled.webp","width":2560,"height":714,"caption":"VITANET ALBANIA"},"image":{"@id":"https:\/\/vitanet.al\/sq\/#\/schema\/logo\/image\/"}}]}},"_links":{"self":[{"href":"https:\/\/vitanet.al\/sq\/wp-json\/wp\/v2\/product\/8815","targetHints":{"allow":["GET"]}}],"collection":[{"href":"https:\/\/vitanet.al\/sq\/wp-json\/wp\/v2\/product"}],"about":[{"href":"https:\/\/vitanet.al\/sq\/wp-json\/wp\/v2\/types\/product"}],"version-history":[{"count":1,"href":"https:\/\/vitanet.al\/sq\/wp-json\/wp\/v2\/product\/8815\/revisions"}],"predecessor-version":[{"id":8818,"href":"https:\/\/vitanet.al\/sq\/wp-json\/wp\/v2\/product\/8815\/revisions\/8818"}],"wp:featuredmedia":[{"embeddable":true,"href":"https:\/\/vitanet.al\/sq\/wp-json\/wp\/v2\/media\/8816"}],"wp:attachment":[{"href":"https:\/\/vitanet.al\/sq\/wp-json\/wp\/v2\/media?parent=8815"}],"wp:term":[{"taxonomy":"product_brand","embeddable":true,"href":"https:\/\/vitanet.al\/sq\/wp-json\/wp\/v2\/product_brand?post=8815"},{"taxonomy":"product_cat","embeddable":true,"href":"https:\/\/vitanet.al\/sq\/wp-json\/wp\/v2\/product_cat?post=8815"},{"taxonomy":"product_tag","embeddable":true,"href":"https:\/\/vitanet.al\/sq\/wp-json\/wp\/v2\/product_tag?post=8815"}],"curies":[{"name":"wp","href":"https:\/\/api.w.org\/{rel}","templated":true}]}}