{"id":9143,"date":"2026-04-01T13:42:35","date_gmt":"2026-04-01T13:42:35","guid":{"rendered":"https:\/\/vitanet.al\/?post_type=product&#038;p=9143"},"modified":"2026-04-01T13:42:36","modified_gmt":"2026-04-01T13:42:36","slug":"skins-12ml-sampler-tubes-fruity-3pk","status":"publish","type":"product","link":"https:\/\/vitanet.al\/sq\/product\/skins-12ml-sampler-tubes-fruity-3pk\/","title":{"rendered":"Skins 12ml Sampler Tubes &#8211; Fruity 3pk"},"content":{"rendered":"<p>Nj\u00eb treshe lubrifikant\u00ebsh shije t\u00eb shijshme. Shalqi freskues, luleshtrydhe l\u00ebngshme apo mango dhe frut pasioni.<br \/>\nPaketimi: 3 flakone 12 ml<br \/>\nP\u00ebrmbajtja: uje, glycerin, hidroksietilceluloze, benzoate natriumi, acid citrik, shije natyrale<\/p>\n","protected":false},"excerpt":{"rendered":"<p>Nj\u00eb treshe lubrifikant\u00ebsh shije t\u00eb shijshme. Shalqi freskues, luleshtrydhe l\u00ebngshme apo mango dhe frut pasioni. Paketimi: 3 flakone 12 ml P\u00ebrmbajtja: uje, glycerin, hidroksietilceluloze, benzoate natriumi, acid citrik, shije natyrale<\/p>\n","protected":false},"featured_media":9144,"template":"","meta":[],"product_brand":[],"product_cat":[234],"product_tag":[288,250,314,236],"class_list":{"0":"post-9143","1":"product","2":"type-product","3":"status-publish","4":"has-post-thumbnail","6":"product_cat-skins","7":"product_tag-fruits","8":"product_tag-lubes","9":"product_tag-pocket-size","10":"product_tag-skins","12":"first","13":"instock","14":"shipping-taxable","15":"purchasable","16":"product-type-simple"},"yoast_head":"<!-- This site is optimized with the Yoast SEO plugin v27.3 - https:\/\/yoast.com\/product\/yoast-seo-wordpress\/ -->\n<title>Skins 12ml Sampler Tubes - Fruity 3pk - VITANET ALBANIA<\/title>\n<meta name=\"robots\" content=\"index, follow, max-snippet:-1, max-image-preview:large, max-video-preview:-1\" \/>\n<link rel=\"canonical\" href=\"https:\/\/vitanet.al\/sq\/product\/skins-12ml-sampler-tubes-fruity-3pk\/\" \/>\n<meta property=\"og:locale\" content=\"sq_AL\" \/>\n<meta property=\"og:type\" content=\"article\" \/>\n<meta property=\"og:title\" content=\"Skins 12ml Sampler Tubes - Fruity 3pk - VITANET ALBANIA\" \/>\n<meta property=\"og:description\" content=\"Nj\u00eb treshe lubrifikant\u00ebsh shije t\u00eb shijshme. Shalqi freskues, luleshtrydhe l\u00ebngshme apo mango dhe frut pasioni. Paketimi: 3 flakone 12 ml P\u00ebrmbajtja: uje, glycerin, hidroksietilceluloze, benzoate natriumi, acid citrik, shije natyrale\" \/>\n<meta property=\"og:url\" content=\"https:\/\/vitanet.al\/sq\/product\/skins-12ml-sampler-tubes-fruity-3pk\/\" \/>\n<meta property=\"og:site_name\" content=\"VITANET ALBANIA\" \/>\n<meta property=\"article:modified_time\" content=\"2026-04-01T13:42:36+00:00\" \/>\n<meta property=\"og:image\" content=\"https:\/\/vitanet.al\/wp-content\/uploads\/2026\/04\/skins-12ml-sampler-tubes-fruity-lubes-3-pack-523935.webp\" \/>\n\t<meta property=\"og:image:width\" content=\"1080\" \/>\n\t<meta property=\"og:image:height\" content=\"1080\" \/>\n\t<meta property=\"og:image:type\" content=\"image\/webp\" \/>\n<meta name=\"twitter:card\" content=\"summary_large_image\" \/>\n<meta name=\"twitter:label1\" content=\"Est. reading time\" \/>\n\t<meta name=\"twitter:data1\" content=\"1 minute\" \/>\n<script type=\"application\/ld+json\" class=\"yoast-schema-graph\">{\"@context\":\"https:\\\/\\\/schema.org\",\"@graph\":[{\"@type\":\"WebPage\",\"@id\":\"https:\\\/\\\/vitanet.al\\\/sq\\\/product\\\/skins-12ml-sampler-tubes-fruity-3pk\\\/\",\"url\":\"https:\\\/\\\/vitanet.al\\\/sq\\\/product\\\/skins-12ml-sampler-tubes-fruity-3pk\\\/\",\"name\":\"Skins 12ml Sampler Tubes - Fruity 3pk - VITANET ALBANIA\",\"isPartOf\":{\"@id\":\"https:\\\/\\\/vitanet.al\\\/sq\\\/#website\"},\"primaryImageOfPage\":{\"@id\":\"https:\\\/\\\/vitanet.al\\\/sq\\\/product\\\/skins-12ml-sampler-tubes-fruity-3pk\\\/#primaryimage\"},\"image\":{\"@id\":\"https:\\\/\\\/vitanet.al\\\/sq\\\/product\\\/skins-12ml-sampler-tubes-fruity-3pk\\\/#primaryimage\"},\"thumbnailUrl\":\"https:\\\/\\\/vitanet.al\\\/wp-content\\\/uploads\\\/2026\\\/04\\\/skins-12ml-sampler-tubes-fruity-lubes-3-pack-523935.webp\",\"datePublished\":\"2026-04-01T13:42:35+00:00\",\"dateModified\":\"2026-04-01T13:42:36+00:00\",\"breadcrumb\":{\"@id\":\"https:\\\/\\\/vitanet.al\\\/sq\\\/product\\\/skins-12ml-sampler-tubes-fruity-3pk\\\/#breadcrumb\"},\"inLanguage\":\"sq-AL\",\"potentialAction\":[{\"@type\":\"ReadAction\",\"target\":[\"https:\\\/\\\/vitanet.al\\\/sq\\\/product\\\/skins-12ml-sampler-tubes-fruity-3pk\\\/\"]}]},{\"@type\":\"ImageObject\",\"inLanguage\":\"sq-AL\",\"@id\":\"https:\\\/\\\/vitanet.al\\\/sq\\\/product\\\/skins-12ml-sampler-tubes-fruity-3pk\\\/#primaryimage\",\"url\":\"https:\\\/\\\/vitanet.al\\\/wp-content\\\/uploads\\\/2026\\\/04\\\/skins-12ml-sampler-tubes-fruity-lubes-3-pack-523935.webp\",\"contentUrl\":\"https:\\\/\\\/vitanet.al\\\/wp-content\\\/uploads\\\/2026\\\/04\\\/skins-12ml-sampler-tubes-fruity-lubes-3-pack-523935.webp\",\"width\":1080,\"height\":1080},{\"@type\":\"BreadcrumbList\",\"@id\":\"https:\\\/\\\/vitanet.al\\\/sq\\\/product\\\/skins-12ml-sampler-tubes-fruity-3pk\\\/#breadcrumb\",\"itemListElement\":[{\"@type\":\"ListItem\",\"position\":1,\"name\":\"Home\",\"item\":\"https:\\\/\\\/vitanet.al\\\/sq\\\/\"},{\"@type\":\"ListItem\",\"position\":2,\"name\":\"Shop\",\"item\":\"https:\\\/\\\/vitanet.al\\\/sq\\\/shop\\\/\"},{\"@type\":\"ListItem\",\"position\":3,\"name\":\"Skins 12ml Sampler Tubes &#8211; Fruity 3pk\"}]},{\"@type\":\"WebSite\",\"@id\":\"https:\\\/\\\/vitanet.al\\\/sq\\\/#website\",\"url\":\"https:\\\/\\\/vitanet.al\\\/sq\\\/\",\"name\":\"VITANET ALBANIA\",\"description\":\"\",\"publisher\":{\"@id\":\"https:\\\/\\\/vitanet.al\\\/sq\\\/#organization\"},\"potentialAction\":[{\"@type\":\"SearchAction\",\"target\":{\"@type\":\"EntryPoint\",\"urlTemplate\":\"https:\\\/\\\/vitanet.al\\\/sq\\\/?s={search_term_string}\"},\"query-input\":{\"@type\":\"PropertyValueSpecification\",\"valueRequired\":true,\"valueName\":\"search_term_string\"}}],\"inLanguage\":\"sq-AL\"},{\"@type\":\"Organization\",\"@id\":\"https:\\\/\\\/vitanet.al\\\/sq\\\/#organization\",\"name\":\"VITANET ALBANIA\",\"url\":\"https:\\\/\\\/vitanet.al\\\/sq\\\/\",\"logo\":{\"@type\":\"ImageObject\",\"inLanguage\":\"sq-AL\",\"@id\":\"https:\\\/\\\/vitanet.al\\\/sq\\\/#\\\/schema\\\/logo\\\/image\\\/\",\"url\":\"https:\\\/\\\/vitanet.al\\\/wp-content\\\/uploads\\\/2022\\\/02\\\/Vitanet_Logo-scaled.webp\",\"contentUrl\":\"https:\\\/\\\/vitanet.al\\\/wp-content\\\/uploads\\\/2022\\\/02\\\/Vitanet_Logo-scaled.webp\",\"width\":2560,\"height\":714,\"caption\":\"VITANET ALBANIA\"},\"image\":{\"@id\":\"https:\\\/\\\/vitanet.al\\\/sq\\\/#\\\/schema\\\/logo\\\/image\\\/\"}}]}<\/script>\n<!-- \/ Yoast SEO plugin. -->","yoast_head_json":{"title":"Skins 12ml Sampler Tubes - Fruity 3pk - VITANET ALBANIA","robots":{"index":"index","follow":"follow","max-snippet":"max-snippet:-1","max-image-preview":"max-image-preview:large","max-video-preview":"max-video-preview:-1"},"canonical":"https:\/\/vitanet.al\/sq\/product\/skins-12ml-sampler-tubes-fruity-3pk\/","og_locale":"sq_AL","og_type":"article","og_title":"Skins 12ml Sampler Tubes - Fruity 3pk - VITANET ALBANIA","og_description":"Nj\u00eb treshe lubrifikant\u00ebsh shije t\u00eb shijshme. Shalqi freskues, luleshtrydhe l\u00ebngshme apo mango dhe frut pasioni. Paketimi: 3 flakone 12 ml P\u00ebrmbajtja: uje, glycerin, hidroksietilceluloze, benzoate natriumi, acid citrik, shije natyrale","og_url":"https:\/\/vitanet.al\/sq\/product\/skins-12ml-sampler-tubes-fruity-3pk\/","og_site_name":"VITANET ALBANIA","article_modified_time":"2026-04-01T13:42:36+00:00","og_image":[{"width":1080,"height":1080,"url":"https:\/\/vitanet.al\/wp-content\/uploads\/2026\/04\/skins-12ml-sampler-tubes-fruity-lubes-3-pack-523935.webp","type":"image\/webp"}],"twitter_card":"summary_large_image","twitter_misc":{"Est. reading time":"1 minute"},"schema":{"@context":"https:\/\/schema.org","@graph":[{"@type":"WebPage","@id":"https:\/\/vitanet.al\/sq\/product\/skins-12ml-sampler-tubes-fruity-3pk\/","url":"https:\/\/vitanet.al\/sq\/product\/skins-12ml-sampler-tubes-fruity-3pk\/","name":"Skins 12ml Sampler Tubes - Fruity 3pk - VITANET ALBANIA","isPartOf":{"@id":"https:\/\/vitanet.al\/sq\/#website"},"primaryImageOfPage":{"@id":"https:\/\/vitanet.al\/sq\/product\/skins-12ml-sampler-tubes-fruity-3pk\/#primaryimage"},"image":{"@id":"https:\/\/vitanet.al\/sq\/product\/skins-12ml-sampler-tubes-fruity-3pk\/#primaryimage"},"thumbnailUrl":"https:\/\/vitanet.al\/wp-content\/uploads\/2026\/04\/skins-12ml-sampler-tubes-fruity-lubes-3-pack-523935.webp","datePublished":"2026-04-01T13:42:35+00:00","dateModified":"2026-04-01T13:42:36+00:00","breadcrumb":{"@id":"https:\/\/vitanet.al\/sq\/product\/skins-12ml-sampler-tubes-fruity-3pk\/#breadcrumb"},"inLanguage":"sq-AL","potentialAction":[{"@type":"ReadAction","target":["https:\/\/vitanet.al\/sq\/product\/skins-12ml-sampler-tubes-fruity-3pk\/"]}]},{"@type":"ImageObject","inLanguage":"sq-AL","@id":"https:\/\/vitanet.al\/sq\/product\/skins-12ml-sampler-tubes-fruity-3pk\/#primaryimage","url":"https:\/\/vitanet.al\/wp-content\/uploads\/2026\/04\/skins-12ml-sampler-tubes-fruity-lubes-3-pack-523935.webp","contentUrl":"https:\/\/vitanet.al\/wp-content\/uploads\/2026\/04\/skins-12ml-sampler-tubes-fruity-lubes-3-pack-523935.webp","width":1080,"height":1080},{"@type":"BreadcrumbList","@id":"https:\/\/vitanet.al\/sq\/product\/skins-12ml-sampler-tubes-fruity-3pk\/#breadcrumb","itemListElement":[{"@type":"ListItem","position":1,"name":"Home","item":"https:\/\/vitanet.al\/sq\/"},{"@type":"ListItem","position":2,"name":"Shop","item":"https:\/\/vitanet.al\/sq\/shop\/"},{"@type":"ListItem","position":3,"name":"Skins 12ml Sampler Tubes &#8211; Fruity 3pk"}]},{"@type":"WebSite","@id":"https:\/\/vitanet.al\/sq\/#website","url":"https:\/\/vitanet.al\/sq\/","name":"VITANET ALBANIA","description":"","publisher":{"@id":"https:\/\/vitanet.al\/sq\/#organization"},"potentialAction":[{"@type":"SearchAction","target":{"@type":"EntryPoint","urlTemplate":"https:\/\/vitanet.al\/sq\/?s={search_term_string}"},"query-input":{"@type":"PropertyValueSpecification","valueRequired":true,"valueName":"search_term_string"}}],"inLanguage":"sq-AL"},{"@type":"Organization","@id":"https:\/\/vitanet.al\/sq\/#organization","name":"VITANET ALBANIA","url":"https:\/\/vitanet.al\/sq\/","logo":{"@type":"ImageObject","inLanguage":"sq-AL","@id":"https:\/\/vitanet.al\/sq\/#\/schema\/logo\/image\/","url":"https:\/\/vitanet.al\/wp-content\/uploads\/2022\/02\/Vitanet_Logo-scaled.webp","contentUrl":"https:\/\/vitanet.al\/wp-content\/uploads\/2022\/02\/Vitanet_Logo-scaled.webp","width":2560,"height":714,"caption":"VITANET ALBANIA"},"image":{"@id":"https:\/\/vitanet.al\/sq\/#\/schema\/logo\/image\/"}}]}},"_links":{"self":[{"href":"https:\/\/vitanet.al\/sq\/wp-json\/wp\/v2\/product\/9143","targetHints":{"allow":["GET"]}}],"collection":[{"href":"https:\/\/vitanet.al\/sq\/wp-json\/wp\/v2\/product"}],"about":[{"href":"https:\/\/vitanet.al\/sq\/wp-json\/wp\/v2\/types\/product"}],"version-history":[{"count":1,"href":"https:\/\/vitanet.al\/sq\/wp-json\/wp\/v2\/product\/9143\/revisions"}],"predecessor-version":[{"id":9152,"href":"https:\/\/vitanet.al\/sq\/wp-json\/wp\/v2\/product\/9143\/revisions\/9152"}],"wp:featuredmedia":[{"embeddable":true,"href":"https:\/\/vitanet.al\/sq\/wp-json\/wp\/v2\/media\/9144"}],"wp:attachment":[{"href":"https:\/\/vitanet.al\/sq\/wp-json\/wp\/v2\/media?parent=9143"}],"wp:term":[{"taxonomy":"product_brand","embeddable":true,"href":"https:\/\/vitanet.al\/sq\/wp-json\/wp\/v2\/product_brand?post=9143"},{"taxonomy":"product_cat","embeddable":true,"href":"https:\/\/vitanet.al\/sq\/wp-json\/wp\/v2\/product_cat?post=9143"},{"taxonomy":"product_tag","embeddable":true,"href":"https:\/\/vitanet.al\/sq\/wp-json\/wp\/v2\/product_tag?post=9143"}],"curies":[{"name":"wp","href":"https:\/\/api.w.org\/{rel}","templated":true}]}}