{"id":9224,"date":"2026-04-10T12:47:15","date_gmt":"2026-04-10T12:47:15","guid":{"rendered":"https:\/\/vitanet.al\/?post_type=product&#038;p=9224"},"modified":"2026-04-10T12:47:16","modified_gmt":"2026-04-10T12:47:16","slug":"skins-unihorn-blaze-diablo","status":"publish","type":"product","link":"https:\/\/vitanet.al\/sq\/product\/skins-unihorn-blaze-diablo\/","title":{"rendered":"skins Unihorn blaze diablo"},"content":{"rendered":"<p>Me nj\u00eb dizajn t\u00eb matur, por t\u00eb bukur dhe nj\u00eb gjuh\u00eb silikoni super t\u00eb sigurt p\u00ebr trupin. 15 opsione kenaq\u00ebsie, rezistent ndaj ujit, material i but\u00eb silikoni dhe i rikarikueshem me USB.<br \/>\nPaketimi: 1 cope<\/p>\n","protected":false},"excerpt":{"rendered":"<p>Me nj\u00eb dizajn t\u00eb matur, por t\u00eb bukur dhe nj\u00eb gjuh\u00eb silikoni super t\u00eb sigurt p\u00ebr trupin. 15 opsione kenaq\u00ebsie, rezistent ndaj ujit, material i but\u00eb silikoni dhe i rikarikueshem me USB. Paketimi: 1 cope<\/p>\n","protected":false},"featured_media":9225,"template":"","meta":[],"product_brand":[315],"product_cat":[234],"product_tag":[324,323,236,316],"class_list":{"0":"post-9224","1":"product","2":"type-product","3":"status-publish","4":"has-post-thumbnail","6":"product_brand-skins","7":"product_cat-skins","8":"product_tag-diablo","9":"product_tag-red","10":"product_tag-skins","11":"product_tag-unihorn","13":"first","14":"instock","15":"shipping-taxable","16":"purchasable","17":"product-type-simple"},"yoast_head":"<!-- This site is optimized with the Yoast SEO plugin v27.3 - https:\/\/yoast.com\/product\/yoast-seo-wordpress\/ -->\n<title>skins Unihorn blaze diablo - VITANET ALBANIA<\/title>\n<meta name=\"robots\" content=\"index, follow, max-snippet:-1, max-image-preview:large, max-video-preview:-1\" \/>\n<link rel=\"canonical\" href=\"https:\/\/vitanet.al\/sq\/product\/skins-unihorn-blaze-diablo\/\" \/>\n<meta property=\"og:locale\" content=\"sq_AL\" \/>\n<meta property=\"og:type\" content=\"article\" \/>\n<meta property=\"og:title\" content=\"skins Unihorn blaze diablo - VITANET ALBANIA\" \/>\n<meta property=\"og:description\" content=\"Me nj\u00eb dizajn t\u00eb matur, por t\u00eb bukur dhe nj\u00eb gjuh\u00eb silikoni super t\u00eb sigurt p\u00ebr trupin. 15 opsione kenaq\u00ebsie, rezistent ndaj ujit, material i but\u00eb silikoni dhe i rikarikueshem me USB. Paketimi: 1 cope\" \/>\n<meta property=\"og:url\" content=\"https:\/\/vitanet.al\/sq\/product\/skins-unihorn-blaze-diablo\/\" \/>\n<meta property=\"og:site_name\" content=\"VITANET ALBANIA\" \/>\n<meta property=\"article:modified_time\" content=\"2026-04-10T12:47:16+00:00\" \/>\n<meta property=\"og:image\" content=\"https:\/\/vitanet.al\/wp-content\/uploads\/2026\/04\/Blaze-Diablo-Angled.webp\" \/>\n\t<meta property=\"og:image:width\" content=\"600\" \/>\n\t<meta property=\"og:image:height\" content=\"600\" \/>\n\t<meta property=\"og:image:type\" content=\"image\/webp\" \/>\n<meta name=\"twitter:card\" content=\"summary_large_image\" \/>\n<meta name=\"twitter:label1\" content=\"Est. reading time\" \/>\n\t<meta name=\"twitter:data1\" content=\"1 minute\" \/>\n<script type=\"application\/ld+json\" class=\"yoast-schema-graph\">{\"@context\":\"https:\\\/\\\/schema.org\",\"@graph\":[{\"@type\":\"WebPage\",\"@id\":\"https:\\\/\\\/vitanet.al\\\/sq\\\/product\\\/skins-unihorn-blaze-diablo\\\/\",\"url\":\"https:\\\/\\\/vitanet.al\\\/sq\\\/product\\\/skins-unihorn-blaze-diablo\\\/\",\"name\":\"skins Unihorn blaze diablo - VITANET ALBANIA\",\"isPartOf\":{\"@id\":\"https:\\\/\\\/vitanet.al\\\/sq\\\/#website\"},\"primaryImageOfPage\":{\"@id\":\"https:\\\/\\\/vitanet.al\\\/sq\\\/product\\\/skins-unihorn-blaze-diablo\\\/#primaryimage\"},\"image\":{\"@id\":\"https:\\\/\\\/vitanet.al\\\/sq\\\/product\\\/skins-unihorn-blaze-diablo\\\/#primaryimage\"},\"thumbnailUrl\":\"https:\\\/\\\/vitanet.al\\\/wp-content\\\/uploads\\\/2026\\\/04\\\/Blaze-Diablo-Angled.webp\",\"datePublished\":\"2026-04-10T12:47:15+00:00\",\"dateModified\":\"2026-04-10T12:47:16+00:00\",\"breadcrumb\":{\"@id\":\"https:\\\/\\\/vitanet.al\\\/sq\\\/product\\\/skins-unihorn-blaze-diablo\\\/#breadcrumb\"},\"inLanguage\":\"sq-AL\",\"potentialAction\":[{\"@type\":\"ReadAction\",\"target\":[\"https:\\\/\\\/vitanet.al\\\/sq\\\/product\\\/skins-unihorn-blaze-diablo\\\/\"]}]},{\"@type\":\"ImageObject\",\"inLanguage\":\"sq-AL\",\"@id\":\"https:\\\/\\\/vitanet.al\\\/sq\\\/product\\\/skins-unihorn-blaze-diablo\\\/#primaryimage\",\"url\":\"https:\\\/\\\/vitanet.al\\\/wp-content\\\/uploads\\\/2026\\\/04\\\/Blaze-Diablo-Angled.webp\",\"contentUrl\":\"https:\\\/\\\/vitanet.al\\\/wp-content\\\/uploads\\\/2026\\\/04\\\/Blaze-Diablo-Angled.webp\",\"width\":600,\"height\":600},{\"@type\":\"BreadcrumbList\",\"@id\":\"https:\\\/\\\/vitanet.al\\\/sq\\\/product\\\/skins-unihorn-blaze-diablo\\\/#breadcrumb\",\"itemListElement\":[{\"@type\":\"ListItem\",\"position\":1,\"name\":\"Home\",\"item\":\"https:\\\/\\\/vitanet.al\\\/sq\\\/\"},{\"@type\":\"ListItem\",\"position\":2,\"name\":\"Shop\",\"item\":\"https:\\\/\\\/vitanet.al\\\/sq\\\/shop\\\/\"},{\"@type\":\"ListItem\",\"position\":3,\"name\":\"skins Unihorn blaze diablo\"}]},{\"@type\":\"WebSite\",\"@id\":\"https:\\\/\\\/vitanet.al\\\/sq\\\/#website\",\"url\":\"https:\\\/\\\/vitanet.al\\\/sq\\\/\",\"name\":\"VITANET ALBANIA\",\"description\":\"\",\"publisher\":{\"@id\":\"https:\\\/\\\/vitanet.al\\\/sq\\\/#organization\"},\"potentialAction\":[{\"@type\":\"SearchAction\",\"target\":{\"@type\":\"EntryPoint\",\"urlTemplate\":\"https:\\\/\\\/vitanet.al\\\/sq\\\/?s={search_term_string}\"},\"query-input\":{\"@type\":\"PropertyValueSpecification\",\"valueRequired\":true,\"valueName\":\"search_term_string\"}}],\"inLanguage\":\"sq-AL\"},{\"@type\":\"Organization\",\"@id\":\"https:\\\/\\\/vitanet.al\\\/sq\\\/#organization\",\"name\":\"VITANET ALBANIA\",\"url\":\"https:\\\/\\\/vitanet.al\\\/sq\\\/\",\"logo\":{\"@type\":\"ImageObject\",\"inLanguage\":\"sq-AL\",\"@id\":\"https:\\\/\\\/vitanet.al\\\/sq\\\/#\\\/schema\\\/logo\\\/image\\\/\",\"url\":\"https:\\\/\\\/vitanet.al\\\/wp-content\\\/uploads\\\/2022\\\/02\\\/Vitanet_Logo-scaled.webp\",\"contentUrl\":\"https:\\\/\\\/vitanet.al\\\/wp-content\\\/uploads\\\/2022\\\/02\\\/Vitanet_Logo-scaled.webp\",\"width\":2560,\"height\":714,\"caption\":\"VITANET ALBANIA\"},\"image\":{\"@id\":\"https:\\\/\\\/vitanet.al\\\/sq\\\/#\\\/schema\\\/logo\\\/image\\\/\"}}]}<\/script>\n<!-- \/ Yoast SEO plugin. -->","yoast_head_json":{"title":"skins Unihorn blaze diablo - VITANET ALBANIA","robots":{"index":"index","follow":"follow","max-snippet":"max-snippet:-1","max-image-preview":"max-image-preview:large","max-video-preview":"max-video-preview:-1"},"canonical":"https:\/\/vitanet.al\/sq\/product\/skins-unihorn-blaze-diablo\/","og_locale":"sq_AL","og_type":"article","og_title":"skins Unihorn blaze diablo - VITANET ALBANIA","og_description":"Me nj\u00eb dizajn t\u00eb matur, por t\u00eb bukur dhe nj\u00eb gjuh\u00eb silikoni super t\u00eb sigurt p\u00ebr trupin. 15 opsione kenaq\u00ebsie, rezistent ndaj ujit, material i but\u00eb silikoni dhe i rikarikueshem me USB. Paketimi: 1 cope","og_url":"https:\/\/vitanet.al\/sq\/product\/skins-unihorn-blaze-diablo\/","og_site_name":"VITANET ALBANIA","article_modified_time":"2026-04-10T12:47:16+00:00","og_image":[{"width":600,"height":600,"url":"https:\/\/vitanet.al\/wp-content\/uploads\/2026\/04\/Blaze-Diablo-Angled.webp","type":"image\/webp"}],"twitter_card":"summary_large_image","twitter_misc":{"Est. reading time":"1 minute"},"schema":{"@context":"https:\/\/schema.org","@graph":[{"@type":"WebPage","@id":"https:\/\/vitanet.al\/sq\/product\/skins-unihorn-blaze-diablo\/","url":"https:\/\/vitanet.al\/sq\/product\/skins-unihorn-blaze-diablo\/","name":"skins Unihorn blaze diablo - VITANET ALBANIA","isPartOf":{"@id":"https:\/\/vitanet.al\/sq\/#website"},"primaryImageOfPage":{"@id":"https:\/\/vitanet.al\/sq\/product\/skins-unihorn-blaze-diablo\/#primaryimage"},"image":{"@id":"https:\/\/vitanet.al\/sq\/product\/skins-unihorn-blaze-diablo\/#primaryimage"},"thumbnailUrl":"https:\/\/vitanet.al\/wp-content\/uploads\/2026\/04\/Blaze-Diablo-Angled.webp","datePublished":"2026-04-10T12:47:15+00:00","dateModified":"2026-04-10T12:47:16+00:00","breadcrumb":{"@id":"https:\/\/vitanet.al\/sq\/product\/skins-unihorn-blaze-diablo\/#breadcrumb"},"inLanguage":"sq-AL","potentialAction":[{"@type":"ReadAction","target":["https:\/\/vitanet.al\/sq\/product\/skins-unihorn-blaze-diablo\/"]}]},{"@type":"ImageObject","inLanguage":"sq-AL","@id":"https:\/\/vitanet.al\/sq\/product\/skins-unihorn-blaze-diablo\/#primaryimage","url":"https:\/\/vitanet.al\/wp-content\/uploads\/2026\/04\/Blaze-Diablo-Angled.webp","contentUrl":"https:\/\/vitanet.al\/wp-content\/uploads\/2026\/04\/Blaze-Diablo-Angled.webp","width":600,"height":600},{"@type":"BreadcrumbList","@id":"https:\/\/vitanet.al\/sq\/product\/skins-unihorn-blaze-diablo\/#breadcrumb","itemListElement":[{"@type":"ListItem","position":1,"name":"Home","item":"https:\/\/vitanet.al\/sq\/"},{"@type":"ListItem","position":2,"name":"Shop","item":"https:\/\/vitanet.al\/sq\/shop\/"},{"@type":"ListItem","position":3,"name":"skins Unihorn blaze diablo"}]},{"@type":"WebSite","@id":"https:\/\/vitanet.al\/sq\/#website","url":"https:\/\/vitanet.al\/sq\/","name":"VITANET ALBANIA","description":"","publisher":{"@id":"https:\/\/vitanet.al\/sq\/#organization"},"potentialAction":[{"@type":"SearchAction","target":{"@type":"EntryPoint","urlTemplate":"https:\/\/vitanet.al\/sq\/?s={search_term_string}"},"query-input":{"@type":"PropertyValueSpecification","valueRequired":true,"valueName":"search_term_string"}}],"inLanguage":"sq-AL"},{"@type":"Organization","@id":"https:\/\/vitanet.al\/sq\/#organization","name":"VITANET ALBANIA","url":"https:\/\/vitanet.al\/sq\/","logo":{"@type":"ImageObject","inLanguage":"sq-AL","@id":"https:\/\/vitanet.al\/sq\/#\/schema\/logo\/image\/","url":"https:\/\/vitanet.al\/wp-content\/uploads\/2022\/02\/Vitanet_Logo-scaled.webp","contentUrl":"https:\/\/vitanet.al\/wp-content\/uploads\/2022\/02\/Vitanet_Logo-scaled.webp","width":2560,"height":714,"caption":"VITANET ALBANIA"},"image":{"@id":"https:\/\/vitanet.al\/sq\/#\/schema\/logo\/image\/"}}]}},"_links":{"self":[{"href":"https:\/\/vitanet.al\/sq\/wp-json\/wp\/v2\/product\/9224","targetHints":{"allow":["GET"]}}],"collection":[{"href":"https:\/\/vitanet.al\/sq\/wp-json\/wp\/v2\/product"}],"about":[{"href":"https:\/\/vitanet.al\/sq\/wp-json\/wp\/v2\/types\/product"}],"version-history":[{"count":1,"href":"https:\/\/vitanet.al\/sq\/wp-json\/wp\/v2\/product\/9224\/revisions"}],"predecessor-version":[{"id":9233,"href":"https:\/\/vitanet.al\/sq\/wp-json\/wp\/v2\/product\/9224\/revisions\/9233"}],"wp:featuredmedia":[{"embeddable":true,"href":"https:\/\/vitanet.al\/sq\/wp-json\/wp\/v2\/media\/9225"}],"wp:attachment":[{"href":"https:\/\/vitanet.al\/sq\/wp-json\/wp\/v2\/media?parent=9224"}],"wp:term":[{"taxonomy":"product_brand","embeddable":true,"href":"https:\/\/vitanet.al\/sq\/wp-json\/wp\/v2\/product_brand?post=9224"},{"taxonomy":"product_cat","embeddable":true,"href":"https:\/\/vitanet.al\/sq\/wp-json\/wp\/v2\/product_cat?post=9224"},{"taxonomy":"product_tag","embeddable":true,"href":"https:\/\/vitanet.al\/sq\/wp-json\/wp\/v2\/product_tag?post=9224"}],"curies":[{"name":"wp","href":"https:\/\/api.w.org\/{rel}","templated":true}]}}