{"id":9372,"date":"2026-04-22T14:38:35","date_gmt":"2026-04-22T14:38:35","guid":{"rendered":"https:\/\/vitanet.al\/?post_type=product&#038;p=9372"},"modified":"2026-04-22T14:40:08","modified_gmt":"2026-04-22T14:40:08","slug":"face-guard-sunscreen-stick-spf50-14gr","status":"publish","type":"product","link":"https:\/\/vitanet.al\/sq\/product\/face-guard-sunscreen-stick-spf50-14gr\/","title":{"rendered":"FACE GUARD SUNSCREEN STICK  SPF50 14GR"},"content":{"rendered":"<p>Face Guard Sunscreen Stick SPF50 14g<br \/>\nKremi mbrojt\u00ebs nga dielli Australian Gold Face Guard Sunscreen Stick SPF50 14g u zhvillua posa\u00e7\u00ebrisht p\u00ebr t\u00eb ofruar mbrojtje t\u00eb nivelit t\u00eb lart\u00eb p\u00ebr zonat m\u00eb t\u00eb ndjeshme t\u00eb l\u00ebkur\u00ebs s\u00eb fytyr\u00ebs dhe trupit. N\u00eb fakt, ky produkt \u00ebsht\u00eb ideal p\u00ebr t\u00eb mbrojtur zona si hunda, vesh\u00ebt apo edhe tatuazhet, pasi parandalon edhe zbehjen. T\u00eb gjitha k\u00ebto p\u00ebrfitime jan\u00eb t\u00eb mundshme fal\u00eb nj\u00eb formule shum\u00ebfunksionale dhe t\u00eb p\u00ebrparuar.<br \/>\nPaketimi: Stick 14 g<\/p>\n","protected":false},"excerpt":{"rendered":"<p>Face Guard Sunscreen Stick SPF50 14g Kremi mbrojt\u00ebs nga dielli Australian Gold Face Guard Sunscreen Stick SPF50 14g u zhvillua posa\u00e7\u00ebrisht p\u00ebr t\u00eb ofruar mbrojtje t\u00eb nivelit t\u00eb lart\u00eb p\u00ebr zonat m\u00eb t\u00eb ndjeshme t\u00eb l\u00ebkur\u00ebs s\u00eb fytyr\u00ebs dhe trupit. N\u00eb fakt, ky produkt \u00ebsht\u00eb ideal p\u00ebr t\u00eb mbrojtur zona si hunda, vesh\u00ebt apo edhe [&hellip;]<\/p>\n","protected":false},"featured_media":9376,"template":"","meta":[],"product_brand":[79],"product_cat":[128],"product_tag":[333,332,331],"class_list":{"0":"post-9372","1":"product","2":"type-product","3":"status-publish","4":"has-post-thumbnail","6":"product_brand-australian-gold-usa","7":"product_cat-australian-gold","8":"product_tag-50-spf","9":"product_tag-australian-gold","10":"product_tag-stick","12":"first","13":"instock","14":"shipping-taxable","15":"purchasable","16":"product-type-simple"},"yoast_head":"<!-- This site is optimized with the Yoast SEO plugin v27.4 - https:\/\/yoast.com\/product\/yoast-seo-wordpress\/ -->\n<title>FACE GUARD SUNSCREEN STICK SPF50 14GR - VITANET ALBANIA<\/title>\n<meta name=\"robots\" content=\"index, follow, max-snippet:-1, max-image-preview:large, max-video-preview:-1\" \/>\n<link rel=\"canonical\" href=\"https:\/\/vitanet.al\/sq\/product\/face-guard-sunscreen-stick-spf50-14gr\/\" \/>\n<meta property=\"og:locale\" content=\"sq_AL\" \/>\n<meta property=\"og:type\" content=\"article\" \/>\n<meta property=\"og:title\" content=\"FACE GUARD SUNSCREEN STICK SPF50 14GR - VITANET ALBANIA\" \/>\n<meta property=\"og:description\" content=\"Face Guard Sunscreen Stick SPF50 14g Kremi mbrojt\u00ebs nga dielli Australian Gold Face Guard Sunscreen Stick SPF50 14g u zhvillua posa\u00e7\u00ebrisht p\u00ebr t\u00eb ofruar mbrojtje t\u00eb nivelit t\u00eb lart\u00eb p\u00ebr zonat m\u00eb t\u00eb ndjeshme t\u00eb l\u00ebkur\u00ebs s\u00eb fytyr\u00ebs dhe trupit. N\u00eb fakt, ky produkt \u00ebsht\u00eb ideal p\u00ebr t\u00eb mbrojtur zona si hunda, vesh\u00ebt apo edhe [&hellip;]\" \/>\n<meta property=\"og:url\" content=\"https:\/\/vitanet.al\/sq\/product\/face-guard-sunscreen-stick-spf50-14gr\/\" \/>\n<meta property=\"og:site_name\" content=\"VITANET ALBANIA\" \/>\n<meta property=\"article:modified_time\" content=\"2026-04-22T14:40:08+00:00\" \/>\n<meta property=\"og:image\" content=\"https:\/\/vitanet.al\/wp-content\/uploads\/2026\/04\/MyPost-102.webp\" \/>\n\t<meta property=\"og:image:width\" content=\"1080\" \/>\n\t<meta property=\"og:image:height\" content=\"1080\" \/>\n\t<meta property=\"og:image:type\" content=\"image\/webp\" \/>\n<meta name=\"twitter:card\" content=\"summary_large_image\" \/>\n<meta name=\"twitter:label1\" content=\"Est. reading time\" \/>\n\t<meta name=\"twitter:data1\" content=\"1 minute\" \/>\n<script type=\"application\/ld+json\" class=\"yoast-schema-graph\">{\"@context\":\"https:\\\/\\\/schema.org\",\"@graph\":[{\"@type\":\"WebPage\",\"@id\":\"https:\\\/\\\/vitanet.al\\\/sq\\\/product\\\/face-guard-sunscreen-stick-spf50-14gr\\\/\",\"url\":\"https:\\\/\\\/vitanet.al\\\/sq\\\/product\\\/face-guard-sunscreen-stick-spf50-14gr\\\/\",\"name\":\"FACE GUARD SUNSCREEN STICK SPF50 14GR - VITANET ALBANIA\",\"isPartOf\":{\"@id\":\"https:\\\/\\\/vitanet.al\\\/sq\\\/#website\"},\"primaryImageOfPage\":{\"@id\":\"https:\\\/\\\/vitanet.al\\\/sq\\\/product\\\/face-guard-sunscreen-stick-spf50-14gr\\\/#primaryimage\"},\"image\":{\"@id\":\"https:\\\/\\\/vitanet.al\\\/sq\\\/product\\\/face-guard-sunscreen-stick-spf50-14gr\\\/#primaryimage\"},\"thumbnailUrl\":\"https:\\\/\\\/vitanet.al\\\/wp-content\\\/uploads\\\/2026\\\/04\\\/MyPost-102.webp\",\"datePublished\":\"2026-04-22T14:38:35+00:00\",\"dateModified\":\"2026-04-22T14:40:08+00:00\",\"breadcrumb\":{\"@id\":\"https:\\\/\\\/vitanet.al\\\/sq\\\/product\\\/face-guard-sunscreen-stick-spf50-14gr\\\/#breadcrumb\"},\"inLanguage\":\"sq-AL\",\"potentialAction\":[{\"@type\":\"ReadAction\",\"target\":[\"https:\\\/\\\/vitanet.al\\\/sq\\\/product\\\/face-guard-sunscreen-stick-spf50-14gr\\\/\"]}]},{\"@type\":\"ImageObject\",\"inLanguage\":\"sq-AL\",\"@id\":\"https:\\\/\\\/vitanet.al\\\/sq\\\/product\\\/face-guard-sunscreen-stick-spf50-14gr\\\/#primaryimage\",\"url\":\"https:\\\/\\\/vitanet.al\\\/wp-content\\\/uploads\\\/2026\\\/04\\\/MyPost-102.webp\",\"contentUrl\":\"https:\\\/\\\/vitanet.al\\\/wp-content\\\/uploads\\\/2026\\\/04\\\/MyPost-102.webp\",\"width\":1080,\"height\":1080},{\"@type\":\"BreadcrumbList\",\"@id\":\"https:\\\/\\\/vitanet.al\\\/sq\\\/product\\\/face-guard-sunscreen-stick-spf50-14gr\\\/#breadcrumb\",\"itemListElement\":[{\"@type\":\"ListItem\",\"position\":1,\"name\":\"Home\",\"item\":\"https:\\\/\\\/vitanet.al\\\/sq\\\/\"},{\"@type\":\"ListItem\",\"position\":2,\"name\":\"Shop\",\"item\":\"https:\\\/\\\/vitanet.al\\\/sq\\\/shop\\\/\"},{\"@type\":\"ListItem\",\"position\":3,\"name\":\"FACE GUARD SUNSCREEN STICK SPF50 14GR\"}]},{\"@type\":\"WebSite\",\"@id\":\"https:\\\/\\\/vitanet.al\\\/sq\\\/#website\",\"url\":\"https:\\\/\\\/vitanet.al\\\/sq\\\/\",\"name\":\"VITANET ALBANIA\",\"description\":\"\",\"publisher\":{\"@id\":\"https:\\\/\\\/vitanet.al\\\/sq\\\/#organization\"},\"potentialAction\":[{\"@type\":\"SearchAction\",\"target\":{\"@type\":\"EntryPoint\",\"urlTemplate\":\"https:\\\/\\\/vitanet.al\\\/sq\\\/?s={search_term_string}\"},\"query-input\":{\"@type\":\"PropertyValueSpecification\",\"valueRequired\":true,\"valueName\":\"search_term_string\"}}],\"inLanguage\":\"sq-AL\"},{\"@type\":\"Organization\",\"@id\":\"https:\\\/\\\/vitanet.al\\\/sq\\\/#organization\",\"name\":\"VITANET ALBANIA\",\"url\":\"https:\\\/\\\/vitanet.al\\\/sq\\\/\",\"logo\":{\"@type\":\"ImageObject\",\"inLanguage\":\"sq-AL\",\"@id\":\"https:\\\/\\\/vitanet.al\\\/sq\\\/#\\\/schema\\\/logo\\\/image\\\/\",\"url\":\"https:\\\/\\\/vitanet.al\\\/wp-content\\\/uploads\\\/2022\\\/02\\\/Vitanet_Logo-scaled.webp\",\"contentUrl\":\"https:\\\/\\\/vitanet.al\\\/wp-content\\\/uploads\\\/2022\\\/02\\\/Vitanet_Logo-scaled.webp\",\"width\":2560,\"height\":714,\"caption\":\"VITANET ALBANIA\"},\"image\":{\"@id\":\"https:\\\/\\\/vitanet.al\\\/sq\\\/#\\\/schema\\\/logo\\\/image\\\/\"}}]}<\/script>\n<!-- \/ Yoast SEO plugin. -->","yoast_head_json":{"title":"FACE GUARD SUNSCREEN STICK SPF50 14GR - VITANET ALBANIA","robots":{"index":"index","follow":"follow","max-snippet":"max-snippet:-1","max-image-preview":"max-image-preview:large","max-video-preview":"max-video-preview:-1"},"canonical":"https:\/\/vitanet.al\/sq\/product\/face-guard-sunscreen-stick-spf50-14gr\/","og_locale":"sq_AL","og_type":"article","og_title":"FACE GUARD SUNSCREEN STICK SPF50 14GR - VITANET ALBANIA","og_description":"Face Guard Sunscreen Stick SPF50 14g Kremi mbrojt\u00ebs nga dielli Australian Gold Face Guard Sunscreen Stick SPF50 14g u zhvillua posa\u00e7\u00ebrisht p\u00ebr t\u00eb ofruar mbrojtje t\u00eb nivelit t\u00eb lart\u00eb p\u00ebr zonat m\u00eb t\u00eb ndjeshme t\u00eb l\u00ebkur\u00ebs s\u00eb fytyr\u00ebs dhe trupit. N\u00eb fakt, ky produkt \u00ebsht\u00eb ideal p\u00ebr t\u00eb mbrojtur zona si hunda, vesh\u00ebt apo edhe [&hellip;]","og_url":"https:\/\/vitanet.al\/sq\/product\/face-guard-sunscreen-stick-spf50-14gr\/","og_site_name":"VITANET ALBANIA","article_modified_time":"2026-04-22T14:40:08+00:00","og_image":[{"width":1080,"height":1080,"url":"https:\/\/vitanet.al\/wp-content\/uploads\/2026\/04\/MyPost-102.webp","type":"image\/webp"}],"twitter_card":"summary_large_image","twitter_misc":{"Est. reading time":"1 minute"},"schema":{"@context":"https:\/\/schema.org","@graph":[{"@type":"WebPage","@id":"https:\/\/vitanet.al\/sq\/product\/face-guard-sunscreen-stick-spf50-14gr\/","url":"https:\/\/vitanet.al\/sq\/product\/face-guard-sunscreen-stick-spf50-14gr\/","name":"FACE GUARD SUNSCREEN STICK SPF50 14GR - VITANET ALBANIA","isPartOf":{"@id":"https:\/\/vitanet.al\/sq\/#website"},"primaryImageOfPage":{"@id":"https:\/\/vitanet.al\/sq\/product\/face-guard-sunscreen-stick-spf50-14gr\/#primaryimage"},"image":{"@id":"https:\/\/vitanet.al\/sq\/product\/face-guard-sunscreen-stick-spf50-14gr\/#primaryimage"},"thumbnailUrl":"https:\/\/vitanet.al\/wp-content\/uploads\/2026\/04\/MyPost-102.webp","datePublished":"2026-04-22T14:38:35+00:00","dateModified":"2026-04-22T14:40:08+00:00","breadcrumb":{"@id":"https:\/\/vitanet.al\/sq\/product\/face-guard-sunscreen-stick-spf50-14gr\/#breadcrumb"},"inLanguage":"sq-AL","potentialAction":[{"@type":"ReadAction","target":["https:\/\/vitanet.al\/sq\/product\/face-guard-sunscreen-stick-spf50-14gr\/"]}]},{"@type":"ImageObject","inLanguage":"sq-AL","@id":"https:\/\/vitanet.al\/sq\/product\/face-guard-sunscreen-stick-spf50-14gr\/#primaryimage","url":"https:\/\/vitanet.al\/wp-content\/uploads\/2026\/04\/MyPost-102.webp","contentUrl":"https:\/\/vitanet.al\/wp-content\/uploads\/2026\/04\/MyPost-102.webp","width":1080,"height":1080},{"@type":"BreadcrumbList","@id":"https:\/\/vitanet.al\/sq\/product\/face-guard-sunscreen-stick-spf50-14gr\/#breadcrumb","itemListElement":[{"@type":"ListItem","position":1,"name":"Home","item":"https:\/\/vitanet.al\/sq\/"},{"@type":"ListItem","position":2,"name":"Shop","item":"https:\/\/vitanet.al\/sq\/shop\/"},{"@type":"ListItem","position":3,"name":"FACE GUARD SUNSCREEN STICK SPF50 14GR"}]},{"@type":"WebSite","@id":"https:\/\/vitanet.al\/sq\/#website","url":"https:\/\/vitanet.al\/sq\/","name":"VITANET ALBANIA","description":"","publisher":{"@id":"https:\/\/vitanet.al\/sq\/#organization"},"potentialAction":[{"@type":"SearchAction","target":{"@type":"EntryPoint","urlTemplate":"https:\/\/vitanet.al\/sq\/?s={search_term_string}"},"query-input":{"@type":"PropertyValueSpecification","valueRequired":true,"valueName":"search_term_string"}}],"inLanguage":"sq-AL"},{"@type":"Organization","@id":"https:\/\/vitanet.al\/sq\/#organization","name":"VITANET ALBANIA","url":"https:\/\/vitanet.al\/sq\/","logo":{"@type":"ImageObject","inLanguage":"sq-AL","@id":"https:\/\/vitanet.al\/sq\/#\/schema\/logo\/image\/","url":"https:\/\/vitanet.al\/wp-content\/uploads\/2022\/02\/Vitanet_Logo-scaled.webp","contentUrl":"https:\/\/vitanet.al\/wp-content\/uploads\/2022\/02\/Vitanet_Logo-scaled.webp","width":2560,"height":714,"caption":"VITANET ALBANIA"},"image":{"@id":"https:\/\/vitanet.al\/sq\/#\/schema\/logo\/image\/"}}]}},"_links":{"self":[{"href":"https:\/\/vitanet.al\/sq\/wp-json\/wp\/v2\/product\/9372","targetHints":{"allow":["GET"]}}],"collection":[{"href":"https:\/\/vitanet.al\/sq\/wp-json\/wp\/v2\/product"}],"about":[{"href":"https:\/\/vitanet.al\/sq\/wp-json\/wp\/v2\/types\/product"}],"version-history":[{"count":1,"href":"https:\/\/vitanet.al\/sq\/wp-json\/wp\/v2\/product\/9372\/revisions"}],"predecessor-version":[{"id":9375,"href":"https:\/\/vitanet.al\/sq\/wp-json\/wp\/v2\/product\/9372\/revisions\/9375"}],"wp:featuredmedia":[{"embeddable":true,"href":"https:\/\/vitanet.al\/sq\/wp-json\/wp\/v2\/media\/9376"}],"wp:attachment":[{"href":"https:\/\/vitanet.al\/sq\/wp-json\/wp\/v2\/media?parent=9372"}],"wp:term":[{"taxonomy":"product_brand","embeddable":true,"href":"https:\/\/vitanet.al\/sq\/wp-json\/wp\/v2\/product_brand?post=9372"},{"taxonomy":"product_cat","embeddable":true,"href":"https:\/\/vitanet.al\/sq\/wp-json\/wp\/v2\/product_cat?post=9372"},{"taxonomy":"product_tag","embeddable":true,"href":"https:\/\/vitanet.al\/sq\/wp-json\/wp\/v2\/product_tag?post=9372"}],"curies":[{"name":"wp","href":"https:\/\/api.w.org\/{rel}","templated":true}]}}